{"id":50806,"date":"2024-05-02T15:51:17","date_gmt":"2024-05-02T15:51:17","guid":{"rendered":"https:\/\/e.kosmolat.eu\/product\/artcolor-henna-bezkrasaina-25-g\/"},"modified":"2025-09-19T15:21:21","modified_gmt":"2025-09-19T15:21:21","slug":"artcolor-henna-bezkrasaina-25-g","status":"publish","type":"product","link":"https:\/\/e.kosmolat.eu\/lv\/product\/artcolor-henna-bezkrasaina-25-g\/","title":{"rendered":"&#8220;Artcolor&#8221; Henna bezkr\u0101sain\u0101, 25 g"},"content":{"rendered":"<p>Efekt\u012bvs fito &#8211; l\u012bdzeklis matiem, sejas un \u0137erme\u0146a \u0101dai. <\/p>\n<p>LIETO\u0160ANA: 25-50 g. ievieto trauk\u0101 , pievienot \u016bdeni 90\u00b0-100\u00b0 C un maisot ar oti\u0146as pal\u012bdz\u012bbu izveidot masu l\u012bdz kr\u0113jumveida konsistencei. Lab\u0101kam rezult\u0101tam var pievienot 1 t\u0113jkar. citronu sulu. Pirms lieto\u0161anas masu patur\u0113t 20 minutes trauk\u0101. Matiem: vienm\u0113r\u012bgi uzkl\u0101t  matiem. Tad uzvilkt galv\u0101 siltu cepur\u012bti, p\u0113c 15-20min. mati j\u0101izmazg\u0101 ar siltu \u016bdeni un izsusin\u0101t matus. Sejas maska: uzkl\u0101t uz 15-20min., nomazg\u0101t ar siltu \u016bdeni, p\u0113c tam uzkl\u0101t barojo\u0161u kr\u0113mu. Vannai: iz\u0161\u0137\u012bdin\u0101t sagatav. masu (25-50g) vann\u0101 \u016bden\u012b. Vanno\u0161an\u0101s laiks 20-30 min. Piem\u012bt pretiekaisuma, att\u012bro\u0161a, m\u012bkstino\u0161a iedarb\u012bba. <\/p>\n","protected":false},"excerpt":{"rendered":"<p>Efekt\u012bvs fito &#8211; l\u012bdzeklis matiem, sejas un \u0137erme\u0146a \u0101dai. LIETO\u0160ANA: 25-50 g. ievieto trauk\u0101 , pievienot \u016bdeni 90\u00b0-100\u00b0 C un maisot ar oti\u0146as pal\u012bdz\u012bbu izveidot masu l\u012bdz kr\u0113jumveida konsistencei. Lab\u0101kam rezult\u0101tam var pievienot 1 t\u0113jkar. citronu sulu. Pirms lieto\u0161anas masu patur\u0113t 20 minutes trauk\u0101. Matiem: vienm\u0113r\u012bgi uzkl\u0101t matiem. Tad uzvilkt galv\u0101 siltu cepur\u012bti, p\u0113c 15-20min. [&#8230;]\n","protected":false},"featured_media":78666,"template":"","meta":[],"product_cat":[1658],"product_tag":[],"class_list":{"0":"post-50806","1":"product","2":"type-product","3":"status-publish","4":"has-post-thumbnail","6":"product_brand-malina-akcija","7":"product_cat-henna-un-basma","9":"first","10":"outofstock","11":"taxable","12":"shipping-taxable","13":"product-type-simple"},"_links":{"self":[{"href":"https:\/\/e.kosmolat.eu\/lv\/wp-json\/wp\/v2\/product\/50806","targetHints":{"allow":["GET"]}}],"collection":[{"href":"https:\/\/e.kosmolat.eu\/lv\/wp-json\/wp\/v2\/product"}],"about":[{"href":"https:\/\/e.kosmolat.eu\/lv\/wp-json\/wp\/v2\/types\/product"}],"wp:featuredmedia":[{"embeddable":true,"href":"https:\/\/e.kosmolat.eu\/lv\/wp-json\/wp\/v2\/media\/78666"}],"wp:attachment":[{"href":"https:\/\/e.kosmolat.eu\/lv\/wp-json\/wp\/v2\/media?parent=50806"}],"wp:term":[{"taxonomy":"product_cat","embeddable":true,"href":"https:\/\/e.kosmolat.eu\/lv\/wp-json\/wp\/v2\/product_cat?post=50806"},{"taxonomy":"product_tag","embeddable":true,"href":"https:\/\/e.kosmolat.eu\/lv\/wp-json\/wp\/v2\/product_tag?post=50806"}],"curies":[{"name":"wp","href":"https:\/\/api.w.org\/{rel}","templated":true}]}}