{"id":50779,"date":"2024-04-30T10:06:25","date_gmt":"2024-04-30T10:06:25","guid":{"rendered":"https:\/\/e.kosmolat.eu\/product\/%d1%81u%d0%b2%d0%bes%d0%be%d1%82%d0%baa-i%d1%83%d1%81%d1%82%d0%b5s-age-expert-ae%d1%8f-%d0%b7s%d0%b5e%d0%be%d0%b9-%d0%ba%d0%beec-20-%d0%bce-%d1%81%d0%b5scc-microbiome-balance\/"},"modified":"2025-09-20T04:18:21","modified_gmt":"2025-09-20T04:18:21","slug":"claire-microbiome-bal-serums-bust-age-expert-nobriedus-adai-20-ml","status":"publish","type":"product","link":"https:\/\/e.kosmolat.eu\/lv\/product\/claire-microbiome-bal-serums-bust-age-expert-nobriedus-adai-20-ml\/","title":{"rendered":"CLAIRE Microbiome Bal. Serums-b\u016bst. Age Expert nobriedu\u0161. \u0101dai, 20 ml"},"content":{"rendered":"<p>Efekt\u012bvi c\u012bn\u0101s ar vecumu saist\u012bt\u0101m izmai\u0146\u0101m, paaugstina \u0101das tvirtumu un elast\u012bbu. Pateicoties \u017eelejveida tekst\u016brai, akt\u012bv\u0101s vielas iek\u013c\u016bst dzi\u013cajos epidermas sl\u0101\u0146os, mitrina un izl\u012bdzina \u0101das toni. Augsti koncentr\u0113t\u0101 seruma formula \u013cauj ieg\u016bt redzamus rezult\u0101tus jau p\u0113c da\u017e\u0101m lieto&scaron;anas reiz\u0113m.<\/p>\n<ul>\n<li><strong>2 PREBIO.<\/strong> Unik\u0101l\u0101 divu prebiotiku kombin\u0101cija atjauno \u0101das dabisko mikrobiomu. Komplekss nodro&scaron;ina labv\u0113l\u012bgu vidi probiotiku att\u012bst\u012bbai un aug&scaron;anai, t\u0101d\u0113j\u0101di mazinot patog\u0113no bakt\u0113riju aug&scaron;anu. Rezult\u0101t\u0101 &#8211; skaista un vesel\u012bga \u0101da.<\/li>\n<li><strong>INNOVAT\u012aVAIS KOMPLEKSS TENS&#39;UP&trade;.<\/strong>&nbsp;Atjauno dabiskos kolag\u0113na un elast\u012bna ra\u017eo&scaron;anas procesus. \u0100da k\u013c\u016bst elast\u012bga, svaiga un jauna. Samazin\u0101s grumbu dzi\u013cums un redzam\u012bba.<\/li>\n<li><strong>HIALURONSK\u0100BE.<\/strong> Da\u017e\u0101du molekulmasu hialuronsk\u0101bes kombin\u0101cija nodro&scaron;ina \u0101tru un efekt\u012bvu mitrin\u0101&scaron;anu &scaron;\u016bnu l\u012bmen\u012b.<\/li>\n<\/ul>\n<p><strong>Lieto&scaron;ana: <\/strong>uzkl\u0101jiet serumu ar viegl\u0101m masejo&scaron;\u0101m kust\u012bb\u0101m uz iepriek&scaron; att\u012br\u012btas un toniz\u0113tas sejas \u0101das. Sadaliet ar viegl\u0101m mas\u0113jo&scaron;\u0101m kust\u012bb\u0101m l\u012bdz piln\u012bb\u0101 uzs\u016bcas.<\/p>\n<p>Nav test\u0113ts uz dz\u012bvniekiem.<\/p>\n<p>Uzglab\u0101t temperat\u016br\u0101 no +5 &deg;C l\u012bdz +25 &deg;C.<br \/>\n&nbsp;<\/p>\n","protected":false},"excerpt":{"rendered":"<p>Efekt\u012bvi c\u012bn\u0101s ar vecumu saist\u012bt\u0101m izmai\u0146\u0101m, paaugstina \u0101das tvirtumu un elast\u012bbu. Pateicoties \u017eelejveida tekst\u016brai, akt\u012bv\u0101s vielas iek\u013c\u016bst dzi\u013cajos epidermas sl\u0101\u0146os, mitrina un izl\u012bdzina \u0101das toni. Augsti koncentr\u0113t\u0101 seruma formula \u013cauj ieg\u016bt redzamus rezult\u0101tus jau p\u0113c da\u017e\u0101m lieto&scaron;anas reiz\u0113m. 2 PREBIO. Unik\u0101l\u0101 divu prebiotiku kombin\u0101cija atjauno \u0101das dabisko mikrobiomu. Komplekss nodro&scaron;ina labv\u0113l\u012bgu vidi probiotiku att\u012bst\u012bbai un [&#8230;]\n","protected":false},"featured_media":91750,"template":"","meta":[],"product_cat":[1328],"product_tag":[],"class_list":{"0":"post-50779","1":"product","2":"type-product","3":"status-publish","4":"has-post-thumbnail","6":"product_brand-dilis-kosmetik_by","7":"product_cat-1328","9":"first","10":"outofstock","11":"taxable","12":"shipping-taxable","13":"product-type-simple"},"_links":{"self":[{"href":"https:\/\/e.kosmolat.eu\/lv\/wp-json\/wp\/v2\/product\/50779","targetHints":{"allow":["GET"]}}],"collection":[{"href":"https:\/\/e.kosmolat.eu\/lv\/wp-json\/wp\/v2\/product"}],"about":[{"href":"https:\/\/e.kosmolat.eu\/lv\/wp-json\/wp\/v2\/types\/product"}],"wp:featuredmedia":[{"embeddable":true,"href":"https:\/\/e.kosmolat.eu\/lv\/wp-json\/wp\/v2\/media\/91750"}],"wp:attachment":[{"href":"https:\/\/e.kosmolat.eu\/lv\/wp-json\/wp\/v2\/media?parent=50779"}],"wp:term":[{"taxonomy":"product_cat","embeddable":true,"href":"https:\/\/e.kosmolat.eu\/lv\/wp-json\/wp\/v2\/product_cat?post=50779"},{"taxonomy":"product_tag","embeddable":true,"href":"https:\/\/e.kosmolat.eu\/lv\/wp-json\/wp\/v2\/product_tag?post=50779"}],"curies":[{"name":"wp","href":"https:\/\/api.w.org\/{rel}","templated":true}]}}