{"id":50698,"date":"2024-04-26T04:05:02","date_gmt":"2024-04-26T04:05:02","guid":{"rendered":"https:\/\/e.kosmolat.eu\/product\/relouis-nude-matte-skidr-mateta-lupu-kr-tonis-24-4-5-g\/"},"modified":"2025-09-20T04:56:39","modified_gmt":"2025-09-20T04:56:39","slug":"relouis-nude-24-matte-skidr-mateta-lupu-kr-4-5-g","status":"publish","type":"product","link":"https:\/\/e.kosmolat.eu\/lv\/product\/relouis-nude-24-matte-skidr-mateta-lupu-kr-4-5-g\/","title":{"rendered":"RELOUIS NUDE 24  Matte \u0160\u0137idr. mat\u0113ta l\u016bpu kr, 4.5 g"},"content":{"rendered":"<p><strong>Lieto&scaron;ana:<\/strong> uzkl\u0101t uz l\u016bp\u0101m ar aplikatora pal\u012bdz\u012bbu.&nbsp;<\/p>\n<p>Uzglab\u0101t temperat\u016br\u0101 no +5 &deg;\u0421 l\u012bdz +30 &deg;\u0421.<br \/>\n&nbsp;<\/p>\n","protected":false},"excerpt":{"rendered":"<p>Lieto&scaron;ana: uzkl\u0101t uz l\u016bp\u0101m ar aplikatora pal\u012bdz\u012bbu.&nbsp; Uzglab\u0101t temperat\u016br\u0101 no +5 &deg;\u0421 l\u012bdz +30 &deg;\u0421. &nbsp;<\/p>\n","protected":false},"featured_media":92354,"template":"","meta":[],"product_cat":[1269],"product_tag":[],"class_list":{"0":"post-50698","1":"product","2":"type-product","3":"status-publish","4":"has-post-thumbnail","6":"product_brand-relui-bel_by","7":"product_cat-lupu-dazai","9":"first","10":"outofstock","11":"taxable","12":"shipping-taxable","13":"product-type-simple"},"_links":{"self":[{"href":"https:\/\/e.kosmolat.eu\/lv\/wp-json\/wp\/v2\/product\/50698","targetHints":{"allow":["GET"]}}],"collection":[{"href":"https:\/\/e.kosmolat.eu\/lv\/wp-json\/wp\/v2\/product"}],"about":[{"href":"https:\/\/e.kosmolat.eu\/lv\/wp-json\/wp\/v2\/types\/product"}],"wp:featuredmedia":[{"embeddable":true,"href":"https:\/\/e.kosmolat.eu\/lv\/wp-json\/wp\/v2\/media\/92354"}],"wp:attachment":[{"href":"https:\/\/e.kosmolat.eu\/lv\/wp-json\/wp\/v2\/media?parent=50698"}],"wp:term":[{"taxonomy":"product_cat","embeddable":true,"href":"https:\/\/e.kosmolat.eu\/lv\/wp-json\/wp\/v2\/product_cat?post=50698"},{"taxonomy":"product_tag","embeddable":true,"href":"https:\/\/e.kosmolat.eu\/lv\/wp-json\/wp\/v2\/product_tag?post=50698"}],"curies":[{"name":"wp","href":"https:\/\/api.w.org\/{rel}","templated":true}]}}