{"id":50546,"date":"2024-04-25T04:05:53","date_gmt":"2024-04-25T04:05:53","guid":{"rendered":"https:\/\/e.kosmolat.eu\/product\/shary-matejosas-salvetes-zala-teja-problematiskai-adai-12-g\/"},"modified":"2025-09-19T20:09:38","modified_gmt":"2025-09-19T20:09:38","slug":"shary-matejosas-salvetes-zala-teja-problematiskai-adai-12-g","status":"publish","type":"product","link":"https:\/\/e.kosmolat.eu\/lv\/product\/shary-matejosas-salvetes-zala-teja-problematiskai-adai-12-g\/","title":{"rendered":"Shary Mat\u0113jo\u0161\u0101s salvetes &#8220;Za\u013c\u0101 t\u0113ja&#8221; problem\u0101tiskai \u0101dai, 12 g"},"content":{"rendered":"<p>Problem\u0101tiskai \u0101dai. Acumirkl\u012b no\u0146em taukainu sp\u012bdumu. Mat\u0113 un atsvaidzina visas dienas garum\u0101. Saglab\u0101 lielisku makij\u0101\u017eas st\u0101vokli. Za\u013c\u0101s t\u0113jas ekstrakts. Vulk\u0101niskie pelni. Lieto\u0161ana: iz\u0146emiet salveti no iepakojuma un nosusiniet problem\u0101tiskos \u0101das laukumus. Vienreiz\u0113j\u0101s salvetes, atk\u0101rtota lieto\u0161ana nav pie\u013caujama. Tikai \u0101r\u012bgai lieto\u0161anai. Izvair\u012bties no kontakta ar ac\u012bm. Nelietot uz boj\u0101tas un kairin\u0101tas \u0101das. Uzglab\u0101t saus\u0101 un b\u0113rniem nepieejam\u0101 viet\u0101.<br \/>\n&nbsp;<\/p>\n","protected":false},"excerpt":{"rendered":"<p>Problem\u0101tiskai \u0101dai. Acumirkl\u012b no\u0146em taukainu sp\u012bdumu. Mat\u0113 un atsvaidzina visas dienas garum\u0101. Saglab\u0101 lielisku makij\u0101\u017eas st\u0101vokli. Za\u013c\u0101s t\u0113jas ekstrakts. Vulk\u0101niskie pelni. Lieto\u0161ana: iz\u0146emiet salveti no iepakojuma un nosusiniet problem\u0101tiskos \u0101das laukumus. Vienreiz\u0113j\u0101s salvetes, atk\u0101rtota lieto\u0161ana nav pie\u013caujama. Tikai \u0101r\u012bgai lieto\u0161anai. Izvair\u012bties no kontakta ar ac\u012bm. Nelietot uz boj\u0101tas un kairin\u0101tas \u0101das. Uzglab\u0101t saus\u0101 un b\u0113rniem [&#8230;]\n","protected":false},"featured_media":83666,"template":"","meta":[],"product_cat":[1339],"product_tag":[],"class_list":{"0":"post-50546","1":"product","2":"type-product","3":"status-publish","4":"has-post-thumbnail","6":"product_brand-malina-akcija","7":"product_cat-attirosas-maskas","9":"first","10":"outofstock","11":"taxable","12":"shipping-taxable","13":"product-type-simple"},"_links":{"self":[{"href":"https:\/\/e.kosmolat.eu\/lv\/wp-json\/wp\/v2\/product\/50546","targetHints":{"allow":["GET"]}}],"collection":[{"href":"https:\/\/e.kosmolat.eu\/lv\/wp-json\/wp\/v2\/product"}],"about":[{"href":"https:\/\/e.kosmolat.eu\/lv\/wp-json\/wp\/v2\/types\/product"}],"wp:featuredmedia":[{"embeddable":true,"href":"https:\/\/e.kosmolat.eu\/lv\/wp-json\/wp\/v2\/media\/83666"}],"wp:attachment":[{"href":"https:\/\/e.kosmolat.eu\/lv\/wp-json\/wp\/v2\/media?parent=50546"}],"wp:term":[{"taxonomy":"product_cat","embeddable":true,"href":"https:\/\/e.kosmolat.eu\/lv\/wp-json\/wp\/v2\/product_cat?post=50546"},{"taxonomy":"product_tag","embeddable":true,"href":"https:\/\/e.kosmolat.eu\/lv\/wp-json\/wp\/v2\/product_tag?post=50546"}],"curies":[{"name":"wp","href":"https:\/\/api.w.org\/{rel}","templated":true}]}}