{"id":50526,"date":"2024-04-25T04:05:04","date_gmt":"2024-04-25T04:05:04","guid":{"rendered":"https:\/\/e.kosmolat.eu\/product\/cl-zeleja-sejas-mazgasanai-ideala-ada-100-ml\/"},"modified":"2025-09-19T17:05:31","modified_gmt":"2025-09-19T17:05:31","slug":"cl-zeleja-sejas-mazgasanai-ideala-ada-100-ml","status":"publish","type":"product","link":"https:\/\/e.kosmolat.eu\/lv\/product\/cl-zeleja-sejas-mazgasanai-ideala-ada-100-ml\/","title":{"rendered":"CL  \u017deleja sejas mazg\u0101\u0161anai &#8220;Ide\u0101la \u0101da&#8221;, 100 ml"},"content":{"rendered":"<p>Dzi\u013cas iedarb\u012bbas sejas mazg\u0101\u0161anas \u017eeleja efekt\u012bvi nov\u0113r\u0161 pumpas un \u0101das nepiln\u012bbas.<br \/>\n\u0100das probl\u0113mu risin\u0101jums bez sausuma saj\u016btas. Ieteicams problem\u0101tiskai \u0101dai. Maz\u0101k pumpu jau p\u0113c 3 dien\u0101m. Ide\u0101li t\u012bra un l\u012bdzena \u0101da.<\/p>\n<p><strong>Lieto\u0161ana:<\/strong> saputojiet plaukst\u0101s nelielu \u017eelejas daudzumu, uzkl\u0101jiet uz mitras sejas, pamas\u0113jiet un nomazg\u0101jiet. Iek\u013c\u016bstot ac\u012bs, r\u016bp\u012bgi izskalojiet ar \u016bdeni. Ir pie\u013caujamas nelielas l\u012bdzek\u013ca kr\u0101sa izmai\u0146as, kas neietekm\u0113 produkta kvalit\u0101ti un dro\u0161umu. Nav \u0101rstniecisks l\u012bdzeklis.<br \/>\n&nbsp;<\/p>\n","protected":false},"excerpt":{"rendered":"<p>Dzi\u013cas iedarb\u012bbas sejas mazg\u0101\u0161anas \u017eeleja efekt\u012bvi nov\u0113r\u0161 pumpas un \u0101das nepiln\u012bbas. \u0100das probl\u0113mu risin\u0101jums bez sausuma saj\u016btas. Ieteicams problem\u0101tiskai \u0101dai. Maz\u0101k pumpu jau p\u0113c 3 dien\u0101m. Ide\u0101li t\u012bra un l\u012bdzena \u0101da. Lieto\u0161ana: saputojiet plaukst\u0101s nelielu \u017eelejas daudzumu, uzkl\u0101jiet uz mitras sejas, pamas\u0113jiet un nomazg\u0101jiet. Iek\u013c\u016bstot ac\u012bs, r\u016bp\u012bgi izskalojiet ar \u016bdeni. Ir pie\u013caujamas nelielas l\u012bdzek\u013ca kr\u0101sa [&#8230;]\n","protected":false},"featured_media":80446,"template":"","meta":[],"product_cat":[1577],"product_tag":[],"class_list":{"0":"post-50526","1":"product","2":"type-product","3":"status-publish","4":"has-post-thumbnail","6":"product_brand-unilever-rus","7":"product_cat-gelis","9":"first","10":"outofstock","11":"taxable","12":"shipping-taxable","13":"product-type-simple"},"_links":{"self":[{"href":"https:\/\/e.kosmolat.eu\/lv\/wp-json\/wp\/v2\/product\/50526","targetHints":{"allow":["GET"]}}],"collection":[{"href":"https:\/\/e.kosmolat.eu\/lv\/wp-json\/wp\/v2\/product"}],"about":[{"href":"https:\/\/e.kosmolat.eu\/lv\/wp-json\/wp\/v2\/types\/product"}],"wp:featuredmedia":[{"embeddable":true,"href":"https:\/\/e.kosmolat.eu\/lv\/wp-json\/wp\/v2\/media\/80446"}],"wp:attachment":[{"href":"https:\/\/e.kosmolat.eu\/lv\/wp-json\/wp\/v2\/media?parent=50526"}],"wp:term":[{"taxonomy":"product_cat","embeddable":true,"href":"https:\/\/e.kosmolat.eu\/lv\/wp-json\/wp\/v2\/product_cat?post=50526"},{"taxonomy":"product_tag","embeddable":true,"href":"https:\/\/e.kosmolat.eu\/lv\/wp-json\/wp\/v2\/product_tag?post=50526"}],"curies":[{"name":"wp","href":"https:\/\/api.w.org\/{rel}","templated":true}]}}