{"id":50518,"date":"2024-04-25T04:04:45","date_gmt":"2024-04-25T04:04:45","guid":{"rendered":"https:\/\/e.kosmolat.eu\/product\/cl-krems-atrs-matejums-ideala-ada-50-ml\/"},"modified":"2025-09-19T16:17:28","modified_gmt":"2025-09-19T16:17:28","slug":"cl-krems-atrs-matejums-ideala-ada-50-ml","status":"publish","type":"product","link":"https:\/\/e.kosmolat.eu\/lv\/product\/cl-krems-atrs-matejums-ideala-ada-50-ml\/","title":{"rendered":"CL  Kr\u0113ms &#8220;\u0100trs mat\u0113jums&#8221; &#8220;Ide\u0101la \u0101da&#8221;, 50 ml"},"content":{"rendered":"","protected":false},"excerpt":{"rendered":"","protected":false},"featured_media":79522,"template":"","meta":[],"product_cat":[1323],"product_tag":[],"class_list":{"0":"post-50518","1":"product","2":"type-product","3":"status-publish","4":"has-post-thumbnail","6":"product_brand-unilever-rus","7":"product_cat-1323","9":"first","10":"outofstock","11":"taxable","12":"shipping-taxable","13":"product-type-simple"},"_links":{"self":[{"href":"https:\/\/e.kosmolat.eu\/lv\/wp-json\/wp\/v2\/product\/50518","targetHints":{"allow":["GET"]}}],"collection":[{"href":"https:\/\/e.kosmolat.eu\/lv\/wp-json\/wp\/v2\/product"}],"about":[{"href":"https:\/\/e.kosmolat.eu\/lv\/wp-json\/wp\/v2\/types\/product"}],"wp:featuredmedia":[{"embeddable":true,"href":"https:\/\/e.kosmolat.eu\/lv\/wp-json\/wp\/v2\/media\/79522"}],"wp:attachment":[{"href":"https:\/\/e.kosmolat.eu\/lv\/wp-json\/wp\/v2\/media?parent=50518"}],"wp:term":[{"taxonomy":"product_cat","embeddable":true,"href":"https:\/\/e.kosmolat.eu\/lv\/wp-json\/wp\/v2\/product_cat?post=50518"},{"taxonomy":"product_tag","embeddable":true,"href":"https:\/\/e.kosmolat.eu\/lv\/wp-json\/wp\/v2\/product_tag?post=50518"}],"curies":[{"name":"wp","href":"https:\/\/api.w.org\/{rel}","templated":true}]}}