{"id":50486,"date":"2024-04-25T04:03:44","date_gmt":"2024-04-25T04:03:44","guid":{"rendered":"https:\/\/e.kosmolat.eu\/product\/markell-professional-matu-sprejs-termoaizsardziba-195-ml\/"},"modified":"2025-09-20T09:01:06","modified_gmt":"2025-09-20T09:01:06","slug":"markell-professional-matu-sprejs-termoaizsardziba-195-ml","status":"publish","type":"product","link":"https:\/\/e.kosmolat.eu\/lv\/product\/markell-professional-matu-sprejs-termoaizsardziba-195-ml\/","title":{"rendered":"MARKELL Professional Matu sprejs Termoaizsardz\u012bba, 195 ml"},"content":{"rendered":"<p>Efekt\u012bvi aizsarg\u0101 matus no augstas temperat\u016bras iedarb\u012bbas un no sausuma, trausluma un boj\u0101jumiem.<\/p>\n<p><strong>STYLEZE&trade; CC-10<\/strong> veido elpojo&scaron;u polim\u0113ru pl\u0113vi uz matu virsmas, kas nodro&scaron;ina efekt\u012bvu termisko aizsardz\u012bbu, veidojot matus ar f\u0113nu, matu lokot\u0101ju vai taisnot\u0101ju. Nodro&scaron;ina maigu kop&scaron;anu matiem, atvieglo \u0137emm\u0113&scaron;anu un veido&scaron;anu, k\u0101 ar\u012b ilgsto&scaron;i saglab\u0101 cirtu formu.<br \/>\n<strong>Z\u012aDA EKSTRAKTS<\/strong> atjauno boj\u0101tus matus un to strukt\u016bru vis\u0101 garum\u0101, padarot tos m\u012bkstus, gludus un z\u012bdainus.<br \/>\n<strong>MAKADAMIJAS E\u013b\u013bA<\/strong> stiprina matu folikulus un uzlabo matu aug&scaron;anu. Mitrina matus un efekt\u012bvi nov\u0113r&scaron; trauslumu, pie&scaron;\u0137irot tiem p\u0101rsteidzo&scaron;u sp\u012bdumu un z\u012bdainumu.<\/p>\n<p><strong>Lieto&scaron;ana: <\/strong>izsmidzin\u0101t aerosolu uz mitriem vai sausiem matiem vis\u0101 garum\u0101, ieveidot k\u0101 parasti. Nav nepiecie&scaron;ams noskalot!<\/p>\n<p>Uzglab\u0101t temperat\u016br\u0101 no +5&deg;C l\u012bdz +25&deg;C.<\/p>\n<p><strong>Der\u012bguma termi\u0146&scaron;:<\/strong> 36 m\u0113ne&scaron;i.<br \/>\n&nbsp;<\/p>\n","protected":false},"excerpt":{"rendered":"<p>Efekt\u012bvi aizsarg\u0101 matus no augstas temperat\u016bras iedarb\u012bbas un no sausuma, trausluma un boj\u0101jumiem. STYLEZE&trade; CC-10 veido elpojo&scaron;u polim\u0113ru pl\u0113vi uz matu virsmas, kas nodro&scaron;ina efekt\u012bvu termisko aizsardz\u012bbu, veidojot matus ar f\u0113nu, matu lokot\u0101ju vai taisnot\u0101ju. Nodro&scaron;ina maigu kop&scaron;anu matiem, atvieglo \u0137emm\u0113&scaron;anu un veido&scaron;anu, k\u0101 ar\u012b ilgsto&scaron;i saglab\u0101 cirtu formu. Z\u012aDA EKSTRAKTS atjauno boj\u0101tus matus un [&#8230;]\n","protected":false},"featured_media":91350,"template":"","meta":[],"product_cat":[1400],"product_tag":[],"class_list":{"0":"post-50486","1":"product","2":"type-product","3":"status-publish","4":"has-post-thumbnail","6":"product_brand-markell_by","7":"product_cat-termoaizsardziba","9":"first","10":"outofstock","11":"taxable","12":"shipping-taxable","13":"product-type-simple"},"_links":{"self":[{"href":"https:\/\/e.kosmolat.eu\/lv\/wp-json\/wp\/v2\/product\/50486","targetHints":{"allow":["GET"]}}],"collection":[{"href":"https:\/\/e.kosmolat.eu\/lv\/wp-json\/wp\/v2\/product"}],"about":[{"href":"https:\/\/e.kosmolat.eu\/lv\/wp-json\/wp\/v2\/types\/product"}],"wp:featuredmedia":[{"embeddable":true,"href":"https:\/\/e.kosmolat.eu\/lv\/wp-json\/wp\/v2\/media\/91350"}],"wp:attachment":[{"href":"https:\/\/e.kosmolat.eu\/lv\/wp-json\/wp\/v2\/media?parent=50486"}],"wp:term":[{"taxonomy":"product_cat","embeddable":true,"href":"https:\/\/e.kosmolat.eu\/lv\/wp-json\/wp\/v2\/product_cat?post=50486"},{"taxonomy":"product_tag","embeddable":true,"href":"https:\/\/e.kosmolat.eu\/lv\/wp-json\/wp\/v2\/product_tag?post=50486"}],"curies":[{"name":"wp","href":"https:\/\/api.w.org\/{rel}","templated":true}]}}