{"id":50478,"date":"2024-04-25T04:03:30","date_gmt":"2024-04-25T04:03:30","guid":{"rendered":"https:\/\/e.kosmolat.eu\/product\/markell-everyday-life-styling-matu-kr-sprejs-multi-kopsana-195-ml\/"},"modified":"2025-09-20T03:53:44","modified_gmt":"2025-09-20T03:53:44","slug":"markell-everyday-life-styling-matu-kr-sprejs-multi-kopsana-195-ml","status":"publish","type":"product","link":"https:\/\/e.kosmolat.eu\/lv\/product\/markell-everyday-life-styling-matu-kr-sprejs-multi-kopsana-195-ml\/","title":{"rendered":"MARKELL Everyday Life Styling Matu kr.-sprejs Multi-kop\u0161ana, 195 ml"},"content":{"rendered":"<p>\u012apa&scaron;\u0101 kr\u0113ma-spreja formula ir piem\u0113rota visu matu tipu skaistumam. Katra akt\u012bv\u0101 sast\u0101vda\u013ca &#8211; HIDROLIZ\u0112TAIS KERAT\u012aNS, PANTENOLS &#8211; maksim\u0101li r\u016bp\u0113sies par j\u016bsu matiem, radot \u012bstu multi-kop&scaron;anu.<\/p>\n<p>1. Atjauno matu strukt\u016bru<br \/>\n2. Pie&scaron;\u0137ir sp\u0113ku<br \/>\n3. Nov\u0113r&scaron; p\u016bko&scaron;anos<br \/>\n4. Antistatiska iedarb\u012bba<br \/>\n5. Izl\u012bdzina<br \/>\n6. Atvieglo \u0137emm\u0113&scaron;anu<br \/>\n7. Palielina elast\u012bbu<br \/>\n8. Pie&scaron;\u0137ir dabisku apjomu<br \/>\n9. Pie&scaron;\u0137ir sp\u012bdumu<br \/>\n10. Intens\u012bvi mitrina<br \/>\n11. Baro, nenosver<br \/>\n12. Paaugstina sp\u0113ku un elast\u012bbu<br \/>\n13. Atjauno vitalit\u0101ti<br \/>\n14. Atvieglo veido&scaron;anu<br \/>\n15. Efekt\u012bva termisk\u0101 aizsardz\u012bba<br \/>\n16. Pie&scaron;\u0137ir maigumu un z\u012bdainumu<br \/>\n17. Samazina trauslumu un &scaron;\u0137el&scaron;anos<\/p>\n<p><strong>Lieto&scaron;ana:<\/strong> uzkl\u0101t uz izmazg\u0101tiem un ar dvieli nosusin\u0101tiem matiem, sadaliet vis\u0101 matu garum\u0101. Nav nepiecie&scaron;ams noskalot!<\/p>\n<p>Uzglab\u0101t temperat\u016br\u0101 no +5&deg;C l\u012bdz +25&deg;C.<\/p>\n<p><strong>Der\u012bguma termi\u0146&scaron;: <\/strong>36 m\u0113ne&scaron;i.<br \/>\n&nbsp;<\/p>\n","protected":false},"excerpt":{"rendered":"<p>\u012apa&scaron;\u0101 kr\u0113ma-spreja formula ir piem\u0113rota visu matu tipu skaistumam. Katra akt\u012bv\u0101 sast\u0101vda\u013ca &#8211; HIDROLIZ\u0112TAIS KERAT\u012aNS, PANTENOLS &#8211; maksim\u0101li r\u016bp\u0113sies par j\u016bsu matiem, radot \u012bstu multi-kop&scaron;anu. 1. Atjauno matu strukt\u016bru 2. Pie&scaron;\u0137ir sp\u0113ku 3. Nov\u0113r&scaron; p\u016bko&scaron;anos 4. Antistatiska iedarb\u012bba 5. Izl\u012bdzina 6. Atvieglo \u0137emm\u0113&scaron;anu 7. Palielina elast\u012bbu 8. Pie&scaron;\u0137ir dabisku apjomu 9. Pie&scaron;\u0137ir sp\u012bdumu 10. Intens\u012bvi [&#8230;]\n","protected":false},"featured_media":91346,"template":"","meta":[],"product_cat":[1400],"product_tag":[],"class_list":{"0":"post-50478","1":"product","2":"type-product","3":"status-publish","4":"has-post-thumbnail","6":"product_brand-markell_by","7":"product_cat-termoaizsardziba","9":"first","10":"outofstock","11":"taxable","12":"shipping-taxable","13":"product-type-simple"},"_links":{"self":[{"href":"https:\/\/e.kosmolat.eu\/lv\/wp-json\/wp\/v2\/product\/50478","targetHints":{"allow":["GET"]}}],"collection":[{"href":"https:\/\/e.kosmolat.eu\/lv\/wp-json\/wp\/v2\/product"}],"about":[{"href":"https:\/\/e.kosmolat.eu\/lv\/wp-json\/wp\/v2\/types\/product"}],"wp:featuredmedia":[{"embeddable":true,"href":"https:\/\/e.kosmolat.eu\/lv\/wp-json\/wp\/v2\/media\/91346"}],"wp:attachment":[{"href":"https:\/\/e.kosmolat.eu\/lv\/wp-json\/wp\/v2\/media?parent=50478"}],"wp:term":[{"taxonomy":"product_cat","embeddable":true,"href":"https:\/\/e.kosmolat.eu\/lv\/wp-json\/wp\/v2\/product_cat?post=50478"},{"taxonomy":"product_tag","embeddable":true,"href":"https:\/\/e.kosmolat.eu\/lv\/wp-json\/wp\/v2\/product_tag?post=50478"}],"curies":[{"name":"wp","href":"https:\/\/api.w.org\/{rel}","templated":true}]}}