{"id":50470,"date":"2024-04-25T04:03:16","date_gmt":"2024-04-25T04:03:16","guid":{"rendered":"https:\/\/e.kosmolat.eu\/product\/markell-everyday-life-styling-matu-sprejs-ekspress-lamines-195-ml\/"},"modified":"2026-03-31T20:54:59","modified_gmt":"2026-03-31T20:54:59","slug":"markell-everyday-life-styling-matu-sprejs-ekspress-lamines-195-ml","status":"publish","type":"product","link":"https:\/\/e.kosmolat.eu\/lv\/product\/markell-everyday-life-styling-matu-sprejs-ekspress-lamines-195-ml\/","title":{"rendered":"MARKELL Everyday Life Styling Matu sprejs Ekspress-lamin\u0113\u0161., 195 ml"},"content":{"rendered":"<p>Spreja formula efekt\u012bvi mitrina boj\u0101tus, trauslus un sausus matus, atgrie\u017eot tiem satrieco&scaron;u gludumu un sp\u012bdumu. Nodro&scaron;ina uzticamu aizsardz\u012bbu pretaugstas temperat\u016bras negat\u012bvo ietekmi matu veido&scaron;anas laik\u0101 un saglab\u0101 kr\u0101sas spilgtumu p\u0113c matu kr\u0101so&scaron;anas.<\/p>\n<p><strong>AUGU KERAM\u012aDI<\/strong> regul\u0113 galvas \u0101das tauku dziedzeru darb\u012bbu, akt\u012bvi atjauno matu strukt\u016bru, izl\u012bdzina kutikulas zv\u012b\u0146as, padarot matus \u017eilbino&scaron;i sp\u012bd\u012bgus.<br \/>\n<strong>R\u012aSU PROTE\u012aNI<\/strong> uztur optim\u0101lu matu mitruma l\u012bmeni, pie&scaron;\u0137ir tiem m\u012bkstumu un elast\u012bbu, aizsarg\u0101 pret l\u016b&scaron;anu, k\u0101 ar\u012b pal\u012bdz saglab\u0101t kr\u0101su.<\/p>\n<p><strong>Lieto&scaron;ana:<\/strong> sakratiet pudeli, izsmidziniet spreju uz mitriem vai sausiem matiem vis\u0101 garum\u0101, ieveidojiet k\u0101 parasti. Nav nepiecie&scaron;ams noskalot! Neuzkl\u0101t uz matu sakn\u0113m!<\/p>\n<p>Uzglab\u0101t temperat\u016br\u0101 no +5&deg;C l\u012bdz +25&deg;C.<\/p>\n<p><strong>Der\u012bguma termi\u0146&scaron;: <\/strong>36 m\u0113ne&scaron;i.<br \/>\n&nbsp;<\/p>\n","protected":false},"excerpt":{"rendered":"<p>Spreja formula efekt\u012bvi mitrina boj\u0101tus, trauslus un sausus matus, atgrie\u017eot tiem satrieco&scaron;u gludumu un sp\u012bdumu. Nodro&scaron;ina uzticamu aizsardz\u012bbu pretaugstas temperat\u016bras negat\u012bvo ietekmi matu veido&scaron;anas laik\u0101 un saglab\u0101 kr\u0101sas spilgtumu p\u0113c matu kr\u0101so&scaron;anas. AUGU KERAM\u012aDI regul\u0113 galvas \u0101das tauku dziedzeru darb\u012bbu, akt\u012bvi atjauno matu strukt\u016bru, izl\u012bdzina kutikulas zv\u012b\u0146as, padarot matus \u017eilbino&scaron;i sp\u012bd\u012bgus. R\u012aSU PROTE\u012aNI uztur optim\u0101lu [&#8230;]\n","protected":false},"featured_media":91342,"template":"","meta":[],"product_cat":[1343],"product_tag":[],"class_list":{"0":"post-50470","1":"product","2":"type-product","3":"status-publish","4":"has-post-thumbnail","6":"product_brand-markell_by","7":"product_cat-citi-matu-kopsanas-produkti","9":"first","10":"outofstock","11":"taxable","12":"shipping-taxable","13":"product-type-simple"},"_links":{"self":[{"href":"https:\/\/e.kosmolat.eu\/lv\/wp-json\/wp\/v2\/product\/50470","targetHints":{"allow":["GET"]}}],"collection":[{"href":"https:\/\/e.kosmolat.eu\/lv\/wp-json\/wp\/v2\/product"}],"about":[{"href":"https:\/\/e.kosmolat.eu\/lv\/wp-json\/wp\/v2\/types\/product"}],"wp:featuredmedia":[{"embeddable":true,"href":"https:\/\/e.kosmolat.eu\/lv\/wp-json\/wp\/v2\/media\/91342"}],"wp:attachment":[{"href":"https:\/\/e.kosmolat.eu\/lv\/wp-json\/wp\/v2\/media?parent=50470"}],"wp:term":[{"taxonomy":"product_cat","embeddable":true,"href":"https:\/\/e.kosmolat.eu\/lv\/wp-json\/wp\/v2\/product_cat?post=50470"},{"taxonomy":"product_tag","embeddable":true,"href":"https:\/\/e.kosmolat.eu\/lv\/wp-json\/wp\/v2\/product_tag?post=50470"}],"curies":[{"name":"wp","href":"https:\/\/api.w.org\/{rel}","templated":true}]}}