{"id":50462,"date":"2024-04-25T04:03:04","date_gmt":"2024-04-25T04:03:04","guid":{"rendered":"https:\/\/e.kosmolat.eu\/product\/markell-everyday-life-styling-matu-sprejs-viegla-kemmes-195-ml\/"},"modified":"2026-03-31T20:54:39","modified_gmt":"2026-03-31T20:54:39","slug":"markell-everyday-life-styling-matu-sprejs-viegla-kemmes-195-ml","status":"publish","type":"product","link":"https:\/\/e.kosmolat.eu\/lv\/product\/markell-everyday-life-styling-matu-sprejs-viegla-kemmes-195-ml\/","title":{"rendered":"MARKELL Everyday Life Styling Matu sprejs Viegla \u0137emm\u0113\u0161., 195 ml"},"content":{"rendered":"<p>Ide\u0101li piem\u0113rots l\u012bdzeklis gariem, cirtainiem un nepaklaus\u012bgiem matiem. Atvieglo matu \u0137emm\u0113&scaron;anu, nov\u0113r&scaron; trauslumu un p\u0101rm\u0113r\u012bgu iz\u017e\u016b&scaron;anu. Pie&scaron;\u0137ir cirt\u0101m vitalit\u0101ti un z\u012bdainumu, padarot friz\u016bru nevainojamu.<\/p>\n<p><strong>AVOKADO E\u013b\u013bA UN E VITAM\u012aNS<\/strong> ir neaizst\u0101jami pras\u012bgu vai boj\u0101tu matu kop&scaron;an\u0101. Tie mitrina un baro matus, atjauno kutikulu, izl\u012bdzina matu zv\u012b\u0146as, nov\u0113r&scaron; &scaron;\u0137el&scaron;anos, t\u0101d\u0113j\u0101di pat mitri mati nesap\u012bsies un b\u016bs viegli \u0137emm\u0113jami.<br \/>\n<strong>PANTENOLS (provitam\u012bns B5) <\/strong>efekt\u012bvi atjauno boj\u0101to matu strukt\u016bru, aizsarg\u0101 tos pret \u0101r\u0113jo faktoru negat\u012bvo ietekmi, pie&scaron;\u0137ir matiem elast\u012bbu, vitalit\u0101ti un sp\u0113ku.<\/p>\n<p><strong>Lieto&scaron;ana: <\/strong>sakratiet pudeli, izsmidziniet spreju uz mitriem vai sausiem matiem vis\u0101 garum\u0101, ieveidojiet k\u0101 parasti. Nav nepiecie&scaron;ams noskalot! Neuzkl\u0101t uz matu sakn\u0113m!<\/p>\n<p>Uzglab\u0101t temperat\u016br\u0101 no +5&deg;C l\u012bdz +25&deg;C.<\/p>\n<p><strong>Der\u012bguma termi\u0146&scaron;:<\/strong> 36 m\u0113ne&scaron;i.<br \/>\n&nbsp;<\/p>\n","protected":false},"excerpt":{"rendered":"<p>Ide\u0101li piem\u0113rots l\u012bdzeklis gariem, cirtainiem un nepaklaus\u012bgiem matiem. Atvieglo matu \u0137emm\u0113&scaron;anu, nov\u0113r&scaron; trauslumu un p\u0101rm\u0113r\u012bgu iz\u017e\u016b&scaron;anu. Pie&scaron;\u0137ir cirt\u0101m vitalit\u0101ti un z\u012bdainumu, padarot friz\u016bru nevainojamu. AVOKADO E\u013b\u013bA UN E VITAM\u012aNS ir neaizst\u0101jami pras\u012bgu vai boj\u0101tu matu kop&scaron;an\u0101. Tie mitrina un baro matus, atjauno kutikulu, izl\u012bdzina matu zv\u012b\u0146as, nov\u0113r&scaron; &scaron;\u0137el&scaron;anos, t\u0101d\u0113j\u0101di pat mitri mati nesap\u012bsies un b\u016bs [&#8230;]\n","protected":false},"featured_media":91338,"template":"","meta":[],"product_cat":[1343],"product_tag":[],"class_list":{"0":"post-50462","1":"product","2":"type-product","3":"status-publish","4":"has-post-thumbnail","6":"product_brand-markell_by","7":"product_cat-citi-matu-kopsanas-produkti","9":"first","10":"outofstock","11":"taxable","12":"shipping-taxable","13":"product-type-simple"},"_links":{"self":[{"href":"https:\/\/e.kosmolat.eu\/lv\/wp-json\/wp\/v2\/product\/50462","targetHints":{"allow":["GET"]}}],"collection":[{"href":"https:\/\/e.kosmolat.eu\/lv\/wp-json\/wp\/v2\/product"}],"about":[{"href":"https:\/\/e.kosmolat.eu\/lv\/wp-json\/wp\/v2\/types\/product"}],"wp:featuredmedia":[{"embeddable":true,"href":"https:\/\/e.kosmolat.eu\/lv\/wp-json\/wp\/v2\/media\/91338"}],"wp:attachment":[{"href":"https:\/\/e.kosmolat.eu\/lv\/wp-json\/wp\/v2\/media?parent=50462"}],"wp:term":[{"taxonomy":"product_cat","embeddable":true,"href":"https:\/\/e.kosmolat.eu\/lv\/wp-json\/wp\/v2\/product_cat?post=50462"},{"taxonomy":"product_tag","embeddable":true,"href":"https:\/\/e.kosmolat.eu\/lv\/wp-json\/wp\/v2\/product_tag?post=50462"}],"curies":[{"name":"wp","href":"https:\/\/api.w.org\/{rel}","templated":true}]}}