{"id":50454,"date":"2024-04-25T04:02:49","date_gmt":"2024-04-25T04:02:49","guid":{"rendered":"https:\/\/e.kosmolat.eu\/product\/markell-everyday-life-styling-matu-sprejs-anti-static-195-ml\/"},"modified":"2026-03-31T20:54:23","modified_gmt":"2026-03-31T20:54:23","slug":"markell-everyday-life-styling-matu-sprejs-anti-static-195-ml","status":"publish","type":"product","link":"https:\/\/e.kosmolat.eu\/lv\/product\/markell-everyday-life-styling-matu-sprejs-anti-static-195-ml\/","title":{"rendered":"MARKELL Everyday Life Styling Matu sprejs Anti-Static, 195 ml"},"content":{"rendered":"<p>Neaizvietojams l\u012bdzeklis, kas uzreiz pie&scaron;\u0137irs matiem vesel\u012bgu un koptu izskatu. Spreja akt\u012bv\u0101s sast\u0101vda\u013cas pal\u012bdz tikt gal\u0101 ar sprogainiem, lidojo&scaron;iem un nepaklaus\u012bgiem matiem. Sprejs acumirkl\u012b no\u0146em statisko efektu, atvieglo \u0137emm\u0113&scaron;anu un pal\u012bdz saglab\u0101t nevainojamu friz\u016bru.<\/p>\n<p><strong>OL\u012aVE\u013b\u013bA<\/strong> mitrina un stiprina matus vis\u0101 to garum\u0101, kompens\u0113 uzturvielu tr\u016bkumu, nov\u0113r&scaron; matu sausumu un trauslumu, atgrie\u017e \u017eilbino&scaron;u sp\u012bdumu un z\u012bdainu gludumu.<br \/>\n<strong>PANTENOLS (provitam\u012bns B5)<\/strong> efekt\u012bvi atjauno boj\u0101to matu strukt\u016bru, aizsarg\u0101 tos pret \u0101r\u0113jo faktoru negat\u012bvo ietekmi, pie&scaron;\u0137ir matiem elast\u012bbu, vitalit\u0101ti un sp\u0113ku.<\/p>\n<p><strong>Lieto&scaron;ana:<\/strong> izsmidzin\u0101t aerosolu uz mitriem vai sausiem matiem vis\u0101 garum\u0101, ieveidot k\u0101 parasti. Nav nepiecie&scaron;ams noskalot!<\/p>\n<p>Uzglab\u0101t temperat\u016br\u0101 no +5&deg;C l\u012bdz +25&deg;C.<\/p>\n<p><strong>Der\u012bguma termi\u0146&scaron;: <\/strong>36 m\u0113ne&scaron;i.<br \/>\n&nbsp;<\/p>\n","protected":false},"excerpt":{"rendered":"<p>Neaizvietojams l\u012bdzeklis, kas uzreiz pie&scaron;\u0137irs matiem vesel\u012bgu un koptu izskatu. Spreja akt\u012bv\u0101s sast\u0101vda\u013cas pal\u012bdz tikt gal\u0101 ar sprogainiem, lidojo&scaron;iem un nepaklaus\u012bgiem matiem. Sprejs acumirkl\u012b no\u0146em statisko efektu, atvieglo \u0137emm\u0113&scaron;anu un pal\u012bdz saglab\u0101t nevainojamu friz\u016bru. OL\u012aVE\u013b\u013bA mitrina un stiprina matus vis\u0101 to garum\u0101, kompens\u0113 uzturvielu tr\u016bkumu, nov\u0113r&scaron; matu sausumu un trauslumu, atgrie\u017e \u017eilbino&scaron;u sp\u012bdumu un z\u012bdainu [&#8230;]\n","protected":false},"featured_media":91334,"template":"","meta":[],"product_cat":[1343],"product_tag":[],"class_list":{"0":"post-50454","1":"product","2":"type-product","3":"status-publish","4":"has-post-thumbnail","6":"product_brand-markell_by","7":"product_cat-citi-matu-kopsanas-produkti","9":"first","10":"outofstock","11":"taxable","12":"shipping-taxable","13":"product-type-simple"},"_links":{"self":[{"href":"https:\/\/e.kosmolat.eu\/lv\/wp-json\/wp\/v2\/product\/50454","targetHints":{"allow":["GET"]}}],"collection":[{"href":"https:\/\/e.kosmolat.eu\/lv\/wp-json\/wp\/v2\/product"}],"about":[{"href":"https:\/\/e.kosmolat.eu\/lv\/wp-json\/wp\/v2\/types\/product"}],"wp:featuredmedia":[{"embeddable":true,"href":"https:\/\/e.kosmolat.eu\/lv\/wp-json\/wp\/v2\/media\/91334"}],"wp:attachment":[{"href":"https:\/\/e.kosmolat.eu\/lv\/wp-json\/wp\/v2\/media?parent=50454"}],"wp:term":[{"taxonomy":"product_cat","embeddable":true,"href":"https:\/\/e.kosmolat.eu\/lv\/wp-json\/wp\/v2\/product_cat?post=50454"},{"taxonomy":"product_tag","embeddable":true,"href":"https:\/\/e.kosmolat.eu\/lv\/wp-json\/wp\/v2\/product_tag?post=50454"}],"curies":[{"name":"wp","href":"https:\/\/api.w.org\/{rel}","templated":true}]}}