{"id":50430,"date":"2024-04-24T04:04:52","date_gmt":"2024-04-24T04:04:52","guid":{"rendered":"https:\/\/e.kosmolat.eu\/product\/markell-professional-serums-skropstu-un-uzacu-augsanai-10-ml\/"},"modified":"2025-09-20T03:45:25","modified_gmt":"2025-09-20T03:45:25","slug":"markell-professional-serums-skropstu-un-uzacu-augsanai-10-ml","status":"publish","type":"product","link":"https:\/\/e.kosmolat.eu\/lv\/product\/markell-professional-serums-skropstu-un-uzacu-augsanai-10-ml\/","title":{"rendered":"MARKELL Professional Serums skropstu un uzacu aug\u0161anai, 10 ml"},"content":{"rendered":"<p>Efekt\u012bvs l\u012bdzeklis ar akt\u012bv\u0101m sast\u0101vda\u013c\u0101m, lai palielin\u0101tu uzacu un skropstu biezumu un apjomu, k\u0101 ar\u012b lai uzlabotu to aug&scaron;anu.&nbsp;Serums atjauno matus un intens\u012bvi kopj tos p\u0113c pieaudz\u0113&scaron;anas un lamin\u0113&scaron;anas proced\u016br\u0101m.&nbsp;Var izmantot v\u012brie&scaron;u \u016bs\u0101m, b\u0101rdai un galvas matiem. Iepakojum\u0101 ir line\u0101ls skropstu m\u0113r\u012b&scaron;anai. *Izmantojiet speci\u0101lu oti\u0146u uzac\u012bm un skropst\u0101m.<\/p>\n<p>Bez smar\u017eas.<\/p>\n<p><strong>BIOTINOIL TRIPEPTIDE-1<\/strong> stiprina matu folikulus, samazina to izkri&scaron;anu, padara skropstas biez\u0101kas un gar\u0101kas, k\u0101 ar\u012b pal\u0113nina mati\u0146u noveco&scaron;anos.&nbsp;<br \/>\n<strong>PANTENOLS<\/strong> baro skropstu un uzacu mati\u0146u un folikulu strukt\u016bru, uzlabo eso&scaron;o mati\u0146u st\u0101vokli un veicina jaunu aug&scaron;anu.<br \/>\n<strong>AMINOSK\u0100BJU KOMPLEKSS<\/strong> nov\u0113r&scaron; skropstu izkri&scaron;anu un stimul\u0113 jaunu aug&scaron;anu.<\/p>\n<p><strong>Lieto&scaron;ana:<\/strong> r\u016bp\u012bgi att\u012briet \u0101du un mati\u0146us no net\u012brumiem un kosm\u0113tikas. Iz\u0146emiet kontaktl\u0113cas. Izmantojiet pipeti.<br \/>\n<strong>Veids Nr. 1: <\/strong>uzkl\u0101jiet 1-2 pilienus l\u012bdzek\u013ca uz pirkstu galiem un ar mas\u0113jo&scaron;\u0101m kust\u012bb\u0101m sadaliet pa uzacu un skropstu aug&scaron;anas l\u012bniju.<br \/>\n<strong>Veids Nr. 2:<\/strong> uzkl\u0101jiet 1-2 pilienus seruma uz otas*. Sadaliet serumu pa uzac\u012bm un skropst\u0101m no sakn\u0113m l\u012bdz galiem, iz\u0137emm\u0113jot tos.<\/p>\n<p><strong>Piesardz\u012bbas pas\u0101kumi:<\/strong> nepie\u013caut produkta nok\u013c\u016b&scaron;anu uz g\u013cot\u0101d\u0101m. Iesp\u0113jama individu\u0101la sast\u0101vda\u013cu nepanesam\u012bba. Ja rodas aps\u0101rtums vai kairin\u0101jums, p\u0101rtraukt lieto&scaron;anu.<\/p>\n<p>Uzglab\u0101t temperat\u016br\u0101 no +5 &deg;\u0421 l\u012bdz +25 &deg;\u0421.<\/p>\n<p><strong>Der\u012bguma termi\u0146&scaron;:<\/strong> 36 m\u0113ne&scaron;i.<br \/>\n&nbsp;<\/p>\n","protected":false},"excerpt":{"rendered":"<p>Efekt\u012bvs l\u012bdzeklis ar akt\u012bv\u0101m sast\u0101vda\u013c\u0101m, lai palielin\u0101tu uzacu un skropstu biezumu un apjomu, k\u0101 ar\u012b lai uzlabotu to aug&scaron;anu.&nbsp;Serums atjauno matus un intens\u012bvi kopj tos p\u0113c pieaudz\u0113&scaron;anas un lamin\u0113&scaron;anas proced\u016br\u0101m.&nbsp;Var izmantot v\u012brie&scaron;u \u016bs\u0101m, b\u0101rdai un galvas matiem. Iepakojum\u0101 ir line\u0101ls skropstu m\u0113r\u012b&scaron;anai. *Izmantojiet speci\u0101lu oti\u0146u uzac\u012bm un skropst\u0101m. Bez smar\u017eas. BIOTINOIL TRIPEPTIDE-1 stiprina matu folikulus, [&#8230;]\n","protected":false},"featured_media":91206,"template":"","meta":[],"product_cat":[1999],"product_tag":[],"class_list":{"0":"post-50430","1":"product","2":"type-product","3":"status-publish","4":"has-post-thumbnail","6":"product_brand-markell_by","7":"product_cat-bez-kategorijas","9":"first","10":"outofstock","11":"taxable","12":"shipping-taxable","13":"product-type-simple"},"_links":{"self":[{"href":"https:\/\/e.kosmolat.eu\/lv\/wp-json\/wp\/v2\/product\/50430","targetHints":{"allow":["GET"]}}],"collection":[{"href":"https:\/\/e.kosmolat.eu\/lv\/wp-json\/wp\/v2\/product"}],"about":[{"href":"https:\/\/e.kosmolat.eu\/lv\/wp-json\/wp\/v2\/types\/product"}],"wp:featuredmedia":[{"embeddable":true,"href":"https:\/\/e.kosmolat.eu\/lv\/wp-json\/wp\/v2\/media\/91206"}],"wp:attachment":[{"href":"https:\/\/e.kosmolat.eu\/lv\/wp-json\/wp\/v2\/media?parent=50430"}],"wp:term":[{"taxonomy":"product_cat","embeddable":true,"href":"https:\/\/e.kosmolat.eu\/lv\/wp-json\/wp\/v2\/product_cat?post=50430"},{"taxonomy":"product_tag","embeddable":true,"href":"https:\/\/e.kosmolat.eu\/lv\/wp-json\/wp\/v2\/product_tag?post=50430"}],"curies":[{"name":"wp","href":"https:\/\/api.w.org\/{rel}","templated":true}]}}