{"id":50422,"date":"2024-04-24T04:04:40","date_gmt":"2024-04-24T04:04:40","guid":{"rendered":"https:\/\/e.kosmolat.eu\/product\/markell-professional-sejas-serums-sebuma-lidzsvars-30-ml\/"},"modified":"2025-09-20T03:45:08","modified_gmt":"2025-09-20T03:45:08","slug":"markell-professional-sejas-serums-sebuma-lidzsvars-30-ml","status":"publish","type":"product","link":"https:\/\/e.kosmolat.eu\/lv\/product\/markell-professional-sejas-serums-sebuma-lidzsvars-30-ml\/","title":{"rendered":"MARKELL Professional Sejas serums Sebuma l\u012bdzsvars, 30 ml"},"content":{"rendered":"<p>Pateicoties pier\u0101d\u012btajai siner\u0123iskai iedarb\u012bbai, akt\u012bv\u0101s sat\u0101vda\u013cas k\u0101 niacinam\u012bds un cinks normaliz\u0113 tauku dziedzeru darb\u012bbu, sa&scaron;aurina poras, mat\u0113 \u0101du, nostiprina un nomierina to.<\/p>\n<p><strong>NIACINAM\u012aDS<\/strong> efekt\u012bvi samazina sebuma izdal\u012b&scaron;anos, sa&scaron;aurina poras, nomierina \u0101du un izl\u012bdzina toni, izgaismojot p\u0113caknes p\u0113das.<br \/>\n<strong>ZnPCA <\/strong>uzlabo \u0101das st\u0101vokli, normaliz\u0113 \u0101das hidrolip\u012bdu l\u012bdzsvaru un tauku dziedzeru sekr\u0113ciju.<br \/>\n<strong>HIALURONSK\u0100BE<\/strong> intens\u012bvi mitrina \u0101du, pie&scaron;\u0137irot tai tvirtumu un elast\u012bbu.<\/p>\n<p><strong>Lieto&scaron;ana:<\/strong> lietojiet katru dienu no r\u012bta un\/vai vakar\u0101 p\u0113c sejas att\u012br\u012b&scaron;anas. Uzkl\u0101jiet 2-3 pilienus ar pirkstu galiem ar ap\u013cveida kust\u012bb\u0101m. Ja nepiecie&scaron;ams, p\u0113c seruma uzkl\u0101&scaron;anas lietojiet parasto dienas vai nakts kr\u0113mu.<\/p>\n<p>Uzglab\u0101t temperat\u016br\u0101 no +5 &deg;\u0421 l\u012bdz +25 &deg;\u0421.<\/p>\n<p><strong>Der\u012bguma termi\u0146&scaron;:<\/strong> 36 m\u0113ne&scaron;i.<\/p>\n<p>\n&nbsp;<\/p>\n","protected":false},"excerpt":{"rendered":"<p>Pateicoties pier\u0101d\u012btajai siner\u0123iskai iedarb\u012bbai, akt\u012bv\u0101s sat\u0101vda\u013cas k\u0101 niacinam\u012bds un cinks normaliz\u0113 tauku dziedzeru darb\u012bbu, sa&scaron;aurina poras, mat\u0113 \u0101du, nostiprina un nomierina to. NIACINAM\u012aDS efekt\u012bvi samazina sebuma izdal\u012b&scaron;anos, sa&scaron;aurina poras, nomierina \u0101du un izl\u012bdzina toni, izgaismojot p\u0113caknes p\u0113das. ZnPCA uzlabo \u0101das st\u0101vokli, normaliz\u0113 \u0101das hidrolip\u012bdu l\u012bdzsvaru un tauku dziedzeru sekr\u0113ciju. HIALURONSK\u0100BE intens\u012bvi mitrina \u0101du, pie&scaron;\u0137irot tai [&#8230;]\n","protected":false},"featured_media":91202,"template":"","meta":[],"product_cat":[1999],"product_tag":[],"class_list":{"0":"post-50422","1":"product","2":"type-product","3":"status-publish","4":"has-post-thumbnail","6":"product_brand-markell_by","7":"product_cat-bez-kategorijas","9":"first","10":"outofstock","11":"taxable","12":"shipping-taxable","13":"product-type-simple"},"_links":{"self":[{"href":"https:\/\/e.kosmolat.eu\/lv\/wp-json\/wp\/v2\/product\/50422","targetHints":{"allow":["GET"]}}],"collection":[{"href":"https:\/\/e.kosmolat.eu\/lv\/wp-json\/wp\/v2\/product"}],"about":[{"href":"https:\/\/e.kosmolat.eu\/lv\/wp-json\/wp\/v2\/types\/product"}],"wp:featuredmedia":[{"embeddable":true,"href":"https:\/\/e.kosmolat.eu\/lv\/wp-json\/wp\/v2\/media\/91202"}],"wp:attachment":[{"href":"https:\/\/e.kosmolat.eu\/lv\/wp-json\/wp\/v2\/media?parent=50422"}],"wp:term":[{"taxonomy":"product_cat","embeddable":true,"href":"https:\/\/e.kosmolat.eu\/lv\/wp-json\/wp\/v2\/product_cat?post=50422"},{"taxonomy":"product_tag","embeddable":true,"href":"https:\/\/e.kosmolat.eu\/lv\/wp-json\/wp\/v2\/product_tag?post=50422"}],"curies":[{"name":"wp","href":"https:\/\/api.w.org\/{rel}","templated":true}]}}