{"id":50406,"date":"2024-04-24T04:03:41","date_gmt":"2024-04-24T04:03:41","guid":{"rendered":"https:\/\/e.kosmolat.eu\/product\/markell-professional-sejas-serums-veseligs-spidums-30-ml\/"},"modified":"2025-09-20T03:44:36","modified_gmt":"2025-09-20T03:44:36","slug":"markell-professional-sejas-serums-veseligs-spidums-30-ml","status":"publish","type":"product","link":"https:\/\/e.kosmolat.eu\/lv\/product\/markell-professional-sejas-serums-veseligs-spidums-30-ml\/","title":{"rendered":"MARKELL Professional Sejas serums Vesel\u012bgs sp\u012bdums, 30 ml"},"content":{"rendered":"<p>&ldquo;Skaistuma vitam\u012bnu kokteilis&rdquo; satur C, B3, B5, B6 un E vitam\u012bnus, k\u0101 ar\u012b retu Austr\u0101lijas pl\u016bmes dabisko ekstraktu, kas uzlabo sejas kr\u0101su un atjauno bl\u0101vas un noguru&scaron;as \u0101das mirdzumu.<\/p>\n<p><strong>SUPEROX-C<\/strong> &ndash; eksotisk\u0101s kakadu pl\u016bmes ekstrakts, kas ir bag\u0101t\u012bgs C vitam\u012bna avots, izl\u012bdzina un viegli izgaismo sejas toni, uzlabojot \u0101das dabisko mirdzumu.<br \/>\n<strong>B3, B5, B6, C un E VITAM\u012aNU KOMPLEKSAM<\/strong> piem\u012bt antioksidanta iedarb\u012bba, kas aktiviz\u0113 \u0101das atjauno&scaron;anas procesus, nodro&scaron;inot vesel\u012bgu izskatu noguru&scaron;ai \u0101dai.<br \/>\n<strong>HIALURONSK\u0100BE<\/strong> nov\u0113r&scaron; \u0101das mitruma zudumu, palielinot t\u0101s tvirtumu un elast\u012bbu.<\/p>\n<p><strong>Lieto&scaron;ana:<\/strong> lietojiet katru dienu no r\u012bta un\/vai vakar\u0101 p\u0113c sejas att\u012br\u012b&scaron;anas. Uzkl\u0101jiet 2-3 pilienus ar pirkstu galiem ar ap\u013cveida kust\u012bb\u0101m. Ja nepiecie&scaron;ams, p\u0113c seruma uzkl\u0101&scaron;anas lietojiet parasto dienas vai nakts kr\u0113mu.<\/p>\n<p>Uzglab\u0101t temperat\u016br\u0101 no +5 &deg;\u0421 l\u012bdz +25 &deg;\u0421.&nbsp;Uzglab\u0101&scaron;anas laik\u0101 seruma kr\u0101sa var k\u013c\u016bt dzelten\u012bga un var par\u0101d\u012bties nelielas nogulsnes.<\/p>\n","protected":false},"excerpt":{"rendered":"<p>&ldquo;Skaistuma vitam\u012bnu kokteilis&rdquo; satur C, B3, B5, B6 un E vitam\u012bnus, k\u0101 ar\u012b retu Austr\u0101lijas pl\u016bmes dabisko ekstraktu, kas uzlabo sejas kr\u0101su un atjauno bl\u0101vas un noguru&scaron;as \u0101das mirdzumu. SUPEROX-C &ndash; eksotisk\u0101s kakadu pl\u016bmes ekstrakts, kas ir bag\u0101t\u012bgs C vitam\u012bna avots, izl\u012bdzina un viegli izgaismo sejas toni, uzlabojot \u0101das dabisko mirdzumu. B3, B5, B6, C [&#8230;]\n","protected":false},"featured_media":91194,"template":"","meta":[],"product_cat":[1999],"product_tag":[],"class_list":{"0":"post-50406","1":"product","2":"type-product","3":"status-publish","4":"has-post-thumbnail","6":"product_brand-markell_by","7":"product_cat-bez-kategorijas","9":"first","10":"outofstock","11":"taxable","12":"shipping-taxable","13":"product-type-simple"},"_links":{"self":[{"href":"https:\/\/e.kosmolat.eu\/lv\/wp-json\/wp\/v2\/product\/50406","targetHints":{"allow":["GET"]}}],"collection":[{"href":"https:\/\/e.kosmolat.eu\/lv\/wp-json\/wp\/v2\/product"}],"about":[{"href":"https:\/\/e.kosmolat.eu\/lv\/wp-json\/wp\/v2\/types\/product"}],"wp:featuredmedia":[{"embeddable":true,"href":"https:\/\/e.kosmolat.eu\/lv\/wp-json\/wp\/v2\/media\/91194"}],"wp:attachment":[{"href":"https:\/\/e.kosmolat.eu\/lv\/wp-json\/wp\/v2\/media?parent=50406"}],"wp:term":[{"taxonomy":"product_cat","embeddable":true,"href":"https:\/\/e.kosmolat.eu\/lv\/wp-json\/wp\/v2\/product_cat?post=50406"},{"taxonomy":"product_tag","embeddable":true,"href":"https:\/\/e.kosmolat.eu\/lv\/wp-json\/wp\/v2\/product_tag?post=50406"}],"curies":[{"name":"wp","href":"https:\/\/api.w.org\/{rel}","templated":true}]}}