{"id":50398,"date":"2024-04-24T04:03:26","date_gmt":"2024-04-24T04:03:26","guid":{"rendered":"https:\/\/e.kosmolat.eu\/product\/markell-professional-sejas-serums-dzila-mitrinasana-30-ml\/"},"modified":"2025-09-20T03:44:16","modified_gmt":"2025-09-20T03:44:16","slug":"markell-professional-sejas-serums-dzila-mitrinasana-30-ml","status":"publish","type":"product","link":"https:\/\/e.kosmolat.eu\/lv\/product\/markell-professional-sejas-serums-dzila-mitrinasana-30-ml\/","title":{"rendered":"MARKELL Professional Sejas serums Dzi\u013ca mitrin\u0101\u0161ana, 30 ml"},"content":{"rendered":"<p>Sabalans\u0113ta hialuronsk\u0101bes, aminosk\u0101bju un Tremellas (balt\u0101s s\u0113nes) ekstrakta kombin\u0101cija acumirkl\u012b mitrina \u0101du uz virsmas un intens\u012bvi pies\u0101tina ar mitrumu visus \u0101das sla\u0146us, paaugstina \u0101das tonusu un elast\u012bbu, k\u0101 ar\u012b pal\u012bdz izl\u012bdzin\u0101t grumbas.<\/p>\n<p><strong>HIALURONSK\u0100BE<\/strong> veido aizsargpl\u0113vi uz \u0101das virsmas, t\u0101d\u0113j\u0101di nov\u0113r&scaron;ot mitruma zudumu un priek&scaron;laic\u012bgu noveco&scaron;anos.<br \/>\n<strong>TREMELLAS EKSTRAKTS<\/strong> nodro&scaron;ina \u0101dai elast\u012bbu un ilgsto&scaron;u mitrin\u0101&scaron;anu, jo tas satur augstu zemas molekulmasas augu kolag\u0113nu un polisahar\u012bdus.&nbsp;<br \/>\n<strong>AMINOK\u0100BJU KOMPLEKSS<\/strong> ir dabiska mitrino&scaron;a faktora sast\u0101vda\u013ca, kas efekt\u012bvi nov\u0113r&scaron; lob\u012b&scaron;anos un atjauno \u0101das dabisko turgoru.<\/p>\n<p><strong>Lieto&scaron;ana:<\/strong> lietojiet katru dienu no r\u012bta un\/vai vakar\u0101 p\u0113c sejas att\u012br\u012b&scaron;anas. Uzkl\u0101jiet 2-3 pilienus ar pirkstu galiem ar ap\u013cveida kust\u012bb\u0101m. Ja nepiecie&scaron;ams, p\u0113c seruma uzkl\u0101&scaron;anas lietojiet parasto dienas vai nakts kr\u0113mu.<\/p>\n<p>Uzglab\u0101t temperat\u016br\u0101 no +5 &deg;\u0421 l\u012bdz +25 &deg;\u0421.<\/p>\n<p><strong>Der\u012bguma termi\u0146&scaron;:<\/strong> 36 m\u0113ne&scaron;i.<br \/>\n&nbsp;<\/p>\n","protected":false},"excerpt":{"rendered":"<p>Sabalans\u0113ta hialuronsk\u0101bes, aminosk\u0101bju un Tremellas (balt\u0101s s\u0113nes) ekstrakta kombin\u0101cija acumirkl\u012b mitrina \u0101du uz virsmas un intens\u012bvi pies\u0101tina ar mitrumu visus \u0101das sla\u0146us, paaugstina \u0101das tonusu un elast\u012bbu, k\u0101 ar\u012b pal\u012bdz izl\u012bdzin\u0101t grumbas. HIALURONSK\u0100BE veido aizsargpl\u0113vi uz \u0101das virsmas, t\u0101d\u0113j\u0101di nov\u0113r&scaron;ot mitruma zudumu un priek&scaron;laic\u012bgu noveco&scaron;anos. TREMELLAS EKSTRAKTS nodro&scaron;ina \u0101dai elast\u012bbu un ilgsto&scaron;u mitrin\u0101&scaron;anu, jo tas [&#8230;]\n","protected":false},"featured_media":91190,"template":"","meta":[],"product_cat":[1999],"product_tag":[],"class_list":{"0":"post-50398","1":"product","2":"type-product","3":"status-publish","4":"has-post-thumbnail","6":"product_brand-markell_by","7":"product_cat-bez-kategorijas","9":"first","10":"outofstock","11":"taxable","12":"shipping-taxable","13":"product-type-simple"},"_links":{"self":[{"href":"https:\/\/e.kosmolat.eu\/lv\/wp-json\/wp\/v2\/product\/50398","targetHints":{"allow":["GET"]}}],"collection":[{"href":"https:\/\/e.kosmolat.eu\/lv\/wp-json\/wp\/v2\/product"}],"about":[{"href":"https:\/\/e.kosmolat.eu\/lv\/wp-json\/wp\/v2\/types\/product"}],"wp:featuredmedia":[{"embeddable":true,"href":"https:\/\/e.kosmolat.eu\/lv\/wp-json\/wp\/v2\/media\/91190"}],"wp:attachment":[{"href":"https:\/\/e.kosmolat.eu\/lv\/wp-json\/wp\/v2\/media?parent=50398"}],"wp:term":[{"taxonomy":"product_cat","embeddable":true,"href":"https:\/\/e.kosmolat.eu\/lv\/wp-json\/wp\/v2\/product_cat?post=50398"},{"taxonomy":"product_tag","embeddable":true,"href":"https:\/\/e.kosmolat.eu\/lv\/wp-json\/wp\/v2\/product_tag?post=50398"}],"curies":[{"name":"wp","href":"https:\/\/api.w.org\/{rel}","templated":true}]}}