{"id":50390,"date":"2024-04-24T04:02:27","date_gmt":"2024-04-24T04:02:27","guid":{"rendered":"https:\/\/e.kosmolat.eu\/product\/markell-pro-bio-micelarais-udens-5-in-1-430-ml\/"},"modified":"2025-09-20T03:42:55","modified_gmt":"2025-09-20T03:42:55","slug":"markell-pro-bio-micelarais-udens-5-in-1-430-ml","status":"publish","type":"product","link":"https:\/\/e.kosmolat.eu\/lv\/product\/markell-pro-bio-micelarais-udens-5-in-1-430-ml\/","title":{"rendered":"MARKELL Pro-Bio Micel\u0101rais \u016bdens 5 in 1, 430 ml"},"content":{"rendered":"<p>Micel\u0101rais \u016bdens att\u012bra \u0101du no kosm\u0113tikas un citiem net\u012brumiem, sniedz t\u012br\u012bbas saj\u016btu, sagatavo \u0101du turpm\u0101kai kop&scaron;anai. Sast\u0101v\u0101 eso&scaron;\u0101s akt\u012bv\u0101s sast\u0101vda\u013cas atjauno \u0101das tvirtumu un elast\u012bbu, atsvaidzina, pal\u012bdz saglab\u0101t \u0101du gludu, vesel\u012bgu un mirdzo&scaron;u.<\/p>\n<p><strong>AMINO UN HIDROKS\u0100BJU KOMPLEKSS <\/strong>mitrina, nomierina un aizsarg\u0101 \u0101du no dehidrat\u0101cijas, padarot to gludu un z\u012bdainu.<br \/>\n<strong>PANTENOLAM<\/strong> piem\u012bt nomierino&scaron;as, mitrino&scaron;as un izl\u012bdzino&scaron;as \u012bpa&scaron;\u012bbas.<br \/>\n<strong>ARBUZA EKSTRAKTS<\/strong> saglab\u0101 \u0101das elast\u012bbu, pie&scaron;\u0137ir tai maigumu un gludumu, k\u0101 ar\u012b uzlabo sejas kr\u0101su.<br \/>\n<strong>BETA\u012aNAM<\/strong> piem\u012bt mitrino&scaron;as, m\u012bkstino&scaron;as un nomierino&scaron;as \u012bpa&scaron;\u012bbas.<\/p>\n<p><strong>Lieto&scaron;ana:<\/strong> uzkl\u0101jiet nelielu micel\u0101r\u0101 \u016bdens daudzumu uz vates diska, ar viegl\u0101m kust\u012bb\u0101m noslaukiet sejas \u0101du un noskalojiet to ar \u016bdeni. Micel\u0101rais \u016bdens sagatavo \u0101du turpm\u0101kai kop&scaron;anai.<\/p>\n<p>Uzglab\u0101t temperat\u016br\u0101 no +5 &deg;\u0421 l\u012bdz +25 &deg;\u0421.<\/p>\n<p><strong>Der\u012bguma termi\u0146&scaron;: <\/strong>36 m\u0113ne&scaron;i.<br \/>\n&nbsp;<\/p>\n","protected":false},"excerpt":{"rendered":"<p>Micel\u0101rais \u016bdens att\u012bra \u0101du no kosm\u0113tikas un citiem net\u012brumiem, sniedz t\u012br\u012bbas saj\u016btu, sagatavo \u0101du turpm\u0101kai kop&scaron;anai. Sast\u0101v\u0101 eso&scaron;\u0101s akt\u012bv\u0101s sast\u0101vda\u013cas atjauno \u0101das tvirtumu un elast\u012bbu, atsvaidzina, pal\u012bdz saglab\u0101t \u0101du gludu, vesel\u012bgu un mirdzo&scaron;u. AMINO UN HIDROKS\u0100BJU KOMPLEKSS mitrina, nomierina un aizsarg\u0101 \u0101du no dehidrat\u0101cijas, padarot to gludu un z\u012bdainu. PANTENOLAM piem\u012bt nomierino&scaron;as, mitrino&scaron;as un izl\u012bdzino&scaron;as [&#8230;]\n","protected":false},"featured_media":91170,"template":"","meta":[],"product_cat":[1999],"product_tag":[],"class_list":{"0":"post-50390","1":"product","2":"type-product","3":"status-publish","4":"has-post-thumbnail","6":"product_brand-markell_by","7":"product_cat-bez-kategorijas","9":"first","10":"outofstock","11":"taxable","12":"shipping-taxable","13":"product-type-simple"},"_links":{"self":[{"href":"https:\/\/e.kosmolat.eu\/lv\/wp-json\/wp\/v2\/product\/50390","targetHints":{"allow":["GET"]}}],"collection":[{"href":"https:\/\/e.kosmolat.eu\/lv\/wp-json\/wp\/v2\/product"}],"about":[{"href":"https:\/\/e.kosmolat.eu\/lv\/wp-json\/wp\/v2\/types\/product"}],"wp:featuredmedia":[{"embeddable":true,"href":"https:\/\/e.kosmolat.eu\/lv\/wp-json\/wp\/v2\/media\/91170"}],"wp:attachment":[{"href":"https:\/\/e.kosmolat.eu\/lv\/wp-json\/wp\/v2\/media?parent=50390"}],"wp:term":[{"taxonomy":"product_cat","embeddable":true,"href":"https:\/\/e.kosmolat.eu\/lv\/wp-json\/wp\/v2\/product_cat?post=50390"},{"taxonomy":"product_tag","embeddable":true,"href":"https:\/\/e.kosmolat.eu\/lv\/wp-json\/wp\/v2\/product_tag?post=50390"}],"curies":[{"name":"wp","href":"https:\/\/api.w.org\/{rel}","templated":true}]}}