{"id":50382,"date":"2024-04-23T04:05:59","date_gmt":"2024-04-23T04:05:59","guid":{"rendered":"https:\/\/e.kosmolat.eu\/product\/lady-caramel-depilacijas-krems-12-in-1-200-ml\/"},"modified":"2026-04-20T11:46:15","modified_gmt":"2026-04-20T11:46:15","slug":"lady-caramel-depilacijas-krems-12-in-1-200-ml","status":"publish","type":"product","link":"https:\/\/e.kosmolat.eu\/lv\/product\/lady-caramel-depilacijas-krems-12-in-1-200-ml\/","title":{"rendered":"Lady Caramel&#8221; Depil\u0101cijas kr\u0113ms 12 in 1, 200 ml"},"content":{"rendered":"<p>Depil\u0101cijas kr\u0113ms 12in1. \u0136ermenim, bikini zonai un padus\u0113m. Viegli likvid\u0113 matus. Maigi iedarbojas, neboj\u0101jot \u0101du. Intens\u012bvi mitrina, nomierina aps\u0101rtumus, nov\u0113r\u0161 kairin\u0101jumu par\u0101d\u012b\u0161anos. Satur z\u012bda hidroliz\u0101tu, E vitam\u012bnu, \u0161\u012b sviestu un argana e\u013c\u013cu, piparm\u0113tru ekstraktu un narcises sakni, pantenolu.<\/p>\n<p>Lieto\u0161anas noteikumi:  Nepie\u013caut nok\u013c\u016b\u0161anu ac\u012bs. Ja l\u012bdzeklis nok\u013c\u016bst ac\u012bs, t\u016bl\u012bt t\u0101s izskalot. Satur tioglikol\u0101tu. Satur s\u0101rmu. Iev\u0113rot nor\u0101d\u012bjumus. Sarg\u0101t no b\u0113rniem.<br \/>\n P\u0101rbaudiet kr\u0113ma iedarb\u012bbu uz \u0101das laukuma, kur pl\u0101nojat veikt depil\u0101ciju. Ja 24h laik\u0101 nerodas nek\u0101da reakcija, kr\u0113mu var lietot, sekojot lieto\u0161anas instrukcijai. 1. Izmazg\u0101t ar \u016bdeni \u0101das laukumu, uz kuras J\u016bs pl\u0101nojat uzkl\u0101t depil\u0101cijas kr\u0113mu. 2. Izsm\u0113r\u0113t kr\u0113mu ar l\u0101psti\u0146as pal\u012bdz\u012bbu, nosedzot matus, kurus J\u016bs v\u0113laties likvid\u0113t. 3. P\u0113c 3 min\u016bt\u0113m no\u0146emiet nelielu kr\u0113ma daudzumu. Ja J\u016bs nesasniedz\u0101t v\u0113lamo rezult\u0101tu, atst\u0101jiet kr\u0113mu v\u0113l uz da\u017e\u0101m min\u016bt\u0113m. Kop\u012bgs iedarb\u012bbas laiks nevar b\u016bt ilg\u0101ks par 10 min\u016bt\u0113m. 4. No\u0146emiet kr\u0113mu ar l\u0101psti\u0146as vai mitr\u0101 dvie\u013ca pal\u012bdz\u012bbu. Nomazg\u0101jiet \u0101du ar v\u0113su \u016bdeni. 5. Nomazg\u0101jiet l\u0101psti\u0146u, aizveriet t\u016bbi\u0146u. Kas J\u016bs nelietojiet kr\u0113mu, uzglab\u0101jiet t\u016bbi\u0146u cie\u0161i aizv\u0113rtu.\u00a0\u00a0<\/p>\n<div>Piesardz\u012bbas pas\u0101kumi:\n<\/div>\n<div>Iev\u0113rojiet lieto\u0161anas instrukciju. Izvair\u012bties no iek\u013c\u016b\u0161anas ac\u012bs un uz l\u016bp\u0101m. Ja iek\u013c\u016bst ac\u012bs vai uz l\u016bp\u0101m, nekav\u0113joties noskalot ar lielu \u016bdens daudzumu, un, nepiecie\u0161am\u012bbas gad\u012bjum\u0101, v\u0113r\u0161aties pie \u0101rsta. Uzglab\u0101t b\u0113rniem un dz\u012bvniekiem nepieejam\u0101 viet\u0101. Satur tioglikol\u0101tu. Satur s\u0101rmus. Iesp\u0113jama paaugstin\u0101ta individu\u0101la jut\u012bba uz atsevi\u0161\u0137am sast\u0101vda\u013c\u0101m.\n<\/div>\n<div>Rekomend\u0101cijas:\n<\/div>\n<div>Nelietojiet depil\u0101cijas kr\u0113mu uz dzimumz\u012bm\u012bt\u0113m, boj\u0101tas, apdegu\u0161as, iekaisu\u0161as vai kairin\u0101tas \u0101das, varikozi papla\u0161in\u0101to v\u0113nu gad\u012bjum\u0101. Pirms depil\u0101cijas \u0101dai ir j\u0101b\u016bt t\u012brai un sausai. Izvair\u012bties no saules vann\u0101m vienas stundas laik\u0101 p\u0113c depil\u0101cijas. 24h laik\u0101 pirms un p\u0113c depil\u0101cijas nelietojiet ziepes, odekolonus, dezodorantus, k\u0101 ar\u012b nelietojiet citus spirtu saturo\u0161us l\u012bdzek\u013cus kr\u0113ma no\u0146em\u0161anai. Nelietojiet kr\u0113mu uz jut\u012bgas \u0101das (deguna, ausu, kr\u016btsgalu, uzacu, acu zon\u0101). Nelietojiet kr\u0113mu uz \u0123enit\u0101liju un perian\u0101l\u0101s zonas.  Ja j\u016bs lietoj\u0101t z\u0101les kaut k\u0101das slim\u012bbas d\u0113\u013c, konsult\u0113jaties ar \u0101rstu pirms depil\u0101cijas kr\u0113ma lieto\u0161anas. Kr\u0113mu nerekomend\u0113 lietot cilv\u0113kiem, kas slimo ar diab\u0113tu. Ja kr\u0113ma lieto\u0161anas laik\u0101 J\u016bs izjut\u012bsiet dedzin\u0101\u0161anas saj\u016btu, likvid\u0113jiet kr\u0113mu un nomazg\u0101jiet \u0101du ar siltu \u016bdeni. Kr\u0113ms nav paredz\u0113ts ikdienas lieto\u0161anai. Netiek rekomend\u0113ts lietot kr\u0113mu atk\u0101rtoti ne agr\u0101k, k\u0101 72h p\u0113c depil\u0101cijas.\n<\/div>\n<div><\/div>\n","protected":false},"excerpt":{"rendered":"<p>Depil\u0101cijas kr\u0113ms 12in1. \u0136ermenim, bikini zonai un padus\u0113m. Viegli likvid\u0113 matus. Maigi iedarbojas, neboj\u0101jot \u0101du. Intens\u012bvi mitrina, nomierina aps\u0101rtumus, nov\u0113r\u0161 kairin\u0101jumu par\u0101d\u012b\u0161anos. Satur z\u012bda hidroliz\u0101tu, E vitam\u012bnu, \u0161\u012b sviestu un argana e\u013c\u013cu, piparm\u0113tru ekstraktu un narcises sakni, pantenolu. Lieto\u0161anas noteikumi: Nepie\u013caut nok\u013c\u016b\u0161anu ac\u012bs. Ja l\u012bdzeklis nok\u013c\u016bst ac\u012bs, t\u016bl\u012bt t\u0101s izskalot. Satur tioglikol\u0101tu. Satur s\u0101rmu. Iev\u0113rot [&#8230;]\n","protected":false},"featured_media":80930,"template":"","meta":[],"product_cat":[1622],"product_tag":[],"class_list":{"0":"post-50382","1":"product","2":"type-product","3":"status-publish","4":"has-post-thumbnail","6":"product_brand-elfa_ua","7":"product_cat-depilacijas-un-skusanas-lidzekli","9":"first","10":"instock","11":"taxable","12":"shipping-taxable","13":"product-type-simple"},"_links":{"self":[{"href":"https:\/\/e.kosmolat.eu\/lv\/wp-json\/wp\/v2\/product\/50382","targetHints":{"allow":["GET"]}}],"collection":[{"href":"https:\/\/e.kosmolat.eu\/lv\/wp-json\/wp\/v2\/product"}],"about":[{"href":"https:\/\/e.kosmolat.eu\/lv\/wp-json\/wp\/v2\/types\/product"}],"wp:featuredmedia":[{"embeddable":true,"href":"https:\/\/e.kosmolat.eu\/lv\/wp-json\/wp\/v2\/media\/80930"}],"wp:attachment":[{"href":"https:\/\/e.kosmolat.eu\/lv\/wp-json\/wp\/v2\/media?parent=50382"}],"wp:term":[{"taxonomy":"product_cat","embeddable":true,"href":"https:\/\/e.kosmolat.eu\/lv\/wp-json\/wp\/v2\/product_cat?post=50382"},{"taxonomy":"product_tag","embeddable":true,"href":"https:\/\/e.kosmolat.eu\/lv\/wp-json\/wp\/v2\/product_tag?post=50382"}],"curies":[{"name":"wp","href":"https:\/\/api.w.org\/{rel}","templated":true}]}}