{"id":50374,"date":"2024-04-23T04:05:40","date_gmt":"2024-04-23T04:05:40","guid":{"rendered":"https:\/\/e.kosmolat.eu\/product\/za-sejas-krems-olivu-200-ml\/"},"modified":"2026-05-08T21:06:36","modified_gmt":"2026-05-08T21:06:36","slug":"gp-sejas-krems-olivu-200-ml","status":"publish","type":"product","link":"https:\/\/e.kosmolat.eu\/lv\/product\/gp-sejas-krems-olivu-200-ml\/","title":{"rendered":"GP Sejas kr\u0113ms &#8220;Ol\u012bvu&#8221;, 200 ml"},"content":{"rendered":"<ul>\n<li>Barojo&scaron;i atjaunojo&scaron;s<\/li>\n<li>Visiem \u0101das tipiem<\/li>\n<\/ul>\n<p>Kr\u0113ms ar maigu tekst\u016bru pie&scaron;\u0137ir \u0101dai samtainumu un svaigumu. Ol\u012bvu ekstrakts un ol\u012bve\u013c\u013ca baro \u0101du, stimul\u0113 t\u0101s atjauno&scaron;anu, atgrie\u017eot \u0101dai m\u012bkstumu un elast\u012bbu. Kr\u0113ms aizsarg\u0101 pret \u0101r\u0113jas vides agres\u012bvo iedarb\u012bbu.&nbsp;<\/p>\n<p>Satur A vitam\u012bnu. L\u016bgums pirms lieto&scaron;anas p\u0101rdom\u0101t savu dienas devu.<\/p>\n<p><strong>Lieto&scaron;ana:<\/strong>&nbsp;viegl\u0101m mas\u0113jo&scaron;\u0101m kust\u012bb\u0101m uzkl\u0101t no r\u012bta un \/ vai vakar\u0101 uz t\u012br\u0101s saus\u0101s sejas un kakla \u0101das.&nbsp;<\/p>\n","protected":false},"excerpt":{"rendered":"<p>Barojo&scaron;i atjaunojo&scaron;s Visiem \u0101das tipiem Kr\u0113ms ar maigu tekst\u016bru pie&scaron;\u0137ir \u0101dai samtainumu un svaigumu. Ol\u012bvu ekstrakts un ol\u012bve\u013c\u013ca baro \u0101du, stimul\u0113 t\u0101s atjauno&scaron;anu, atgrie\u017eot \u0101dai m\u012bkstumu un elast\u012bbu. Kr\u0113ms aizsarg\u0101 pret \u0101r\u0113jas vides agres\u012bvo iedarb\u012bbu.&nbsp; Satur A vitam\u012bnu. L\u016bgums pirms lieto&scaron;anas p\u0101rdom\u0101t savu dienas devu. Lieto&scaron;ana:&nbsp;viegl\u0101m mas\u0113jo&scaron;\u0101m kust\u012bb\u0101m uzkl\u0101t no r\u012bta un \/ vai vakar\u0101 [&#8230;]\n","protected":false},"featured_media":104388,"template":"","meta":[],"product_cat":[1322],"product_tag":[],"class_list":{"0":"post-50374","1":"product","2":"type-product","3":"status-publish","4":"has-post-thumbnail","6":"product_brand-elfa_ua","7":"product_cat-veido-kremai","9":"first","10":"instock","11":"taxable","12":"shipping-taxable","13":"product-type-simple"},"_links":{"self":[{"href":"https:\/\/e.kosmolat.eu\/lv\/wp-json\/wp\/v2\/product\/50374","targetHints":{"allow":["GET"]}}],"collection":[{"href":"https:\/\/e.kosmolat.eu\/lv\/wp-json\/wp\/v2\/product"}],"about":[{"href":"https:\/\/e.kosmolat.eu\/lv\/wp-json\/wp\/v2\/types\/product"}],"wp:featuredmedia":[{"embeddable":true,"href":"https:\/\/e.kosmolat.eu\/lv\/wp-json\/wp\/v2\/media\/104388"}],"wp:attachment":[{"href":"https:\/\/e.kosmolat.eu\/lv\/wp-json\/wp\/v2\/media?parent=50374"}],"wp:term":[{"taxonomy":"product_cat","embeddable":true,"href":"https:\/\/e.kosmolat.eu\/lv\/wp-json\/wp\/v2\/product_cat?post=50374"},{"taxonomy":"product_tag","embeddable":true,"href":"https:\/\/e.kosmolat.eu\/lv\/wp-json\/wp\/v2\/product_tag?post=50374"}],"curies":[{"name":"wp","href":"https:\/\/api.w.org\/{rel}","templated":true}]}}