{"id":50366,"date":"2024-04-23T04:05:24","date_gmt":"2024-04-23T04:05:24","guid":{"rendered":"https:\/\/e.kosmolat.eu\/product\/za-sejas-krems-multivitaminu-komplekss-100-ml\/"},"modified":"2025-09-19T16:20:22","modified_gmt":"2025-09-19T16:20:22","slug":"za-sejas-krems-multivitaminu-komplekss-100-ml","status":"publish","type":"product","link":"https:\/\/e.kosmolat.eu\/lv\/product\/za-sejas-krems-multivitaminu-komplekss-100-ml\/","title":{"rendered":"&#8220;ZA&#8221; Sejas kr\u0113ms &#8220;Multivitam\u012bnu komplekss&#8221;, 100 ml"},"content":{"rendered":"<ul>\n<li>Gran\u0101t\u0101bola un aronijas ekstrakti<\/li>\n<li>Kompleks\u0101 iedarb\u012bba<\/li>\n<\/ul>\n<p>Satur PP, A, E, F vitam\u012bnu kompleksu, kuri veicina t\u0101 tvirtuma un svaiguma atjauno&scaron;anu.&nbsp;<\/p>\n<p>Aronijas ekstrakts ir bag\u0101ts ar P vitam\u012bnu, stiprina kapil\u0101ru sieni\u0146as.<\/p>\n<p>Gran\u0101tabola ekstrakts uzlabo sejas kr\u0101su.<\/p>\n<p><strong>Lieto&scaron;ana:<\/strong>&nbsp;viegl\u0101m mas\u0113jo&scaron;\u0101m kust\u012bb\u0101m uzkl\u0101t no r\u012bta un\/vai vakar\u0101 un t\u012br\u0101s saus\u0101s sejas un kakla<\/p>\n","protected":false},"excerpt":{"rendered":"<p>Gran\u0101t\u0101bola un aronijas ekstrakti Kompleks\u0101 iedarb\u012bba Satur PP, A, E, F vitam\u012bnu kompleksu, kuri veicina t\u0101 tvirtuma un svaiguma atjauno&scaron;anu.&nbsp; Aronijas ekstrakts ir bag\u0101ts ar P vitam\u012bnu, stiprina kapil\u0101ru sieni\u0146as. Gran\u0101tabola ekstrakts uzlabo sejas kr\u0101su. Lieto&scaron;ana:&nbsp;viegl\u0101m mas\u0113jo&scaron;\u0101m kust\u012bb\u0101m uzkl\u0101t no r\u012bta un\/vai vakar\u0101 un t\u012br\u0101s saus\u0101s sejas un kakla<\/p>\n","protected":false},"featured_media":79574,"template":"","meta":[],"product_cat":[1320],"product_tag":[],"class_list":{"0":"post-50366","1":"product","2":"type-product","3":"status-publish","4":"has-post-thumbnail","6":"product_brand-elfa_ua","7":"product_cat-sejas-kremi","9":"first","10":"outofstock","11":"taxable","12":"shipping-taxable","13":"product-type-simple"},"_links":{"self":[{"href":"https:\/\/e.kosmolat.eu\/lv\/wp-json\/wp\/v2\/product\/50366","targetHints":{"allow":["GET"]}}],"collection":[{"href":"https:\/\/e.kosmolat.eu\/lv\/wp-json\/wp\/v2\/product"}],"about":[{"href":"https:\/\/e.kosmolat.eu\/lv\/wp-json\/wp\/v2\/types\/product"}],"wp:featuredmedia":[{"embeddable":true,"href":"https:\/\/e.kosmolat.eu\/lv\/wp-json\/wp\/v2\/media\/79574"}],"wp:attachment":[{"href":"https:\/\/e.kosmolat.eu\/lv\/wp-json\/wp\/v2\/media?parent=50366"}],"wp:term":[{"taxonomy":"product_cat","embeddable":true,"href":"https:\/\/e.kosmolat.eu\/lv\/wp-json\/wp\/v2\/product_cat?post=50366"},{"taxonomy":"product_tag","embeddable":true,"href":"https:\/\/e.kosmolat.eu\/lv\/wp-json\/wp\/v2\/product_tag?post=50366"}],"curies":[{"name":"wp","href":"https:\/\/api.w.org\/{rel}","templated":true}]}}