{"id":50358,"date":"2024-04-23T04:05:07","date_gmt":"2024-04-23T04:05:07","guid":{"rendered":"https:\/\/e.kosmolat.eu\/product\/dr-s-black-castor-oil-balzams-200-ml\/"},"modified":"2025-09-19T22:28:44","modified_gmt":"2025-09-19T22:28:44","slug":"i_dr-s-black-castor-oil-balzams-200-ml","status":"publish","type":"product","link":"https:\/\/e.kosmolat.eu\/lv\/product\/i_dr-s-black-castor-oil-balzams-200-ml\/","title":{"rendered":"I_Dr.S.BLACK CASTOR OIL Balzams, 200 ml"},"content":{"rendered":"<p>S\u0113rija Black Castor Oil ir piepild\u012bta ar unik\u0101l\u0101m e\u013c\u013cu un augu aminosk\u0101bju sp\u0113ku \u012bpa&scaron;\u012bb\u0101m. Dab\u012bga r\u012bcine\u013c\u013ca uz 90% sast\u0101v no v\u0113rt\u012bgas r\u012bcinolsk\u0101bes, kura stiprina nov\u0101jin\u0101tus un pl\u0101nus matus.<br \/>\nKvie&scaron;u aminosk\u0101bju un sojas komplekss &ndash; t\u0101 ir m\u016bsdienu augu alternat\u012bva dz\u012bvnieku kerat\u012bnam. Uztur \u016bdens molekulas matu iek&scaron;pus\u0113, nov\u0113r&scaron; matu l\u016b&scaron;anu un &scaron;\u0137el&scaron;anos. R\u012bcine\u013c\u013ca sast\u0101v no tauksk\u0101bju triglicer\u012bdiem. Stiprina matus, pie&scaron;\u0137ir tiem m\u012bkstumu un sp\u012bdumu. Inka in\u010di e\u013c\u013ca ir bag\u0101ta ar v\u0113rt\u012bg\u0101m polipies\u0101tin\u0101t\u0101m tauksk\u0101b\u0113m Omega 3, 6, 9 un tokoferoliem. Atjauno matu aizsarglip\u012bdu sl\u0101ni, padarot to notur\u012bg\u0101ku pret boj\u0101jumiem. Balzams padara matus z\u012bdainus, sp\u012bd\u012bgus un paklaus\u012bgus, pie&scaron;\u0137ir antistatisku efektu, atvieglo \u0137emm\u0113&scaron;anu.<\/p>\n<p><strong>Lieto&scaron;ana:<\/strong> uzkl\u0101t uz t\u012briem mitriem matiem, izsm\u0113r\u0113t vis\u0101 to garum\u0101, izvairoties no piesak\u0146u zonas. Atst\u0101t uz 1-2 min\u016bt\u0113m, tad r\u016bp\u012bgi nomazg\u0101t.<\/p>\n<p><strong>Piesardz\u012bbas pas\u0101kumi: <\/strong>ja iek\u013c\u016bst ac\u012bs, nomazg\u0101t ar \u016bdeni. Ir iesp\u0113jama paaugstin\u0101ta individu\u0101la jut\u012bba uz atsevi&scaron;\u0137\u0101m sast\u0101vda\u013c\u0101m.&nbsp;<br \/>\n&nbsp;<\/p>\n","protected":false},"excerpt":{"rendered":"<p>S\u0113rija Black Castor Oil ir piepild\u012bta ar unik\u0101l\u0101m e\u013c\u013cu un augu aminosk\u0101bju sp\u0113ku \u012bpa&scaron;\u012bb\u0101m. Dab\u012bga r\u012bcine\u013c\u013ca uz 90% sast\u0101v no v\u0113rt\u012bgas r\u012bcinolsk\u0101bes, kura stiprina nov\u0101jin\u0101tus un pl\u0101nus matus. Kvie&scaron;u aminosk\u0101bju un sojas komplekss &ndash; t\u0101 ir m\u016bsdienu augu alternat\u012bva dz\u012bvnieku kerat\u012bnam. Uztur \u016bdens molekulas matu iek&scaron;pus\u0113, nov\u0113r&scaron; matu l\u016b&scaron;anu un &scaron;\u0137el&scaron;anos. R\u012bcine\u013c\u013ca sast\u0101v no tauksk\u0101bju [&#8230;]\n","protected":false},"featured_media":86150,"template":"","meta":[],"product_cat":[1638],"product_tag":[],"class_list":{"0":"post-50358","1":"product","2":"type-product","3":"status-publish","4":"has-post-thumbnail","6":"product_brand-elfa_ua","7":"product_cat-balzami","9":"first","10":"outofstock","11":"taxable","12":"shipping-taxable","13":"product-type-simple"},"_links":{"self":[{"href":"https:\/\/e.kosmolat.eu\/lv\/wp-json\/wp\/v2\/product\/50358","targetHints":{"allow":["GET"]}}],"collection":[{"href":"https:\/\/e.kosmolat.eu\/lv\/wp-json\/wp\/v2\/product"}],"about":[{"href":"https:\/\/e.kosmolat.eu\/lv\/wp-json\/wp\/v2\/types\/product"}],"wp:featuredmedia":[{"embeddable":true,"href":"https:\/\/e.kosmolat.eu\/lv\/wp-json\/wp\/v2\/media\/86150"}],"wp:attachment":[{"href":"https:\/\/e.kosmolat.eu\/lv\/wp-json\/wp\/v2\/media?parent=50358"}],"wp:term":[{"taxonomy":"product_cat","embeddable":true,"href":"https:\/\/e.kosmolat.eu\/lv\/wp-json\/wp\/v2\/product_cat?post=50358"},{"taxonomy":"product_tag","embeddable":true,"href":"https:\/\/e.kosmolat.eu\/lv\/wp-json\/wp\/v2\/product_tag?post=50358"}],"curies":[{"name":"wp","href":"https:\/\/api.w.org\/{rel}","templated":true}]}}