{"id":50350,"date":"2024-04-23T04:04:46","date_gmt":"2024-04-23T04:04:46","guid":{"rendered":"https:\/\/e.kosmolat.eu\/product\/markell-superfood-sejas-serums-ogu-mitrinasana-30-ml\/"},"modified":"2025-09-20T03:52:11","modified_gmt":"2025-09-20T03:52:11","slug":"markell-superfood-sejas-serums-ogu-mitrinasana-30-ml","status":"publish","type":"product","link":"https:\/\/e.kosmolat.eu\/lv\/product\/markell-superfood-sejas-serums-ogu-mitrinasana-30-ml\/","title":{"rendered":"MARKELL Superfood Sejas serums Ogu mitrin\u0101\u0161ana, 30 ml"},"content":{"rendered":"<p>Serums ir balst\u012bts uz dabiskiem ogu ekstraktiem. Pateicoties vieglai tekst\u016brai, tas \u0101tri ies\u016bcas \u0101d\u0101 un baro to no iek&scaron;puses, pie&scaron;\u0137irot tai svaigumu un mirdzumu. \u012apa&scaron;i atlas\u012bts akt\u012bvo sast\u0101vda\u013cu komplekss intens\u012bvi mitrina \u0101du un pastiprina t\u0101s aizsargfunkcijas.<\/p>\n<p><strong>VARRIER TM<\/strong> ir akt\u012bv\u0101 sast\u0101vda\u013ca no \u010detru ogu dabisko ekstraktu kombin\u0101cijas: god\u017ei, z\u012bdkoka, b\u0101rbeles un zeme\u0146es. Iev\u0113rojami palielina \u0101das mitruma l\u012bmeni. Tas ir antioksidants, kas lieliski aizsarg\u0101 \u0101du pret kait\u012bgajiem UVB stariem.<br \/>\n<strong>SMILTRS\u0112RK&Scaron;\u0136U EKSTRAKTAM<\/strong> ir barojo&scaron;a un atjaunojo&scaron;a iedarb\u012bba. Tas uzlabo \u0101das elast\u012bbu, efekt\u012bvi mazinot lob\u012b&scaron;anos.<br \/>\n<strong>ACAI OGU EKSTRAKTS<\/strong> m\u012bkstina \u0101du, tam piem\u012bt antioksidanta \u012bpa&scaron;\u012bbas, kas samazina br\u012bvo radik\u0101\u013cu ietekmi.<\/p>\n<p><strong>Lieto&scaron;ana:<\/strong> lietojiet katru dienu no r\u012bta un\/vai vakar\u0101 p\u0113c sejas att\u012br\u012b&scaron;anas. Uzkl\u0101jiet 2-3 pilienus ar pirkstu galiem ar ap\u013cveida kust\u012bb\u0101m. Ja nepiecie&scaron;ams, p\u0113c seruma uzkl\u0101&scaron;anas lietojiet parasto dienas vai nakts kr\u0113mu.<\/p>\n<p>Uzglab\u0101t temperat\u016br\u0101 no +5 &deg;\u0421 l\u012bdz +25 &deg;\u0421.<\/p>\n<p><strong>Der\u012bguma termi\u0146&scaron;: <\/strong>24 m\u0113ne&scaron;i.<\/p>\n","protected":false},"excerpt":{"rendered":"<p>Serums ir balst\u012bts uz dabiskiem ogu ekstraktiem. Pateicoties vieglai tekst\u016brai, tas \u0101tri ies\u016bcas \u0101d\u0101 un baro to no iek&scaron;puses, pie&scaron;\u0137irot tai svaigumu un mirdzumu. \u012apa&scaron;i atlas\u012bts akt\u012bvo sast\u0101vda\u013cu komplekss intens\u012bvi mitrina \u0101du un pastiprina t\u0101s aizsargfunkcijas. VARRIER TM ir akt\u012bv\u0101 sast\u0101vda\u013ca no \u010detru ogu dabisko ekstraktu kombin\u0101cijas: god\u017ei, z\u012bdkoka, b\u0101rbeles un zeme\u0146es. Iev\u0113rojami palielina \u0101das [&#8230;]\n","protected":false},"featured_media":91322,"template":"","meta":[],"product_cat":[1328],"product_tag":[],"class_list":{"0":"post-50350","1":"product","2":"type-product","3":"status-publish","4":"has-post-thumbnail","6":"product_brand-markell_by","7":"product_cat-1328","9":"first","10":"outofstock","11":"taxable","12":"shipping-taxable","13":"product-type-simple"},"_links":{"self":[{"href":"https:\/\/e.kosmolat.eu\/lv\/wp-json\/wp\/v2\/product\/50350","targetHints":{"allow":["GET"]}}],"collection":[{"href":"https:\/\/e.kosmolat.eu\/lv\/wp-json\/wp\/v2\/product"}],"about":[{"href":"https:\/\/e.kosmolat.eu\/lv\/wp-json\/wp\/v2\/types\/product"}],"wp:featuredmedia":[{"embeddable":true,"href":"https:\/\/e.kosmolat.eu\/lv\/wp-json\/wp\/v2\/media\/91322"}],"wp:attachment":[{"href":"https:\/\/e.kosmolat.eu\/lv\/wp-json\/wp\/v2\/media?parent=50350"}],"wp:term":[{"taxonomy":"product_cat","embeddable":true,"href":"https:\/\/e.kosmolat.eu\/lv\/wp-json\/wp\/v2\/product_cat?post=50350"},{"taxonomy":"product_tag","embeddable":true,"href":"https:\/\/e.kosmolat.eu\/lv\/wp-json\/wp\/v2\/product_tag?post=50350"}],"curies":[{"name":"wp","href":"https:\/\/api.w.org\/{rel}","templated":true}]}}