{"id":50342,"date":"2024-04-23T04:04:31","date_gmt":"2024-04-23T04:04:31","guid":{"rendered":"https:\/\/e.kosmolat.eu\/product\/markell-superfood-sejas-serums-riekstu-barosana-30-ml\/"},"modified":"2025-09-20T03:51:56","modified_gmt":"2025-09-20T03:51:56","slug":"markell-superfood-sejas-serums-riekstu-barosana-30-ml","status":"publish","type":"product","link":"https:\/\/e.kosmolat.eu\/lv\/product\/markell-superfood-sejas-serums-riekstu-barosana-30-ml\/","title":{"rendered":"MARKELL Superfood Sejas serums Riekstu baro\u0161ana, 30 ml"},"content":{"rendered":"<p>\u012apa&scaron;i barojo&scaron;s serums uz dabisko e\u013c\u013cu b\u0101zes dzi\u013ci ies\u016bcas \u0101d\u0101 un pies\u0101tina to ar labv\u0113l\u012bgiem vitam\u012bniem un miner\u0101lviel\u0101m, efekt\u012bvi mitrina un m\u012bkstina \u0101du, pie&scaron;\u0137irot tai elast\u012bbu un samtainu, koptu izskatu. Neatst\u0101j taukainu sp\u012bdumu. Piem\u0113rots visiem \u0101das tipiem.<\/p>\n<p><strong>MAKADAMIJAS E\u013b\u013bA <\/strong>baro un atjauno \u0101du, k\u0101 ar\u012b lieliski aizsarg\u0101 to pret \u0101r\u0113jo faktoru kait\u012bgo ietekmi. Pal\u0113nina &nbsp;noveco&scaron;an\u0101s procesus, veicina \u0101das atjauno&scaron;anos, uzlabo \u0101das tonusu un izl\u012bdzina grumbas.<br \/>\n<strong>DELICE EXTREME<\/strong> &ndash; pekanriekstu ekstrakta un k\u013cavu s\u012brupa komplekss. \u012apa&scaron;i barojo&scaron;s serums uz dabisko e\u013c\u013cu pamata, kas dzi\u013ci ies\u016bcas \u0101d\u0101 un pies\u0101tina to ar labv\u0113l\u012bgiem vitam\u012bniem un miner\u0101lviel\u0101m, efekt\u012bvi mitrina un m\u012bkstina \u0101du, pie&scaron;\u0137irot tai elast\u012bbu un samtainu, koptu izskatu. Neatst\u0101j taukainu sp\u012bdumu. Piem\u0113rots visiem \u0101das tipiem. Tam piem\u012bt barojo&scaron;a, nomierino&scaron;a, mitrino&scaron;a un antioksidanta iedarb\u012bba.<br \/>\n<strong>MANDE\u013bU E\u013b\u013bA<\/strong> maigi kopj \u0101du, samazina transepiderm\u0101lo mitruma zudumu, nov\u0113r&scaron;ot \u0101das sausumu.<\/p>\n<p><strong>Lieto&scaron;ana:<\/strong> lietojiet katru dienu no r\u012bta un\/vai vakar\u0101 p\u0113c sejas att\u012br\u012b&scaron;anas. Uzkl\u0101jiet 2-3 pilienus ar pirkstu galiem ar ap\u013cveida kust\u012bb\u0101m. Ja nepiecie&scaron;ams, p\u0113c seruma uzkl\u0101&scaron;anas lietojiet parasto dienas vai nakts kr\u0113mu.<\/p>\n<p>Uzglab\u0101t temperat\u016br\u0101 no +5 &deg;\u0421 l\u012bdz +25 &deg;\u0421.<\/p>\n<p><strong>Der\u012bguma termi\u0146&scaron;: <\/strong>24 m\u0113ne&scaron;i.<\/p>\n<p>\n&nbsp;<\/p>\n","protected":false},"excerpt":{"rendered":"<p>\u012apa&scaron;i barojo&scaron;s serums uz dabisko e\u013c\u013cu b\u0101zes dzi\u013ci ies\u016bcas \u0101d\u0101 un pies\u0101tina to ar labv\u0113l\u012bgiem vitam\u012bniem un miner\u0101lviel\u0101m, efekt\u012bvi mitrina un m\u012bkstina \u0101du, pie&scaron;\u0137irot tai elast\u012bbu un samtainu, koptu izskatu. Neatst\u0101j taukainu sp\u012bdumu. Piem\u0113rots visiem \u0101das tipiem. MAKADAMIJAS E\u013b\u013bA baro un atjauno \u0101du, k\u0101 ar\u012b lieliski aizsarg\u0101 to pret \u0101r\u0113jo faktoru kait\u012bgo ietekmi. Pal\u0113nina &nbsp;noveco&scaron;an\u0101s [&#8230;]\n","protected":false},"featured_media":91318,"template":"","meta":[],"product_cat":[1325],"product_tag":[],"class_list":{"0":"post-50342","1":"product","2":"type-product","3":"status-publish","4":"has-post-thumbnail","6":"product_brand-markell_by","7":"product_cat-serumi","9":"first","10":"outofstock","11":"taxable","12":"shipping-taxable","13":"product-type-simple"},"_links":{"self":[{"href":"https:\/\/e.kosmolat.eu\/lv\/wp-json\/wp\/v2\/product\/50342","targetHints":{"allow":["GET"]}}],"collection":[{"href":"https:\/\/e.kosmolat.eu\/lv\/wp-json\/wp\/v2\/product"}],"about":[{"href":"https:\/\/e.kosmolat.eu\/lv\/wp-json\/wp\/v2\/types\/product"}],"wp:featuredmedia":[{"embeddable":true,"href":"https:\/\/e.kosmolat.eu\/lv\/wp-json\/wp\/v2\/media\/91318"}],"wp:attachment":[{"href":"https:\/\/e.kosmolat.eu\/lv\/wp-json\/wp\/v2\/media?parent=50342"}],"wp:term":[{"taxonomy":"product_cat","embeddable":true,"href":"https:\/\/e.kosmolat.eu\/lv\/wp-json\/wp\/v2\/product_cat?post=50342"},{"taxonomy":"product_tag","embeddable":true,"href":"https:\/\/e.kosmolat.eu\/lv\/wp-json\/wp\/v2\/product_tag?post=50342"}],"curies":[{"name":"wp","href":"https:\/\/api.w.org\/{rel}","templated":true}]}}