{"id":50334,"date":"2024-04-23T04:04:15","date_gmt":"2024-04-23T04:04:15","guid":{"rendered":"https:\/\/e.kosmolat.eu\/product\/markell-superfood-aqua-mist-izsmidz-lidz-sejai-un-kerm-avene-un-baziliks-100-ml\/"},"modified":"2025-09-20T03:51:28","modified_gmt":"2025-09-20T03:51:28","slug":"markell-superfood-aqua-mist-izsmidz-lidz-sejai-un-kerm-avene-un-baziliks-100-ml","status":"publish","type":"product","link":"https:\/\/e.kosmolat.eu\/lv\/product\/markell-superfood-aqua-mist-izsmidz-lidz-sejai-un-kerm-avene-un-baziliks-100-ml\/","title":{"rendered":"MARKELL Superfood Aqua-mist Izsmidz. l\u012bdz. sejai un \u0137erm. Avene un Baziliks, 100 ml"},"content":{"rendered":"<p>Iesai\u0146ojiet sevi viegl\u0101 toniz\u0113jo&scaron;\u0101 ave\u0146u un bazilika migl\u0101! \u0112rti lietojams un kompakts aqua-mists tul\u012bt\u0113ji atsvaidzina \u0101du. Akt\u012bv\u0101s sast\u0101vda\u013cas bag\u0101tina \u0101du ar mitrumu, vitam\u012bniem un aminosk\u0101b\u0113m. Arom\u0101ts ilgi notur\u0113sies uz \u0101das, radot svaiguma un t\u012br\u012bbas saj\u016btu karst\u0101s vasaras dien\u0101s vai p\u0113c sporta nodarb\u012bb\u0101m.<\/p>\n<p><strong>AVE\u0145U EKSTRAKTS<\/strong> atsvaidzina un mitrina \u0101du, pies\u0101tinot to ar vitam\u012bniem un miner\u0101lviel\u0101m. Tam piem\u012bt antioksidanta iedarb\u012bba.<br \/>\n<strong>PRODEW 600&reg;<\/strong> ir desmit aminosk\u0101bju komplekss. Tam piem\u012bt sp\u0113c\u012bga mitrino&scaron;a iedarb\u012bba un tas samazina transepiderm\u0101lo mitruma zudumu.<\/p>\n<p><strong>Lieto&scaron;ana:<\/strong> izsmidzin\u0101t no 20-30 cm att\u0101luma uz sejas un\/vai atkl\u0101taj\u0101m \u0137erme\u0146a zon\u0101m. Var lietot uz grima.<\/p>\n<p>Uzglab\u0101t temperat\u016br\u0101 no +5 &deg;\u0421 l\u012bdz +25 &deg;\u0421.<\/p>\n<p><strong>Der\u012bguma termi\u0146&scaron;: <\/strong>24 m\u0113ne&scaron;i.<br \/>\n&nbsp;<\/p>\n","protected":false},"excerpt":{"rendered":"<p>Iesai\u0146ojiet sevi viegl\u0101 toniz\u0113jo&scaron;\u0101 ave\u0146u un bazilika migl\u0101! \u0112rti lietojams un kompakts aqua-mists tul\u012bt\u0113ji atsvaidzina \u0101du. Akt\u012bv\u0101s sast\u0101vda\u013cas bag\u0101tina \u0101du ar mitrumu, vitam\u012bniem un aminosk\u0101b\u0113m. Arom\u0101ts ilgi notur\u0113sies uz \u0101das, radot svaiguma un t\u012br\u012bbas saj\u016btu karst\u0101s vasaras dien\u0101s vai p\u0113c sporta nodarb\u012bb\u0101m. AVE\u0145U EKSTRAKTS atsvaidzina un mitrina \u0101du, pies\u0101tinot to ar vitam\u012bniem un miner\u0101lviel\u0101m. Tam [&#8230;]\n","protected":false},"featured_media":91310,"template":"","meta":[],"product_cat":[1376],"product_tag":[],"class_list":{"0":"post-50334","1":"product","2":"type-product","3":"status-publish","4":"has-post-thumbnail","6":"product_brand-markell_by","7":"product_cat-kermena-spreji","9":"first","10":"outofstock","11":"taxable","12":"shipping-taxable","13":"product-type-simple"},"_links":{"self":[{"href":"https:\/\/e.kosmolat.eu\/lv\/wp-json\/wp\/v2\/product\/50334","targetHints":{"allow":["GET"]}}],"collection":[{"href":"https:\/\/e.kosmolat.eu\/lv\/wp-json\/wp\/v2\/product"}],"about":[{"href":"https:\/\/e.kosmolat.eu\/lv\/wp-json\/wp\/v2\/types\/product"}],"wp:featuredmedia":[{"embeddable":true,"href":"https:\/\/e.kosmolat.eu\/lv\/wp-json\/wp\/v2\/media\/91310"}],"wp:attachment":[{"href":"https:\/\/e.kosmolat.eu\/lv\/wp-json\/wp\/v2\/media?parent=50334"}],"wp:term":[{"taxonomy":"product_cat","embeddable":true,"href":"https:\/\/e.kosmolat.eu\/lv\/wp-json\/wp\/v2\/product_cat?post=50334"},{"taxonomy":"product_tag","embeddable":true,"href":"https:\/\/e.kosmolat.eu\/lv\/wp-json\/wp\/v2\/product_tag?post=50334"}],"curies":[{"name":"wp","href":"https:\/\/api.w.org\/{rel}","templated":true}]}}