{"id":50326,"date":"2024-04-23T04:03:58","date_gmt":"2024-04-23T04:03:58","guid":{"rendered":"https:\/\/e.kosmolat.eu\/product\/markell-superfood-aqua-mist-izsmidz-lidz-sejai-un-kerm-laims-un-zala-teja-100-ml\/"},"modified":"2026-03-31T20:53:31","modified_gmt":"2026-03-31T20:53:31","slug":"markell-superfood-aqua-mist-izsmidz-lidz-sejai-un-kerm-laims-un-zala-teja-100-ml","status":"publish","type":"product","link":"https:\/\/e.kosmolat.eu\/lv\/product\/markell-superfood-aqua-mist-izsmidz-lidz-sejai-un-kerm-laims-un-zala-teja-100-ml\/","title":{"rendered":"MARKELL Superfood Aqua-mist Izsmidz. l\u012bdz. sejai un \u0137erm. Laims un Za\u013ca t\u0113ja, 100 ml"},"content":{"rendered":"<p>Viegls \u0137erme\u0146a sprejs ar uzmundrino&scaron;u laima un za\u013c\u0101s t\u0113jas arom\u0101tu, kas atsvaidzin\u0101s un piepild\u012bs j\u016bs ar vasar\u012bgu noska\u0146u! Produkts ir viegli uzkl\u0101jams un \u0101tri ies\u016bcas \u0101d\u0101, lieliski mitrinot to. Spreja akt\u012bv\u0101s sast\u0101vda\u013cas pies\u0101tina \u0101du ar labv\u0113l\u012bgiem mikroelementiem. \u0112rts, kompakts iepakojums ietilps jebkur\u0101 somi\u0146\u0101!<\/p>\n<p><strong>LAIMA SULAS EKSTRAKTS<\/strong> pies\u0101tina \u0101du ar antioksidantu vitam\u012bniem, toniz\u0113 un atsvaidzina, padarot sejas kr\u0101su skaistu un vesel\u012bgu.<br \/>\n<strong>PRODEW 600&reg; <\/strong>ir desmit aminosk\u0101bju komplekss. Tam piem\u012bt sp\u0113c\u012bga mitrino&scaron;a iedarb\u012bba un tas samazina transepiderm\u0101lo mitruma zudumu.<\/p>\n<p><strong>Lieto&scaron;ana:<\/strong> izsmidzin\u0101t no 20-30 cm att\u0101luma uz sejas un\/vai atkl\u0101taj\u0101m \u0137erme\u0146a zon\u0101m. Var lietot uz grima.<\/p>\n<p>Uzglab\u0101t temperat\u016br\u0101 no +5 &deg;\u0421 l\u012bdz +25 &deg;\u0421.<\/p>\n<p><strong>Der\u012bguma termi\u0146&scaron;:<\/strong> 24 m\u0113ne&scaron;i.<br \/>\n&nbsp;<\/p>\n","protected":false},"excerpt":{"rendered":"<p>Viegls \u0137erme\u0146a sprejs ar uzmundrino&scaron;u laima un za\u013c\u0101s t\u0113jas arom\u0101tu, kas atsvaidzin\u0101s un piepild\u012bs j\u016bs ar vasar\u012bgu noska\u0146u! Produkts ir viegli uzkl\u0101jams un \u0101tri ies\u016bcas \u0101d\u0101, lieliski mitrinot to. Spreja akt\u012bv\u0101s sast\u0101vda\u013cas pies\u0101tina \u0101du ar labv\u0113l\u012bgiem mikroelementiem. \u0112rts, kompakts iepakojums ietilps jebkur\u0101 somi\u0146\u0101! LAIMA SULAS EKSTRAKTS pies\u0101tina \u0101du ar antioksidantu vitam\u012bniem, toniz\u0113 un atsvaidzina, padarot [&#8230;]\n","protected":false},"featured_media":91306,"template":"","meta":[],"product_cat":[1325],"product_tag":[],"class_list":{"0":"post-50326","1":"product","2":"type-product","3":"status-publish","4":"has-post-thumbnail","6":"product_brand-markell_by","7":"product_cat-serumi","9":"first","10":"outofstock","11":"taxable","12":"shipping-taxable","13":"product-type-simple"},"_links":{"self":[{"href":"https:\/\/e.kosmolat.eu\/lv\/wp-json\/wp\/v2\/product\/50326","targetHints":{"allow":["GET"]}}],"collection":[{"href":"https:\/\/e.kosmolat.eu\/lv\/wp-json\/wp\/v2\/product"}],"about":[{"href":"https:\/\/e.kosmolat.eu\/lv\/wp-json\/wp\/v2\/types\/product"}],"wp:featuredmedia":[{"embeddable":true,"href":"https:\/\/e.kosmolat.eu\/lv\/wp-json\/wp\/v2\/media\/91306"}],"wp:attachment":[{"href":"https:\/\/e.kosmolat.eu\/lv\/wp-json\/wp\/v2\/media?parent=50326"}],"wp:term":[{"taxonomy":"product_cat","embeddable":true,"href":"https:\/\/e.kosmolat.eu\/lv\/wp-json\/wp\/v2\/product_cat?post=50326"},{"taxonomy":"product_tag","embeddable":true,"href":"https:\/\/e.kosmolat.eu\/lv\/wp-json\/wp\/v2\/product_tag?post=50326"}],"curies":[{"name":"wp","href":"https:\/\/api.w.org\/{rel}","templated":true}]}}