{"id":50286,"date":"2024-04-23T04:02:22","date_gmt":"2024-04-23T04:02:22","guid":{"rendered":"https:\/\/e.kosmolat.eu\/product\/dr-s-collagen-hair-sampuns-volume-boost-1-l\/"},"modified":"2025-03-31T05:42:37","modified_gmt":"2025-03-31T05:42:37","slug":"i_dr-s-collagen-hair-sampuns-volume-boost-1-l","status":"publish","type":"product","link":"https:\/\/e.kosmolat.eu\/lv\/product\/i_dr-s-collagen-hair-sampuns-volume-boost-1-l\/","title":{"rendered":"I_Dr.S.COLLAGEN HAIR \u0160amp\u016bns Volume boost, 1 l"},"content":{"rendered":"<p>Dr. Sant&eacute; Collagen hair Volume boost \u0161amp\u016bns ir garantija stipriem un skaistiem matiem no sakn\u0113m l\u012bdz gali\u0146iem. Matu mitrin\u0101\u0161ana, superapjoma ener\u0123ija bez smaguma, aizsardz\u012bba pret l\u016b\u0161anu vis\u0101 to garum\u0101. Satur fitokolag\u0113nu, veicina matu sak\u0146u aug\u0161anu. Mati ieg\u016bst 3D lokan\u012bbu, vitalit\u0101ti.<\/p>\n<p><strong>Lieto\u0161ana:<\/strong> uzkl\u0101t uz mitriem matiem, saputot, izskalot ar \u016bdeni.<\/p>\n<p><strong>Piesardz\u012bbas pas\u0101kumi:<\/strong> paaugstin\u0101ta individu\u0101l\u0101 jut\u012bba pret atsevi\u0161\u0137\u0101m sast\u0101vda\u013c\u0101m.<\/p>\n<p>Uzglab\u0101t temperat\u016br\u0101 no +5 &deg;\u0421 l\u012bdz +25 &deg;\u0421.<\/p>\n<p><strong>Der\u012bguma termi\u0146\u0161:<\/strong> 30 m\u0113ne\u0161i no izgatavo\u0161anas datuma.<\/p>\n","protected":false},"excerpt":{"rendered":"<p>Dr. Sant&eacute; Collagen hair Volume boost \u0161amp\u016bns ir garantija stipriem un skaistiem matiem no sakn\u0113m l\u012bdz gali\u0146iem. Matu mitrin\u0101\u0161ana, superapjoma ener\u0123ija bez smaguma, aizsardz\u012bba pret l\u016b\u0161anu vis\u0101 to garum\u0101. Satur fitokolag\u0113nu, veicina matu sak\u0146u aug\u0161anu. Mati ieg\u016bst 3D lokan\u012bbu, vitalit\u0101ti. Lieto\u0161ana: uzkl\u0101t uz mitriem matiem, saputot, izskalot ar \u016bdeni. Piesardz\u012bbas pas\u0101kumi: paaugstin\u0101ta individu\u0101l\u0101 jut\u012bba pret [&#8230;]\n","protected":false},"featured_media":50290,"template":"","meta":[],"product_cat":[1248],"product_tag":[],"class_list":{"0":"post-50286","1":"product","2":"type-product","3":"status-publish","4":"has-post-thumbnail","6":"product_brand-elfa_ua","7":"product_cat-sampuni","9":"first","10":"outofstock","11":"taxable","12":"shipping-taxable","13":"product-type-simple"},"_links":{"self":[{"href":"https:\/\/e.kosmolat.eu\/lv\/wp-json\/wp\/v2\/product\/50286","targetHints":{"allow":["GET"]}}],"collection":[{"href":"https:\/\/e.kosmolat.eu\/lv\/wp-json\/wp\/v2\/product"}],"about":[{"href":"https:\/\/e.kosmolat.eu\/lv\/wp-json\/wp\/v2\/types\/product"}],"wp:featuredmedia":[{"embeddable":true,"href":"https:\/\/e.kosmolat.eu\/lv\/wp-json\/wp\/v2\/media\/50290"}],"wp:attachment":[{"href":"https:\/\/e.kosmolat.eu\/lv\/wp-json\/wp\/v2\/media?parent=50286"}],"wp:term":[{"taxonomy":"product_cat","embeddable":true,"href":"https:\/\/e.kosmolat.eu\/lv\/wp-json\/wp\/v2\/product_cat?post=50286"},{"taxonomy":"product_tag","embeddable":true,"href":"https:\/\/e.kosmolat.eu\/lv\/wp-json\/wp\/v2\/product_tag?post=50286"}],"curies":[{"name":"wp","href":"https:\/\/api.w.org\/{rel}","templated":true}]}}