{"id":50265,"date":"2024-04-20T04:09:31","date_gmt":"2024-04-20T04:09:31","guid":{"rendered":"https:\/\/e.kosmolat.eu\/product\/i_dusas-cepurite-9299\/"},"modified":"2025-09-19T16:46:28","modified_gmt":"2025-09-19T16:46:28","slug":"i_dusas-cepurite-9299","status":"publish","type":"product","link":"https:\/\/e.kosmolat.eu\/lv\/product\/i_dusas-cepurite-9299\/","title":{"rendered":"I_Du\u0161as cepur\u012bte 9299"},"content":{"rendered":"<p>Du\u0161as cepur\u012bte.<\/p>\n","protected":false},"excerpt":{"rendered":"<p>Du\u0161as cepur\u012bte.<\/p>\n","protected":false},"featured_media":79998,"template":"","meta":[],"product_cat":[1669],"product_tag":[],"class_list":{"0":"post-50265","1":"product","2":"type-product","3":"status-publish","4":"has-post-thumbnail","6":"product_brand-donegal-sp-zo-o-_pl","7":"product_cat-plauku-aksesuarai","9":"first","10":"outofstock","11":"taxable","12":"shipping-taxable","13":"product-type-simple"},"_links":{"self":[{"href":"https:\/\/e.kosmolat.eu\/lv\/wp-json\/wp\/v2\/product\/50265","targetHints":{"allow":["GET"]}}],"collection":[{"href":"https:\/\/e.kosmolat.eu\/lv\/wp-json\/wp\/v2\/product"}],"about":[{"href":"https:\/\/e.kosmolat.eu\/lv\/wp-json\/wp\/v2\/types\/product"}],"wp:featuredmedia":[{"embeddable":true,"href":"https:\/\/e.kosmolat.eu\/lv\/wp-json\/wp\/v2\/media\/79998"}],"wp:attachment":[{"href":"https:\/\/e.kosmolat.eu\/lv\/wp-json\/wp\/v2\/media?parent=50265"}],"wp:term":[{"taxonomy":"product_cat","embeddable":true,"href":"https:\/\/e.kosmolat.eu\/lv\/wp-json\/wp\/v2\/product_cat?post=50265"},{"taxonomy":"product_tag","embeddable":true,"href":"https:\/\/e.kosmolat.eu\/lv\/wp-json\/wp\/v2\/product_tag?post=50265"}],"curies":[{"name":"wp","href":"https:\/\/api.w.org\/{rel}","templated":true}]}}