{"id":50233,"date":"2024-04-20T04:08:12","date_gmt":"2024-04-20T04:08:12","guid":{"rendered":"https:\/\/e.kosmolat.eu\/product\/markell-superfood-aqua-mist-izsm-lidz-sejai-un-kerm-papaija-un-melone-100-ml\/"},"modified":"2025-09-20T03:51:42","modified_gmt":"2025-09-20T03:51:42","slug":"markell-superfood-aqua-mist-izsm-lidz-sejai-un-kerm-papaija-un-melone-100-ml","status":"publish","type":"product","link":"https:\/\/e.kosmolat.eu\/lv\/product\/markell-superfood-aqua-mist-izsm-lidz-sejai-un-kerm-papaija-un-melone-100-ml\/","title":{"rendered":"MARKELL Superfood Aqua-mist Izsm.  l\u012bdz. sejai un \u0137erm. Papaija un Melone, 100 ml"},"content":{"rendered":"<p>Izsmidzin\u0101ms l\u012bdzeklis ar svaigu un izteiksm\u012bgu melones un papaijas arom\u0101tu maigi ap\u0146em \u0137ermeni un izraisa br\u012bni&scaron;\u0137\u012bgas saj\u016btas. Akt\u012bv\u0101 formula ar dabisko papaijas sulas ekstraktu un aminosk\u0101bju kompleksu r\u016bp\u0113jas par J\u016bsu \u0101du &ndash; m\u012bkstina un mitrina, atjauno \u016bdens l\u012bdzsvaru un aizkav\u0113 noveco&scaron;anos.<\/p>\n<p><strong>FRUITAPONE&reg; PAPAYA B<\/strong> ir dabiskais papaijas sulas ekstrakts, kam piem\u012bt toniz\u0113jo&scaron;a un nomierino&scaron;a iedarb\u012bba. Tas atjauno \u0101du un pies\u0101tina to ar C vitam\u012bnu.<br \/>\n<strong>PRODEW 600&reg;<\/strong> ir desmit aminosk\u0101bju komplekss. Tam piem\u012bt sp\u0113c\u012bga mitrino&scaron;a iedarb\u012bba un tas samazina transepiderm\u0101lo mitruma zudumu.<\/p>\n<p><strong>Lieto&scaron;ana:<\/strong> izsmidzin\u0101t no 20-30 cm att\u0101luma uz sejas un\/vai atkl\u0101taj\u0101m \u0137erme\u0146a zon\u0101m. Var lietot uz grima.<\/p>\n<p>Uzglab\u0101t temperat\u016br\u0101 no +5 &deg;\u0421 l\u012bdz +25 &deg;\u0421.<\/p>\n<p><strong>Der\u012bguma termi\u0146&scaron;:<\/strong> 24 m\u0113ne&scaron;i.<br \/>\n&nbsp;<\/p>\n","protected":false},"excerpt":{"rendered":"<p>Izsmidzin\u0101ms l\u012bdzeklis ar svaigu un izteiksm\u012bgu melones un papaijas arom\u0101tu maigi ap\u0146em \u0137ermeni un izraisa br\u012bni&scaron;\u0137\u012bgas saj\u016btas. Akt\u012bv\u0101 formula ar dabisko papaijas sulas ekstraktu un aminosk\u0101bju kompleksu r\u016bp\u0113jas par J\u016bsu \u0101du &ndash; m\u012bkstina un mitrina, atjauno \u016bdens l\u012bdzsvaru un aizkav\u0113 noveco&scaron;anos. FRUITAPONE&reg; PAPAYA B ir dabiskais papaijas sulas ekstrakts, kam piem\u012bt toniz\u0113jo&scaron;a un nomierino&scaron;a iedarb\u012bba. [&#8230;]\n","protected":false},"featured_media":91314,"template":"","meta":[],"product_cat":[1379],"product_tag":[],"class_list":{"0":"post-50233","1":"product","2":"type-product","3":"status-publish","4":"has-post-thumbnail","6":"product_brand-markell_by","7":"product_cat-1379","9":"first","10":"outofstock","11":"taxable","12":"shipping-taxable","13":"product-type-simple"},"_links":{"self":[{"href":"https:\/\/e.kosmolat.eu\/lv\/wp-json\/wp\/v2\/product\/50233","targetHints":{"allow":["GET"]}}],"collection":[{"href":"https:\/\/e.kosmolat.eu\/lv\/wp-json\/wp\/v2\/product"}],"about":[{"href":"https:\/\/e.kosmolat.eu\/lv\/wp-json\/wp\/v2\/types\/product"}],"wp:featuredmedia":[{"embeddable":true,"href":"https:\/\/e.kosmolat.eu\/lv\/wp-json\/wp\/v2\/media\/91314"}],"wp:attachment":[{"href":"https:\/\/e.kosmolat.eu\/lv\/wp-json\/wp\/v2\/media?parent=50233"}],"wp:term":[{"taxonomy":"product_cat","embeddable":true,"href":"https:\/\/e.kosmolat.eu\/lv\/wp-json\/wp\/v2\/product_cat?post=50233"},{"taxonomy":"product_tag","embeddable":true,"href":"https:\/\/e.kosmolat.eu\/lv\/wp-json\/wp\/v2\/product_tag?post=50233"}],"curies":[{"name":"wp","href":"https:\/\/api.w.org\/{rel}","templated":true}]}}