{"id":50209,"date":"2024-04-20T04:03:02","date_gmt":"2024-04-20T04:03:02","guid":{"rendered":"https:\/\/e.kosmolat.eu\/product\/dr-hc-urea-alant-matu-gludums-serums-galv-adai-89-ml\/"},"modified":"2026-04-21T07:45:04","modified_gmt":"2026-04-21T07:45:04","slug":"the-doctor-hc-urea-alant-matu-gludums-serums-galv-adai-89-ml","status":"publish","type":"product","link":"https:\/\/e.kosmolat.eu\/lv\/product\/the-doctor-hc-urea-alant-matu-gludums-serums-galv-adai-89-ml\/","title":{"rendered":"THE DOCTOR  H&#038;C Urea + Alant. Matu gludums Serums galv. \u0101dai, 89 ml"},"content":{"rendered":"<p>Satur ur\u012bnvielu un alanto\u012bnu. Nomierina, m\u012bkstina un mitrina galvas \u0101du. Pal\u012bdz atvieglot saspringumu un uztur \u016bdens-lip\u012bdu l\u012bdzsvaru. Neatst\u0101j lip\u012bgu un taukainu saj\u016btu.<\/p>\n<p><strong>Lieto&scaron;ana: <\/strong>viendab\u012bgi uzkl\u0101t uz galvas \u0101das, maigi iemas\u0113t un sadal\u012bt vis\u0101 matu garum\u0101 ar \u0137emmi. Nav nepiecie&scaron;ams nomazg\u0101t.<\/p>\n<p><strong>Piesardz\u012bbas pas\u0101kumi:<\/strong> iek\u013c\u016bstot ac\u012bs, izskalot ar \u016bdeni. Iesp\u0113jama paaugstin\u0101ta individu\u0101l\u0101 jut\u012bba pret atsevi&scaron;\u0137\u0101m sast\u0101vda\u013c\u0101m.<\/p>\n<p>Uzglab\u0101t temperat\u016br\u0101 no +5 &deg;C l\u012bdz +25 &deg;\u0421.<br \/>\n&nbsp;<\/p>\n","protected":false},"excerpt":{"rendered":"<p>Satur ur\u012bnvielu un alanto\u012bnu. Nomierina, m\u012bkstina un mitrina galvas \u0101du. Pal\u012bdz atvieglot saspringumu un uztur \u016bdens-lip\u012bdu l\u012bdzsvaru. Neatst\u0101j lip\u012bgu un taukainu saj\u016btu. Lieto&scaron;ana: viendab\u012bgi uzkl\u0101t uz galvas \u0101das, maigi iemas\u0113t un sadal\u012bt vis\u0101 matu garum\u0101 ar \u0137emmi. Nav nepiecie&scaron;ams nomazg\u0101t. Piesardz\u012bbas pas\u0101kumi: iek\u013c\u016bstot ac\u012bs, izskalot ar \u016bdeni. Iesp\u0113jama paaugstin\u0101ta individu\u0101l\u0101 jut\u012bba pret atsevi&scaron;\u0137\u0101m sast\u0101vda\u013c\u0101m. Uzglab\u0101t [&#8230;]\n","protected":false},"featured_media":90138,"template":"","meta":[],"product_cat":[1343],"product_tag":[],"class_list":{"0":"post-50209","1":"product","2":"type-product","3":"status-publish","4":"has-post-thumbnail","6":"product_brand-elfa_ua","7":"product_cat-citi-matu-kopsanas-produkti","9":"first","10":"instock","11":"taxable","12":"shipping-taxable","13":"product-type-simple"},"_links":{"self":[{"href":"https:\/\/e.kosmolat.eu\/lv\/wp-json\/wp\/v2\/product\/50209","targetHints":{"allow":["GET"]}}],"collection":[{"href":"https:\/\/e.kosmolat.eu\/lv\/wp-json\/wp\/v2\/product"}],"about":[{"href":"https:\/\/e.kosmolat.eu\/lv\/wp-json\/wp\/v2\/types\/product"}],"wp:featuredmedia":[{"embeddable":true,"href":"https:\/\/e.kosmolat.eu\/lv\/wp-json\/wp\/v2\/media\/90138"}],"wp:attachment":[{"href":"https:\/\/e.kosmolat.eu\/lv\/wp-json\/wp\/v2\/media?parent=50209"}],"wp:term":[{"taxonomy":"product_cat","embeddable":true,"href":"https:\/\/e.kosmolat.eu\/lv\/wp-json\/wp\/v2\/product_cat?post=50209"},{"taxonomy":"product_tag","embeddable":true,"href":"https:\/\/e.kosmolat.eu\/lv\/wp-json\/wp\/v2\/product_tag?post=50209"}],"curies":[{"name":"wp","href":"https:\/\/api.w.org\/{rel}","templated":true}]}}