{"id":50193,"date":"2024-04-20T04:02:32","date_gmt":"2024-04-20T04:02:32","guid":{"rendered":"https:\/\/e.kosmolat.eu\/product\/dr-hc-panten-ab-etikis-serums-galvas-adai-89-ml\/"},"modified":"2025-09-20T02:36:55","modified_gmt":"2025-09-20T02:36:55","slug":"the-doctor-hc-panten-ab-etikis-serums-galvas-adai-89-ml","status":"publish","type":"product","link":"https:\/\/e.kosmolat.eu\/lv\/product\/the-doctor-hc-panten-ab-etikis-serums-galvas-adai-89-ml\/","title":{"rendered":"THE DOCTOR H&#038;C  Panten. + \u0100b. eti\u0137is Serums galvas \u0101dai, 89 ml"},"content":{"rendered":"<p>Komplekss ar pantenolu un \u0101bolu sidra eti\u0137i. Mitrina &nbsp;galvas \u0101du, nov\u0113r&scaron; sausuma un saspringuma saj\u016btu. Neatst\u0101j lip\u012bgu un taukainu saj\u016btu.<\/p>\n<p><strong>Lieto&scaron;ana:<\/strong> viendab\u012bgi uzkl\u0101t uz galvas \u0101das, maigi iemas\u0113t un sadal\u012bt vis\u0101 matu garum\u0101 ar \u0137emmi. Nav nepiecie&scaron;ams nomazg\u0101t.<\/p>\n<p><strong>Piesardz\u012bbas pas\u0101kumi: <\/strong>iek\u013c\u016bstot ac\u012bs, izskalot ar \u016bdeni. Iesp\u0113jama paaugstin\u0101ta individu\u0101l\u0101 jut\u012bba pret atsevi&scaron;\u0137\u0101m sast\u0101vda\u013c\u0101m.<\/p>\n<p>Uzglab\u0101t temperat\u016br\u0101 no +5 &deg;C l\u012bdz +25 &deg;\u0421.<br \/>\n&nbsp;<\/p>\n","protected":false},"excerpt":{"rendered":"<p>Komplekss ar pantenolu un \u0101bolu sidra eti\u0137i. Mitrina &nbsp;galvas \u0101du, nov\u0113r&scaron; sausuma un saspringuma saj\u016btu. Neatst\u0101j lip\u012bgu un taukainu saj\u016btu. Lieto&scaron;ana: viendab\u012bgi uzkl\u0101t uz galvas \u0101das, maigi iemas\u0113t un sadal\u012bt vis\u0101 matu garum\u0101 ar \u0137emmi. Nav nepiecie&scaron;ams nomazg\u0101t. Piesardz\u012bbas pas\u0101kumi: iek\u013c\u016bstot ac\u012bs, izskalot ar \u016bdeni. Iesp\u0113jama paaugstin\u0101ta individu\u0101l\u0101 jut\u012bba pret atsevi&scaron;\u0137\u0101m sast\u0101vda\u013c\u0101m. Uzglab\u0101t temperat\u016br\u0101 no [&#8230;]\n","protected":false},"featured_media":90130,"template":"","meta":[],"product_cat":[1346],"product_tag":[],"class_list":{"0":"post-50193","1":"product","2":"type-product","3":"status-publish","4":"has-post-thumbnail","6":"product_brand-elfa_ua","7":"product_cat-1346","9":"first","10":"outofstock","11":"taxable","12":"shipping-taxable","13":"product-type-simple"},"_links":{"self":[{"href":"https:\/\/e.kosmolat.eu\/lv\/wp-json\/wp\/v2\/product\/50193","targetHints":{"allow":["GET"]}}],"collection":[{"href":"https:\/\/e.kosmolat.eu\/lv\/wp-json\/wp\/v2\/product"}],"about":[{"href":"https:\/\/e.kosmolat.eu\/lv\/wp-json\/wp\/v2\/types\/product"}],"wp:featuredmedia":[{"embeddable":true,"href":"https:\/\/e.kosmolat.eu\/lv\/wp-json\/wp\/v2\/media\/90130"}],"wp:attachment":[{"href":"https:\/\/e.kosmolat.eu\/lv\/wp-json\/wp\/v2\/media?parent=50193"}],"wp:term":[{"taxonomy":"product_cat","embeddable":true,"href":"https:\/\/e.kosmolat.eu\/lv\/wp-json\/wp\/v2\/product_cat?post=50193"},{"taxonomy":"product_tag","embeddable":true,"href":"https:\/\/e.kosmolat.eu\/lv\/wp-json\/wp\/v2\/product_tag?post=50193"}],"curies":[{"name":"wp","href":"https:\/\/api.w.org\/{rel}","templated":true}]}}