{"id":50185,"date":"2024-04-20T04:02:18","date_gmt":"2024-04-20T04:02:18","guid":{"rendered":"https:\/\/e.kosmolat.eu\/product\/dr-hc-kerat-argin-biot-maks-energija-serums-galv-adai-89-ml\/"},"modified":"2026-04-23T07:46:39","modified_gmt":"2026-04-23T07:46:39","slug":"the-doctor-hc-kerat-argin-biot-maks-energija-serums-galv-adai-89-ml","status":"publish","type":"product","link":"https:\/\/e.kosmolat.eu\/lv\/product\/the-doctor-hc-kerat-argin-biot-maks-energija-serums-galv-adai-89-ml\/","title":{"rendered":"THE DOCTOR H&#038;C Kerat. + Argin. + Biot. Maks. ener\u0123ija Serums galv. \u0101dai, 89 ml"},"content":{"rendered":"<p>Komplekss ar kerat\u012bnu, argin\u012bnu un biot\u012bnu. Piepilda matus ar ener\u0123iju un stimul\u0113 matu aug&scaron;anu. Neatst\u0101j taukainu atlikumu vai lip\u012bgu saj\u016btu.<\/p>\n<p><strong>Lieto&scaron;ana:<\/strong> viendab\u012bgi uzkl\u0101t uz galvas \u0101das, maigi iemas\u0113t un sadal\u012bt vis\u0101 matu garum\u0101 ar \u0137emmi. Nav nepiecie&scaron;ams nomazg\u0101t.<\/p>\n<p><strong>Piesardz\u012bbas pas\u0101kumi:<\/strong> iek\u013c\u016bstot ac\u012bs, izskalot ar \u016bdeni. Iesp\u0113jama paaugstin\u0101ta individu\u0101l\u0101 jut\u012bba pret atsevi&scaron;\u0137\u0101m sast\u0101vda\u013c\u0101m.<\/p>\n<p>Uzglab\u0101t temperat\u016br\u0101 no +5 &deg;C l\u012bdz +25 &deg;\u0421.<br \/>\n&nbsp;<\/p>\n","protected":false},"excerpt":{"rendered":"<p>Komplekss ar kerat\u012bnu, argin\u012bnu un biot\u012bnu. Piepilda matus ar ener\u0123iju un stimul\u0113 matu aug&scaron;anu. Neatst\u0101j taukainu atlikumu vai lip\u012bgu saj\u016btu. Lieto&scaron;ana: viendab\u012bgi uzkl\u0101t uz galvas \u0101das, maigi iemas\u0113t un sadal\u012bt vis\u0101 matu garum\u0101 ar \u0137emmi. Nav nepiecie&scaron;ams nomazg\u0101t. Piesardz\u012bbas pas\u0101kumi: iek\u013c\u016bstot ac\u012bs, izskalot ar \u016bdeni. Iesp\u0113jama paaugstin\u0101ta individu\u0101l\u0101 jut\u012bba pret atsevi&scaron;\u0137\u0101m sast\u0101vda\u013c\u0101m. Uzglab\u0101t temperat\u016br\u0101 no [&#8230;]\n","protected":false},"featured_media":78095,"template":"","meta":[],"product_cat":[1343],"product_tag":[],"class_list":{"0":"post-50185","1":"product","2":"type-product","3":"status-publish","4":"has-post-thumbnail","6":"product_brand-elfa_ua","7":"product_cat-citi-matu-kopsanas-produkti","9":"first","10":"instock","11":"taxable","12":"shipping-taxable","13":"product-type-simple"},"_links":{"self":[{"href":"https:\/\/e.kosmolat.eu\/lv\/wp-json\/wp\/v2\/product\/50185","targetHints":{"allow":["GET"]}}],"collection":[{"href":"https:\/\/e.kosmolat.eu\/lv\/wp-json\/wp\/v2\/product"}],"about":[{"href":"https:\/\/e.kosmolat.eu\/lv\/wp-json\/wp\/v2\/types\/product"}],"wp:featuredmedia":[{"embeddable":true,"href":"https:\/\/e.kosmolat.eu\/lv\/wp-json\/wp\/v2\/media\/78095"}],"wp:attachment":[{"href":"https:\/\/e.kosmolat.eu\/lv\/wp-json\/wp\/v2\/media?parent=50185"}],"wp:term":[{"taxonomy":"product_cat","embeddable":true,"href":"https:\/\/e.kosmolat.eu\/lv\/wp-json\/wp\/v2\/product_cat?post=50185"},{"taxonomy":"product_tag","embeddable":true,"href":"https:\/\/e.kosmolat.eu\/lv\/wp-json\/wp\/v2\/product_tag?post=50185"}],"curies":[{"name":"wp","href":"https:\/\/api.w.org\/{rel}","templated":true}]}}