{"id":50177,"date":"2024-04-20T04:02:05","date_gmt":"2024-04-20T04:02:05","guid":{"rendered":"https:\/\/e.kosmolat.eu\/product\/dr-hc-ingvers-kofeins-stimul-serums-galvas-adai-89-ml\/"},"modified":"2025-09-23T10:32:32","modified_gmt":"2025-09-23T10:32:32","slug":"i_the-doctor-hc-ingvers-kofeins-stimul-serums-galvas-adai-89-ml","status":"publish","type":"product","link":"https:\/\/e.kosmolat.eu\/lv\/product\/i_the-doctor-hc-ingvers-kofeins-stimul-serums-galvas-adai-89-ml\/","title":{"rendered":"I_THE DOCTOR H&#038;C Ingvers + Kofe\u012bns Stimul. serums galvas \u0101dai, 89 ml"},"content":{"rendered":"<p>Serums ar kofe\u012bnu un ingvera \u0113terisko e\u013c\u013cu. Atsvaidzina un toniz\u0113 galvas \u0101du. Stimul\u0113 matu aug&scaron;anu un stiprina matu saknes. Neatst\u0101j lip\u012bgu un taukainu saj\u016btu.<\/p>\n<p><strong>Lieto&scaron;ana:<\/strong> viendab\u012bgi uzkl\u0101t uz galvas \u0101das, maigi iemas\u0113t un sadal\u012bt vis\u0101 matu garum\u0101 ar \u0137emmi. Nav nepiecie&scaron;ams nomazg\u0101t.<\/p>\n<p><strong>Piesardz\u012bbas pas\u0101kumi:<\/strong> iek\u013c\u016bstot ac\u012bs, izskalot ar \u016bdeni. Iesp\u0113jama paaugstin\u0101ta individu\u0101l\u0101 jut\u012bba pret atsevi&scaron;\u0137\u0101m sast\u0101vda\u013c\u0101m.<\/p>\n<p>Uzglab\u0101t temperat\u016br\u0101 no +5 &deg;C l\u012bdz +25 &deg;\u0421.<br \/>\n&nbsp;<\/p>\n","protected":false},"excerpt":{"rendered":"<p>Serums ar kofe\u012bnu un ingvera \u0113terisko e\u013c\u013cu. Atsvaidzina un toniz\u0113 galvas \u0101du. Stimul\u0113 matu aug&scaron;anu un stiprina matu saknes. Neatst\u0101j lip\u012bgu un taukainu saj\u016btu. Lieto&scaron;ana: viendab\u012bgi uzkl\u0101t uz galvas \u0101das, maigi iemas\u0113t un sadal\u012bt vis\u0101 matu garum\u0101 ar \u0137emmi. Nav nepiecie&scaron;ams nomazg\u0101t. Piesardz\u012bbas pas\u0101kumi: iek\u013c\u016bstot ac\u012bs, izskalot ar \u016bdeni. Iesp\u0113jama paaugstin\u0101ta individu\u0101l\u0101 jut\u012bba pret atsevi&scaron;\u0137\u0101m [&#8230;]\n","protected":false},"featured_media":78091,"template":"","meta":[],"product_cat":[1343],"product_tag":[],"class_list":{"0":"post-50177","1":"product","2":"type-product","3":"status-publish","4":"has-post-thumbnail","6":"product_brand-elfa_ua","7":"product_cat-citi-matu-kopsanas-produkti","9":"first","10":"outofstock","11":"taxable","12":"shipping-taxable","13":"product-type-simple"},"_links":{"self":[{"href":"https:\/\/e.kosmolat.eu\/lv\/wp-json\/wp\/v2\/product\/50177","targetHints":{"allow":["GET"]}}],"collection":[{"href":"https:\/\/e.kosmolat.eu\/lv\/wp-json\/wp\/v2\/product"}],"about":[{"href":"https:\/\/e.kosmolat.eu\/lv\/wp-json\/wp\/v2\/types\/product"}],"wp:featuredmedia":[{"embeddable":true,"href":"https:\/\/e.kosmolat.eu\/lv\/wp-json\/wp\/v2\/media\/78091"}],"wp:attachment":[{"href":"https:\/\/e.kosmolat.eu\/lv\/wp-json\/wp\/v2\/media?parent=50177"}],"wp:term":[{"taxonomy":"product_cat","embeddable":true,"href":"https:\/\/e.kosmolat.eu\/lv\/wp-json\/wp\/v2\/product_cat?post=50177"},{"taxonomy":"product_tag","embeddable":true,"href":"https:\/\/e.kosmolat.eu\/lv\/wp-json\/wp\/v2\/product_tag?post=50177"}],"curies":[{"name":"wp","href":"https:\/\/api.w.org\/{rel}","templated":true}]}}