{"id":50169,"date":"2024-04-20T04:01:48","date_gmt":"2024-04-20T04:01:48","guid":{"rendered":"https:\/\/e.kosmolat.eu\/product\/dr-hc-dadzu-energ-serums-galvas-adai-ar-5-augu-ekstr-89-ml\/"},"modified":"2026-04-15T11:57:56","modified_gmt":"2026-04-15T11:57:56","slug":"the-doctor-hc-dadzu-energ-serums-galvas-adai-ar-5-augu-ekstr-89-ml","status":"publish","type":"product","link":"https:\/\/e.kosmolat.eu\/lv\/product\/the-doctor-hc-dadzu-energ-serums-galvas-adai-ar-5-augu-ekstr-89-ml\/","title":{"rendered":"THE DOCTOR H&#038;C Dad\u017eu ener\u0123. Serums galvas \u0101dai ar 5 augu ekstr., 89 ml"},"content":{"rendered":"<p>Bag\u0101tin\u0101ts ar 5 augu ekstraktu kompleksu &ndash; di\u017edadzi, n\u0101tru, lup\u012bnu, \u0100zijas centellu un \u0101rstniec\u012bbas lupst\u0101ju. Baro un stiprina matus, nov\u0113r&scaron;ot priek&scaron;laic\u012bgu matu izkri&scaron;anu.&nbsp;Neatst\u0101j lip\u012bgu un taukainu saj\u016btu.<\/p>\n<p><strong>Lieto&scaron;ana: <\/strong>viendab\u012bgi uzkl\u0101t uz galvas \u0101das, maigi iemas\u0113t un sadal\u012bt vis\u0101 matu garum\u0101 ar \u0137emmi.&nbsp;<\/p>\n<p><strong>Piesardz\u012bbas pas\u0101kumi:<\/strong> iek\u013c\u016bstot ac\u012bs, izskalot ar \u016bdeni. Iesp\u0113jama paaugstin\u0101ta individu\u0101l\u0101 jut\u012bba pret atsevi&scaron;\u0137\u0101m sast\u0101vda\u013c\u0101m.<\/p>\n<p>Uzglab\u0101t temperat\u016br\u0101 no +5 &deg;C l\u012bdz +25 &deg;\u0421.<br \/>\n&nbsp;<\/p>\n","protected":false},"excerpt":{"rendered":"<p>Bag\u0101tin\u0101ts ar 5 augu ekstraktu kompleksu &ndash; di\u017edadzi, n\u0101tru, lup\u012bnu, \u0100zijas centellu un \u0101rstniec\u012bbas lupst\u0101ju. Baro un stiprina matus, nov\u0113r&scaron;ot priek&scaron;laic\u012bgu matu izkri&scaron;anu.&nbsp;Neatst\u0101j lip\u012bgu un taukainu saj\u016btu. Lieto&scaron;ana: viendab\u012bgi uzkl\u0101t uz galvas \u0101das, maigi iemas\u0113t un sadal\u012bt vis\u0101 matu garum\u0101 ar \u0137emmi.&nbsp; Piesardz\u012bbas pas\u0101kumi: iek\u013c\u016bstot ac\u012bs, izskalot ar \u016bdeni. Iesp\u0113jama paaugstin\u0101ta individu\u0101l\u0101 jut\u012bba pret atsevi&scaron;\u0137\u0101m [&#8230;]\n","protected":false},"featured_media":90126,"template":"","meta":[],"product_cat":[1343],"product_tag":[],"class_list":{"0":"post-50169","1":"product","2":"type-product","3":"status-publish","4":"has-post-thumbnail","6":"product_brand-elfa_ua","7":"product_cat-citi-matu-kopsanas-produkti","9":"first","10":"instock","11":"taxable","12":"shipping-taxable","13":"product-type-simple"},"_links":{"self":[{"href":"https:\/\/e.kosmolat.eu\/lv\/wp-json\/wp\/v2\/product\/50169","targetHints":{"allow":["GET"]}}],"collection":[{"href":"https:\/\/e.kosmolat.eu\/lv\/wp-json\/wp\/v2\/product"}],"about":[{"href":"https:\/\/e.kosmolat.eu\/lv\/wp-json\/wp\/v2\/types\/product"}],"wp:featuredmedia":[{"embeddable":true,"href":"https:\/\/e.kosmolat.eu\/lv\/wp-json\/wp\/v2\/media\/90126"}],"wp:attachment":[{"href":"https:\/\/e.kosmolat.eu\/lv\/wp-json\/wp\/v2\/media?parent=50169"}],"wp:term":[{"taxonomy":"product_cat","embeddable":true,"href":"https:\/\/e.kosmolat.eu\/lv\/wp-json\/wp\/v2\/product_cat?post=50169"},{"taxonomy":"product_tag","embeddable":true,"href":"https:\/\/e.kosmolat.eu\/lv\/wp-json\/wp\/v2\/product_tag?post=50169"}],"curies":[{"name":"wp","href":"https:\/\/api.w.org\/{rel}","templated":true}]}}