{"id":50161,"date":"2024-04-20T04:01:35","date_gmt":"2024-04-20T04:01:35","guid":{"rendered":"https:\/\/e.kosmolat.eu\/product\/dr-hc-urea-alant-matu-gludums-matu-sprejs-150-ml\/"},"modified":"2026-04-22T09:45:15","modified_gmt":"2026-04-22T09:45:15","slug":"the-doctor-hc-urea-alant-matu-gludums-matu-sprejs-150-ml","status":"publish","type":"product","link":"https:\/\/e.kosmolat.eu\/lv\/product\/the-doctor-hc-urea-alant-matu-gludums-matu-sprejs-150-ml\/","title":{"rendered":"THE DOCTOR  H&#038;C Urea + Alant. Matu gludums Matu sprejs, 150 ml"},"content":{"rendered":"<p>Komplekss ar ur\u012bnvielu un allanto\u012bnu. Padara matus z\u012bdainus un paklaus\u012bgus, atjaunojot dabisko sp\u012bdumu un atvieglojot \u0137emm\u0113&scaron;anu.<\/p>\n<p><strong>Lieto&scaron;ana:<\/strong> uzkl\u0101t uz mitriem vai sausiem matiem, izsmidzin\u0101t att\u0101lum\u0101 15-20 cm. Nenomazg\u0101t.<\/p>\n<p><strong>Piesardz\u012bbas pas\u0101kumi:<\/strong> iek\u013c\u016bstot ac\u012bs, izskalot ar \u016bdeni.<\/p>\n<p>Uzglab\u0101t temperat\u016br\u0101 no +5 &deg;C l\u012bdz +25 &deg;\u0421.<br \/>\n&nbsp;<\/p>\n","protected":false},"excerpt":{"rendered":"<p>Komplekss ar ur\u012bnvielu un allanto\u012bnu. Padara matus z\u012bdainus un paklaus\u012bgus, atjaunojot dabisko sp\u012bdumu un atvieglojot \u0137emm\u0113&scaron;anu. Lieto&scaron;ana: uzkl\u0101t uz mitriem vai sausiem matiem, izsmidzin\u0101t att\u0101lum\u0101 15-20 cm. Nenomazg\u0101t. Piesardz\u012bbas pas\u0101kumi: iek\u013c\u016bstot ac\u012bs, izskalot ar \u016bdeni. Uzglab\u0101t temperat\u016br\u0101 no +5 &deg;C l\u012bdz +25 &deg;\u0421. &nbsp;<\/p>\n","protected":false},"featured_media":90122,"template":"","meta":[],"product_cat":[1999],"product_tag":[],"class_list":{"0":"post-50161","1":"product","2":"type-product","3":"status-publish","4":"has-post-thumbnail","6":"product_brand-elfa_ua","7":"product_cat-bez-kategorijas","9":"first","10":"instock","11":"taxable","12":"shipping-taxable","13":"product-type-simple"},"_links":{"self":[{"href":"https:\/\/e.kosmolat.eu\/lv\/wp-json\/wp\/v2\/product\/50161","targetHints":{"allow":["GET"]}}],"collection":[{"href":"https:\/\/e.kosmolat.eu\/lv\/wp-json\/wp\/v2\/product"}],"about":[{"href":"https:\/\/e.kosmolat.eu\/lv\/wp-json\/wp\/v2\/types\/product"}],"wp:featuredmedia":[{"embeddable":true,"href":"https:\/\/e.kosmolat.eu\/lv\/wp-json\/wp\/v2\/media\/90122"}],"wp:attachment":[{"href":"https:\/\/e.kosmolat.eu\/lv\/wp-json\/wp\/v2\/media?parent=50161"}],"wp:term":[{"taxonomy":"product_cat","embeddable":true,"href":"https:\/\/e.kosmolat.eu\/lv\/wp-json\/wp\/v2\/product_cat?post=50161"},{"taxonomy":"product_tag","embeddable":true,"href":"https:\/\/e.kosmolat.eu\/lv\/wp-json\/wp\/v2\/product_tag?post=50161"}],"curies":[{"name":"wp","href":"https:\/\/api.w.org\/{rel}","templated":true}]}}