{"id":50153,"date":"2024-04-20T04:01:22","date_gmt":"2024-04-20T04:01:22","guid":{"rendered":"https:\/\/e.kosmolat.eu\/product\/dr-hc-panten-abolu-etikis-rekonstrukc-matu-sprejs-150-ml\/"},"modified":"2026-05-08T16:37:46","modified_gmt":"2026-05-08T16:37:46","slug":"the-doctor-hc-panten-abolu-etikis-rekonstrukc-matu-sprejs-150-ml","status":"publish","type":"product","link":"https:\/\/e.kosmolat.eu\/lv\/product\/the-doctor-hc-panten-abolu-etikis-rekonstrukc-matu-sprejs-150-ml\/","title":{"rendered":"THE DOCTOR  H&#038;C  Panten. + \u0101bolu eti\u0137is Rekonstrukc. matu sprejs, 150 ml"},"content":{"rendered":"<p>Komplekss ar pantenolu un \u0101bolu sidra eti\u0137i. Mitrina un atjauno dabisko sp\u012bdumu, atvieglo \u0137emm\u0113&scaron;anu.<\/p>\n<p><strong>Lieto&scaron;ana:<\/strong> uzkl\u0101t uz mitriem vai sausiem matiem, izsmidzin\u0101t att\u0101lum\u0101 15-20 cm. Nenomazg\u0101t.<\/p>\n<p><strong>Piesardz\u012bbas pas\u0101kumi:<\/strong> iek\u013c\u016bstot ac\u012bs, izskalot ar \u016bdeni.<\/p>\n<p>Uzglab\u0101t temperat\u016br\u0101 no +5 &deg;C l\u012bdz +25 &deg;\u0421.<br \/>\n&nbsp;<\/p>\n","protected":false},"excerpt":{"rendered":"<p>Komplekss ar pantenolu un \u0101bolu sidra eti\u0137i. Mitrina un atjauno dabisko sp\u012bdumu, atvieglo \u0137emm\u0113&scaron;anu. Lieto&scaron;ana: uzkl\u0101t uz mitriem vai sausiem matiem, izsmidzin\u0101t att\u0101lum\u0101 15-20 cm. Nenomazg\u0101t. Piesardz\u012bbas pas\u0101kumi: iek\u013c\u016bstot ac\u012bs, izskalot ar \u016bdeni. Uzglab\u0101t temperat\u016br\u0101 no +5 &deg;C l\u012bdz +25 &deg;\u0421. &nbsp;<\/p>\n","protected":false},"featured_media":90118,"template":"","meta":[],"product_cat":[1652],"product_tag":[],"class_list":{"0":"post-50153","1":"product","2":"type-product","3":"status-publish","4":"has-post-thumbnail","6":"product_brand-elfa_ua","7":"product_cat-1652","9":"first","10":"instock","11":"taxable","12":"shipping-taxable","13":"product-type-simple"},"_links":{"self":[{"href":"https:\/\/e.kosmolat.eu\/lv\/wp-json\/wp\/v2\/product\/50153","targetHints":{"allow":["GET"]}}],"collection":[{"href":"https:\/\/e.kosmolat.eu\/lv\/wp-json\/wp\/v2\/product"}],"about":[{"href":"https:\/\/e.kosmolat.eu\/lv\/wp-json\/wp\/v2\/types\/product"}],"wp:featuredmedia":[{"embeddable":true,"href":"https:\/\/e.kosmolat.eu\/lv\/wp-json\/wp\/v2\/media\/90118"}],"wp:attachment":[{"href":"https:\/\/e.kosmolat.eu\/lv\/wp-json\/wp\/v2\/media?parent=50153"}],"wp:term":[{"taxonomy":"product_cat","embeddable":true,"href":"https:\/\/e.kosmolat.eu\/lv\/wp-json\/wp\/v2\/product_cat?post=50153"},{"taxonomy":"product_tag","embeddable":true,"href":"https:\/\/e.kosmolat.eu\/lv\/wp-json\/wp\/v2\/product_tag?post=50153"}],"curies":[{"name":"wp","href":"https:\/\/api.w.org\/{rel}","templated":true}]}}