{"id":50145,"date":"2024-04-20T04:01:09","date_gmt":"2024-04-20T04:01:09","guid":{"rendered":"https:\/\/e.kosmolat.eu\/product\/dr-hc-dadzu-energija-matu-sprejs-ar-5-augu-ekstr-150-ml\/"},"modified":"2026-04-15T13:05:37","modified_gmt":"2026-04-15T13:05:37","slug":"the-doctor-hc-dadzu-energija-matu-sprejs-ar-5-augu-ekstr-150-ml","status":"publish","type":"product","link":"https:\/\/e.kosmolat.eu\/lv\/product\/the-doctor-hc-dadzu-energija-matu-sprejs-ar-5-augu-ekstr-150-ml\/","title":{"rendered":"THE DOCTOR  H&#038;C Dad\u017eu ener\u0123ija Matu sprejs ar 5 augu ekstr., 150 ml"},"content":{"rendered":"<p>Bag\u0101tin\u0101ts ar 5 augu ekstraktu kompleksu &ndash; di\u017edadzi, n\u0101tru, lup\u012bnu, \u0100zijas centellu un \u0101rstniec\u012bbas lupst\u0101ju. Mitrina un baro matus, pie&scaron;\u0137irot tiem greznu sp\u012bdumu un atvieglojot \u0137emm\u0113&scaron;anu.<\/p>\n<p><strong>Lieto&scaron;ana:<\/strong> uzkl\u0101t uz mitriem vai sausiem matiem, izsmidzin\u0101t att\u0101lum\u0101 15-20 cm. Nenomazg\u0101t.<\/p>\n<p><strong>Piesardz\u012bbas pas\u0101kumi:<\/strong> iek\u013c\u016bstot ac\u012bs, izskalot ar \u016bdeni.<\/p>\n<p>Uzglab\u0101t temperat\u016br\u0101 no +5 &deg;C l\u012bdz +25 &deg;\u0421.<br \/>\n&nbsp;<\/p>\n","protected":false},"excerpt":{"rendered":"<p>Bag\u0101tin\u0101ts ar 5 augu ekstraktu kompleksu &ndash; di\u017edadzi, n\u0101tru, lup\u012bnu, \u0100zijas centellu un \u0101rstniec\u012bbas lupst\u0101ju. Mitrina un baro matus, pie&scaron;\u0137irot tiem greznu sp\u012bdumu un atvieglojot \u0137emm\u0113&scaron;anu. Lieto&scaron;ana: uzkl\u0101t uz mitriem vai sausiem matiem, izsmidzin\u0101t att\u0101lum\u0101 15-20 cm. Nenomazg\u0101t. Piesardz\u012bbas pas\u0101kumi: iek\u013c\u016bstot ac\u012bs, izskalot ar \u016bdeni. Uzglab\u0101t temperat\u016br\u0101 no +5 &deg;C l\u012bdz +25 &deg;\u0421. &nbsp;<\/p>\n","protected":false},"featured_media":90106,"template":"","meta":[],"product_cat":[1343],"product_tag":[],"class_list":{"0":"post-50145","1":"product","2":"type-product","3":"status-publish","4":"has-post-thumbnail","6":"product_brand-elfa_ua","7":"product_cat-citi-matu-kopsanas-produkti","9":"first","10":"instock","11":"taxable","12":"shipping-taxable","13":"product-type-simple"},"_links":{"self":[{"href":"https:\/\/e.kosmolat.eu\/lv\/wp-json\/wp\/v2\/product\/50145","targetHints":{"allow":["GET"]}}],"collection":[{"href":"https:\/\/e.kosmolat.eu\/lv\/wp-json\/wp\/v2\/product"}],"about":[{"href":"https:\/\/e.kosmolat.eu\/lv\/wp-json\/wp\/v2\/types\/product"}],"wp:featuredmedia":[{"embeddable":true,"href":"https:\/\/e.kosmolat.eu\/lv\/wp-json\/wp\/v2\/media\/90106"}],"wp:attachment":[{"href":"https:\/\/e.kosmolat.eu\/lv\/wp-json\/wp\/v2\/media?parent=50145"}],"wp:term":[{"taxonomy":"product_cat","embeddable":true,"href":"https:\/\/e.kosmolat.eu\/lv\/wp-json\/wp\/v2\/product_cat?post=50145"},{"taxonomy":"product_tag","embeddable":true,"href":"https:\/\/e.kosmolat.eu\/lv\/wp-json\/wp\/v2\/product_tag?post=50145"}],"curies":[{"name":"wp","href":"https:\/\/api.w.org\/{rel}","templated":true}]}}