{"id":50123,"date":"2024-04-19T04:04:44","date_gmt":"2024-04-19T04:04:44","guid":{"rendered":"https:\/\/e.kosmolat.eu\/product\/gp-bubble-maska-skabekla-relaksacija-12-ml\/"},"modified":"2025-09-20T04:14:26","modified_gmt":"2025-09-20T04:14:26","slug":"i_gp-bubble-maska-skabekla-relaksacija-12-ml","status":"publish","type":"product","link":"https:\/\/e.kosmolat.eu\/lv\/product\/i_gp-bubble-maska-skabekla-relaksacija-12-ml\/","title":{"rendered":"I_GP Bubble-maska Sk\u0101bek\u013ca relaks\u0101cija, 12 ml"},"content":{"rendered":"<p>Avokado e\u013c\u013ca un lavanda. Piem\u0113rota visiem \u0101das tipiem, tai skait\u0101 jut\u012bgai \u0101dai. Daudzfunkcion\u0101la kop&scaron;ana: sejai, l\u016bp\u0101m, dekolt\u0113. Sejas maska, kas patie&scaron;\u0101m darbojas! Pateicoties sk\u0101bek\u013ca mikromas\u0101\u017eai, j\u016bsu \u0101da g\u016bs relaks\u0113jo&scaron;u un toniz\u0113jo&scaron;u efektu TIKAI 3 MIN\u016a&Scaron;U LAIK\u0100. Turkl\u0101t, j\u016bs baud\u012bsiet pat\u012bkamu relaks\u0113jo&scaron;u proced\u016bru. Efekt\u012bva iedarb\u012bba jau no pirmaj\u0101m sekund\u0113m, p\u0101rsteidzo&scaron;i rezult\u0101ti un dab\u012bgs arom\u0101ts uz j\u016bsu \u0101das. Maska satur mitrino&scaron;u kompleksu, lavandas \u0113terisko e\u013c\u013cu un avokado e\u013c\u013cu. Life hack: lietojiet masku pirms grima uzkl\u0101&scaron;anas &#8211; t\u0101 lieliski sagatavo \u0101du. &ldquo;Green Pharmacy&rdquo; sejas maskas ir iedvesmotas no dabas j\u016bsu \u0101das skaistumam.<\/p>\n<p><strong>Piesardz\u012bbas pas\u0101kumi: <\/strong>iesp\u0113jama paaugstin\u0101ta individu\u0101l\u0101 jut\u012bba pret atsevi&scaron;\u0137\u0101m sast\u0101vda\u013c\u0101m.<\/p>\n<p><strong>Lieto&scaron;ana:<\/strong> not\u012briet sejas \u0101du, uzkl\u0101jiet masku biez\u0101 k\u0101rt\u0101 uz 3 min\u016bt\u0113m, noskalojiet ar siltu \u016bdeni. Lab\u0101kam rezult\u0101tam lietojiet 1-2 reizes ned\u0113\u013c\u0101.<\/p>\n<p>Uzglab\u0101t temperat\u016br\u0101 no +5&deg;C l\u012bdz + 25&deg;C.<\/p>\n<p><strong>Der\u012bguma termi\u0146&scaron;:<\/strong> 24 m\u0113ne&scaron;i no izgatavo&scaron;anas datuma.<br \/>\n&nbsp;<\/p>\n","protected":false},"excerpt":{"rendered":"<p>Avokado e\u013c\u013ca un lavanda. Piem\u0113rota visiem \u0101das tipiem, tai skait\u0101 jut\u012bgai \u0101dai. Daudzfunkcion\u0101la kop&scaron;ana: sejai, l\u016bp\u0101m, dekolt\u0113. Sejas maska, kas patie&scaron;\u0101m darbojas! Pateicoties sk\u0101bek\u013ca mikromas\u0101\u017eai, j\u016bsu \u0101da g\u016bs relaks\u0113jo&scaron;u un toniz\u0113jo&scaron;u efektu TIKAI 3 MIN\u016a&Scaron;U LAIK\u0100. Turkl\u0101t, j\u016bs baud\u012bsiet pat\u012bkamu relaks\u0113jo&scaron;u proced\u016bru. Efekt\u012bva iedarb\u012bba jau no pirmaj\u0101m sekund\u0113m, p\u0101rsteidzo&scaron;i rezult\u0101ti un dab\u012bgs arom\u0101ts uz j\u016bsu [&#8230;]\n","protected":false},"featured_media":91690,"template":"","meta":[],"product_cat":[1367],"product_tag":[],"class_list":{"0":"post-50123","1":"product","2":"type-product","3":"status-publish","4":"has-post-thumbnail","6":"product_brand-elfa_ua","7":"product_cat-sejas-maskas","9":"first","10":"outofstock","11":"taxable","12":"shipping-taxable","13":"product-type-simple"},"_links":{"self":[{"href":"https:\/\/e.kosmolat.eu\/lv\/wp-json\/wp\/v2\/product\/50123","targetHints":{"allow":["GET"]}}],"collection":[{"href":"https:\/\/e.kosmolat.eu\/lv\/wp-json\/wp\/v2\/product"}],"about":[{"href":"https:\/\/e.kosmolat.eu\/lv\/wp-json\/wp\/v2\/types\/product"}],"wp:featuredmedia":[{"embeddable":true,"href":"https:\/\/e.kosmolat.eu\/lv\/wp-json\/wp\/v2\/media\/91690"}],"wp:attachment":[{"href":"https:\/\/e.kosmolat.eu\/lv\/wp-json\/wp\/v2\/media?parent=50123"}],"wp:term":[{"taxonomy":"product_cat","embeddable":true,"href":"https:\/\/e.kosmolat.eu\/lv\/wp-json\/wp\/v2\/product_cat?post=50123"},{"taxonomy":"product_tag","embeddable":true,"href":"https:\/\/e.kosmolat.eu\/lv\/wp-json\/wp\/v2\/product_tag?post=50123"}],"curies":[{"name":"wp","href":"https:\/\/api.w.org\/{rel}","templated":true}]}}