{"id":50107,"date":"2024-04-19T04:04:19","date_gmt":"2024-04-19T04:04:19","guid":{"rendered":"https:\/\/e.kosmolat.eu\/product\/gp-detox-sejas-maska-ipasi-atsvaidzinosa-12-ml\/"},"modified":"2025-09-20T04:13:54","modified_gmt":"2025-09-20T04:13:54","slug":"i_gp-detox-sejas-maska-ipasi-atsvaidzinosa-12-ml","status":"publish","type":"product","link":"https:\/\/e.kosmolat.eu\/lv\/product\/i_gp-detox-sejas-maska-ipasi-atsvaidzinosa-12-ml\/","title":{"rendered":"I_GP Detox sejas maska \u012apa\u0161i atsvaidzino\u0161a, 12 ml"},"content":{"rendered":"<p>\u012ariss un t\u0113jas koka e\u013c\u013ca. Piem\u0113rota norm\u0101lai un kombin\u0113tai \u0101dai. Daudzfunkcion\u0101la kop&scaron;ana: sejai, l\u016bp\u0101m, dekolt\u0113. Sejas maska, kas patie&scaron;\u0101m darbojas! TIKAI 3 MIN\u016aT\u0112S, pateicoties augu ekstraktiem un e\u013c\u013c\u0101m, j\u016bsu \u0101da ieg\u016bs maksim\u0101lu ener\u0123iju, svaigumu un mitrin\u0101&scaron;anu l\u012bdz 48 stund\u0101m. Turkl\u0101t, j\u016bs baud\u012bsiet pat\u012bkamu relaks\u0101cijas proced\u016bru. Efekt\u012bva iedarb\u012bba jau no pirmaj\u0101m sekund\u0113m, p\u0101rsteidzo&scaron;i rezult\u0101ti un dab\u012bgs arom\u0101ts uz j\u016bsu \u0101das. Maska satur detox kompleksu (att\u012bra \u0101du no ikdienas net\u012brumiem), \u012brisa ekstraktu un t\u0113jas koka \u0113terisko e\u013c\u013cu. Life hack: lietojiet masku pirms grima uzkl\u0101&scaron;anas &#8211; t\u0101 lieliski sagatavo \u0101du. &ldquo;Green Pharmacy&rdquo; sejas maskas ir iedvesmotas no dabas j\u016bsu \u0101das skaistumam.<\/p>\n<p><strong>Piesardz\u012bbas pas\u0101kumi:<\/strong> iesp\u0113jama paaugstin\u0101ta individu\u0101l\u0101 jut\u012bba pret atsevi&scaron;\u0137\u0101m sast\u0101vda\u013c\u0101m.<\/p>\n<p><strong>Lieto&scaron;ana: <\/strong>not\u012briet sejas \u0101du, uzkl\u0101jiet masku biez\u0101 k\u0101rt\u0101 uz 3 min\u016bt\u0113m, noskalojiet ar siltu \u016bdeni.&nbsp;Lab\u0101kam rezult\u0101tam lietojiet 1-2 reizes ned\u0113\u013c\u0101.<\/p>\n<p>Uzglab\u0101t temperat\u016br\u0101 no +5&deg;C l\u012bdz + 25&deg;C.<\/p>\n<p><strong>Der\u012bguma termi\u0146&scaron;:<\/strong> 24 m\u0113ne&scaron;i no izgatavo&scaron;anas datuma.<br \/>\n&nbsp;<\/p>\n","protected":false},"excerpt":{"rendered":"<p>\u012ariss un t\u0113jas koka e\u013c\u013ca. Piem\u0113rota norm\u0101lai un kombin\u0113tai \u0101dai. Daudzfunkcion\u0101la kop&scaron;ana: sejai, l\u016bp\u0101m, dekolt\u0113. Sejas maska, kas patie&scaron;\u0101m darbojas! TIKAI 3 MIN\u016aT\u0112S, pateicoties augu ekstraktiem un e\u013c\u013c\u0101m, j\u016bsu \u0101da ieg\u016bs maksim\u0101lu ener\u0123iju, svaigumu un mitrin\u0101&scaron;anu l\u012bdz 48 stund\u0101m. Turkl\u0101t, j\u016bs baud\u012bsiet pat\u012bkamu relaks\u0101cijas proced\u016bru. Efekt\u012bva iedarb\u012bba jau no pirmaj\u0101m sekund\u0113m, p\u0101rsteidzo&scaron;i rezult\u0101ti un dab\u012bgs [&#8230;]\n","protected":false},"featured_media":91682,"template":"","meta":[],"product_cat":[1367],"product_tag":[],"class_list":{"0":"post-50107","1":"product","2":"type-product","3":"status-publish","4":"has-post-thumbnail","6":"product_brand-elfa_ua","7":"product_cat-sejas-maskas","9":"first","10":"outofstock","11":"taxable","12":"shipping-taxable","13":"product-type-simple"},"_links":{"self":[{"href":"https:\/\/e.kosmolat.eu\/lv\/wp-json\/wp\/v2\/product\/50107","targetHints":{"allow":["GET"]}}],"collection":[{"href":"https:\/\/e.kosmolat.eu\/lv\/wp-json\/wp\/v2\/product"}],"about":[{"href":"https:\/\/e.kosmolat.eu\/lv\/wp-json\/wp\/v2\/types\/product"}],"wp:featuredmedia":[{"embeddable":true,"href":"https:\/\/e.kosmolat.eu\/lv\/wp-json\/wp\/v2\/media\/91682"}],"wp:attachment":[{"href":"https:\/\/e.kosmolat.eu\/lv\/wp-json\/wp\/v2\/media?parent=50107"}],"wp:term":[{"taxonomy":"product_cat","embeddable":true,"href":"https:\/\/e.kosmolat.eu\/lv\/wp-json\/wp\/v2\/product_cat?post=50107"},{"taxonomy":"product_tag","embeddable":true,"href":"https:\/\/e.kosmolat.eu\/lv\/wp-json\/wp\/v2\/product_tag?post=50107"}],"curies":[{"name":"wp","href":"https:\/\/api.w.org\/{rel}","templated":true}]}}