{"id":50091,"date":"2024-04-19T04:03:53","date_gmt":"2024-04-19T04:03:53","guid":{"rendered":"https:\/\/e.kosmolat.eu\/product\/dd-eteriska-ella-aniss-10-ml\/"},"modified":"2026-03-31T12:59:05","modified_gmt":"2026-03-31T12:59:05","slug":"i_dd-eteriska-ella-aniss-10-ml","status":"publish","type":"product","link":"https:\/\/e.kosmolat.eu\/lv\/product\/i_dd-eteriska-ella-aniss-10-ml\/","title":{"rendered":"I_DD \u0112terisk\u0101 e\u013cla An\u012bss, 10 ml"},"content":{"rendered":"<p>100% dab\u012bga, efekt\u012bva.<br \/>\nArom\u0101ts salds, silts.<\/p>\n<p><strong>Piesardz\u012bbas pas\u0101kumi: <\/strong>tikai \u0101r\u012bgai lieto&scaron;anai. Ja nok\u013c\u016bst ac\u012bs, izskalot ar lielu daudzumu \u016bdens un mekl\u0113t medic\u012bnisku pal\u012bdz\u012bbu. Iesp\u0113jama paaugstin\u0101ta individu\u0101l\u0101 jut\u012bba pret produktu. Sekojiet lieto&scaron;anas instrukcijai.<\/p>\n<p><strong>Lieto&scaron;anas instrukcija:<\/strong><br \/>\n<strong>Lieto&scaron;ana:<\/strong> nobriedu&scaron;ai un problem\u0101tiskai \u0101dai. Efekt\u012bvs k\u0101 toniz\u0113jo&scaron;s l\u012bdzeklis; darbojas k\u0101 nomierino&scaron;s l\u012bdzeklis bezmiega, stresa, b\u0113rnu raud\u0101&scaron;anas un hiperakt\u012bvit\u0101tes gad\u012bjum\u0101.<\/p>\n<p><strong>K\u0101 lietot: <\/strong>kosm\u0113tikas l\u012bdzek\u013cu bag\u0101tin\u0101&scaron;anai un aromterapijai. \u0112terisko e\u013c\u013cu izmanto at&scaron;\u0137aid\u012btu ar jebkuru b\u0101zi &ndash; serumu, j\u016bras vai galda s\u0101li, b\u0101zes e\u013c\u013cu, \u016bdeni, &scaron;\u0137idr\u0101m ziep\u0113m, kr\u0113mu, \u017eeleju u.c.<\/p>\n<p><strong>Devas:<\/strong><br \/>\n*aromalampas &ndash; 4-6 pilieni<br \/>\n*vannas &ndash; 4-7 pilieni uz 10g transporta e\u013c\u013cas<br \/>\n*mas\u0101\u017ea &ndash; 6 pilieni uz 10 g transporta e\u013c\u013cas<br \/>\n*kosm\u0113tisko l\u012bdzek\u013cu bag\u0101tin\u0101&scaron;ana &ndash; 6 pilieni uz 10 ml b\u0101zes<br \/>\n*arom\u0101tu medaljoni &ndash; 2-3 pilieni<\/p>\n<p><strong>\u0112terisko e\u013c\u013cu lieto&scaron;anas noteikumi:<\/strong><br \/>\n1. Nelietot b\u0113rniem l\u012bdz 6 gadu vecumam<br \/>\n2. Nelietojiet \u0113terisko e\u013c\u013cu iek&scaron;\u0113ji<br \/>\n3. Neuzkl\u0101jiet uz g\u013cot\u0101d\u0101m neat&scaron;\u0137aid\u012btu \u0113terisko e\u013c\u013cu<br \/>\n4. Ja \u0113terisk\u0101 e\u013c\u013ca nok\u013c\u016bst ac\u012bs, izskalo t\u0101s ar siltu v\u0101r\u012btu \u016bdeni<br \/>\n5. Uzglab\u0101t b\u0113rniem nepieejam\u0101 viet\u0101<br \/>\n6. Lietojiet tikai pie\u013caujam\u0101 koncentr\u0101cij\u0101<br \/>\n7. P\u0113c lieto&scaron;anas uzman\u012bgi aizveriet flakonu<br \/>\n8. \u0112terisk\u0101 e\u013c\u013ca j\u0101uzglab\u0101 tum&scaron;\u0101, v\u0113s\u0101 viet\u0101.<\/p>\n<p>Nav ieteicams lietot cilv\u0113kiem ar paaugstin\u0101tu asins rec\u0113&scaron;anu, trombofleb\u012btu, p\u0113cinfarkta st\u0101vok\u013ciem, pirmajos gr\u016btniec\u012bbas m\u0113ne&scaron;os, ar v\u0113zi un mastop\u0101tiju.&nbsp;Iesp\u0113jama paaugstin\u0101ta individu\u0101l\u0101 jut\u012bba pret atsevi&scaron;\u0137\u0101m sast\u0101vda\u013c\u0101m.&nbsp;<\/p>\n<p>&nbsp;<\/p>\n<p><strong><img decoding=\"async\" alt=\"\" src=\"file:\/\/\/C:\/Users\/masha\/Desktop\/GHS07.png\" style=\"height:40px; width:40px\" \/>GHS07&nbsp;<img decoding=\"async\" alt=\"\" src=\"file:\/\/\/C:\/Users\/masha\/Desktop\/GHS%2008.jpg\" style=\"height:40px; width:40px\" \/>GHS08&nbsp;Uzman\u012bbu<\/strong><br \/>\n<strong>H317 <\/strong>Var izrais\u012bt aler\u0123isku \u0101das reakciju.<br \/>\n<strong>H341 <\/strong>Ir aizdomas, ka var izrais\u012bt \u0123en\u0113tiskus boj\u0101jumus<br \/>\n<strong>H351<\/strong> Ir aizdomas, ka var izrais\u012bt v\u0113zi<br \/>\n<strong>H412<\/strong> Kait\u012bgs \u016bdens organismiem ar ilgsto&scaron;\u0101m sek\u0101m.<br \/>\nDro&scaron;\u012bbas pras\u012bbu apz\u012bm\u0113jumi:<br \/>\nP102 Sarg\u0101t no b\u0113rniem.<br \/>\nP261 Izvair\u012bties ieelpot putek\u013cus\/tvaikus\/g\u0101zi\/ d\u016bmus\/ izgarojumus\/smidzin\u0101jumu.<br \/>\nP273 Izvair\u012bties no izplat\u012b&scaron;anas apk\u0101rt\u0113j\u0101 vid\u0113.<br \/>\nP280 Izmantot aizsargcimdus\/aizsargdr\u0113bes\/acu aizsargus\/sejas aizsargus<\/p>\n<p>P302+P352 SASKAR\u0112 AR \u0100DU: nomazg\u0101t ar lielu ziepju un \u016bdens daudzumu.&nbsp;<br \/>\nP333+P313 Ja rodas \u0101das iekaisums vai izsitumi: l\u016bdziet medi\u0137u pal\u012bdz\u012bbu.&nbsp;<br \/>\nP308+P313 Ja nok\u013c\u016bst saskar\u0113 vai saist\u012bts ar to: l\u016bdziet medi\u0137u pal\u012bdz\u012bbu.<br \/>\nP321 \u012apa&scaron;a medic\u012bnisk\u0101 pal\u012bdz\u012bba (skat. uz &scaron;\u012bs eti\u0137etes).<br \/>\nP362+P364 Novilkt pies\u0101r\u0146oto ap\u0123\u0113rbu un pirms atk\u0101rtotas lieto&scaron;anas izmazg\u0101t.<br \/>\nP405 Glab\u0101t sl\u0113gt\u0101 veid\u0101.<br \/>\nP501 Atbr\u012bvoties no satura\/tvertnes\/iepakojuma saska\u0146\u0101 ar valsts noteikumiem.<br \/>\n&nbsp;<\/p>\n","protected":false},"excerpt":{"rendered":"<p>100% dab\u012bga, efekt\u012bva. Arom\u0101ts salds, silts. Piesardz\u012bbas pas\u0101kumi: tikai \u0101r\u012bgai lieto&scaron;anai. Ja nok\u013c\u016bst ac\u012bs, izskalot ar lielu daudzumu \u016bdens un mekl\u0113t medic\u012bnisku pal\u012bdz\u012bbu. Iesp\u0113jama paaugstin\u0101ta individu\u0101l\u0101 jut\u012bba pret produktu. Sekojiet lieto&scaron;anas instrukcijai. Lieto&scaron;anas instrukcija: Lieto&scaron;ana: nobriedu&scaron;ai un problem\u0101tiskai \u0101dai. Efekt\u012bvs k\u0101 toniz\u0113jo&scaron;s l\u012bdzeklis; darbojas k\u0101 nomierino&scaron;s l\u012bdzeklis bezmiega, stresa, b\u0113rnu raud\u0101&scaron;anas un hiperakt\u012bvit\u0101tes gad\u012bjum\u0101. K\u0101 [&#8230;]\n","protected":false},"featured_media":91658,"template":"","meta":[],"product_cat":[1619],"product_tag":[],"class_list":{"0":"post-50091","1":"product","2":"type-product","3":"status-publish","4":"has-post-thumbnail","6":"product_brand-sale","7":"product_cat-ellas","9":"first","10":"outofstock","11":"taxable","12":"shipping-taxable","13":"product-type-simple"},"_links":{"self":[{"href":"https:\/\/e.kosmolat.eu\/lv\/wp-json\/wp\/v2\/product\/50091","targetHints":{"allow":["GET"]}}],"collection":[{"href":"https:\/\/e.kosmolat.eu\/lv\/wp-json\/wp\/v2\/product"}],"about":[{"href":"https:\/\/e.kosmolat.eu\/lv\/wp-json\/wp\/v2\/types\/product"}],"wp:featuredmedia":[{"embeddable":true,"href":"https:\/\/e.kosmolat.eu\/lv\/wp-json\/wp\/v2\/media\/91658"}],"wp:attachment":[{"href":"https:\/\/e.kosmolat.eu\/lv\/wp-json\/wp\/v2\/media?parent=50091"}],"wp:term":[{"taxonomy":"product_cat","embeddable":true,"href":"https:\/\/e.kosmolat.eu\/lv\/wp-json\/wp\/v2\/product_cat?post=50091"},{"taxonomy":"product_tag","embeddable":true,"href":"https:\/\/e.kosmolat.eu\/lv\/wp-json\/wp\/v2\/product_tag?post=50091"}],"curies":[{"name":"wp","href":"https:\/\/api.w.org\/{rel}","templated":true}]}}