{"id":50075,"date":"2024-04-19T04:02:22","date_gmt":"2024-04-19T04:02:22","guid":{"rendered":"https:\/\/e.kosmolat.eu\/product\/markell-green-secret-lidzsvar-sejas-fluids-50-ml\/"},"modified":"2025-09-20T03:42:02","modified_gmt":"2025-09-20T03:42:02","slug":"markell-green-secret-lidzsvar-sejas-fluids-50-ml","status":"publish","type":"product","link":"https:\/\/e.kosmolat.eu\/lv\/product\/markell-green-secret-lidzsvar-sejas-fluids-50-ml\/","title":{"rendered":"MARKELL Green Secret L\u012bdzsvar. sejas flu\u012bds, 50 ml"},"content":{"rendered":"<p>Akt\u012bv\u0101 flu\u012bda formula ar lielu akt\u012bvo sast\u0101vda\u013cu skaitu stiprina \u0101das dabisk\u0101s aizsargfunkcijas.&nbsp;Fluidam piem\u012bt mat\u0113jo&scaron;a iedarb\u012bba, un, pateicoties vieglai tekst\u016brai, tas \u0101tri uzs\u016bcas un neatst\u0101j lip\u012bgu sl\u0101ni.&nbsp;Akt\u012bv\u0101s sast\u0101vda\u013cas samazina sebuma izdal\u012b&scaron;anos, nomierina \u0101du, nov\u0113r&scaron; dehidrat\u0101ciju, baro \u0101du ar vitam\u012bniem un atjauno to, kas b\u016btiski pa\u0101trina sejas to\u0146a un reljefa izl\u012bdzin\u0101&scaron;an\u0101s.<\/p>\n<p><strong>SNAILINE<\/strong> &#8211; glieme\u017eu sekr\u0113ta filtr\u0101ts intens\u012bvi mitrina un baro \u0101du ar vitam\u012bniem, tam piem\u012bt atjaunojo&scaron;a iedarb\u012bba, k\u0101 ar\u012b tas izl\u012bdzina sejas \u0101das reljefu un kr\u0101su.<br \/>\n<strong>NIACINAM\u012aDS<\/strong> samazina sebuma sekr\u0113ciju, stimul\u0113 kolag\u0113na sint\u0113zi un aizsarg\u0101 pret fotonoveco&scaron;anos.<br \/>\n<strong>MANDE\u013bU E\u013b\u013bAI<\/strong> piem\u012bt m\u012bkstino&scaron;a un barojo&scaron;a iedarb\u012bba.<br \/>\n<strong>AVE\u0145U EKSTRAKTS<\/strong> intens\u012bvi atjauno, nomierina un nov\u0113r&scaron; \u0101das dehidrat\u0101ciju.<\/p>\n<p><strong>Lieto&scaron;ana:<\/strong> uzkl\u0101jiet nelielu flu\u012bda daudzumu uz att\u012br\u012btas \u0101das un iemas\u0113jiet ar viegl\u0101m ap\u013cveida kust\u012bb\u0101m, l\u012bdz piln\u012bb\u0101 uzs\u016bcas.&nbsp;Lab\u0101kam rezult\u0101tam, lietojiet katru dienu kop\u0101 ar citiem GREEN SECRET produktiem.<\/p>\n<p>Uzglab\u0101t temperat\u016br\u0101 no +5 &deg;\u0421 l\u012bdz +25 &deg;\u0421.<\/p>\n<p><strong>Der\u012bguma termi\u0146&scaron;:<\/strong> 36 m\u0113ne&scaron;i.<br \/>\n&nbsp;<\/p>\n","protected":false},"excerpt":{"rendered":"<p>Akt\u012bv\u0101 flu\u012bda formula ar lielu akt\u012bvo sast\u0101vda\u013cu skaitu stiprina \u0101das dabisk\u0101s aizsargfunkcijas.&nbsp;Fluidam piem\u012bt mat\u0113jo&scaron;a iedarb\u012bba, un, pateicoties vieglai tekst\u016brai, tas \u0101tri uzs\u016bcas un neatst\u0101j lip\u012bgu sl\u0101ni.&nbsp;Akt\u012bv\u0101s sast\u0101vda\u013cas samazina sebuma izdal\u012b&scaron;anos, nomierina \u0101du, nov\u0113r&scaron; dehidrat\u0101ciju, baro \u0101du ar vitam\u012bniem un atjauno to, kas b\u016btiski pa\u0101trina sejas to\u0146a un reljefa izl\u012bdzin\u0101&scaron;an\u0101s. SNAILINE &#8211; glieme\u017eu sekr\u0113ta filtr\u0101ts intens\u012bvi [&#8230;]\n","protected":false},"featured_media":91158,"template":"","meta":[],"product_cat":[1999],"product_tag":[],"class_list":{"0":"post-50075","1":"product","2":"type-product","3":"status-publish","4":"has-post-thumbnail","6":"product_brand-markell_by","7":"product_cat-bez-kategorijas","9":"first","10":"outofstock","11":"taxable","12":"shipping-taxable","13":"product-type-simple"},"_links":{"self":[{"href":"https:\/\/e.kosmolat.eu\/lv\/wp-json\/wp\/v2\/product\/50075","targetHints":{"allow":["GET"]}}],"collection":[{"href":"https:\/\/e.kosmolat.eu\/lv\/wp-json\/wp\/v2\/product"}],"about":[{"href":"https:\/\/e.kosmolat.eu\/lv\/wp-json\/wp\/v2\/types\/product"}],"wp:featuredmedia":[{"embeddable":true,"href":"https:\/\/e.kosmolat.eu\/lv\/wp-json\/wp\/v2\/media\/91158"}],"wp:attachment":[{"href":"https:\/\/e.kosmolat.eu\/lv\/wp-json\/wp\/v2\/media?parent=50075"}],"wp:term":[{"taxonomy":"product_cat","embeddable":true,"href":"https:\/\/e.kosmolat.eu\/lv\/wp-json\/wp\/v2\/product_cat?post=50075"},{"taxonomy":"product_tag","embeddable":true,"href":"https:\/\/e.kosmolat.eu\/lv\/wp-json\/wp\/v2\/product_tag?post=50075"}],"curies":[{"name":"wp","href":"https:\/\/api.w.org\/{rel}","templated":true}]}}