{"id":49994,"date":"2024-04-17T04:05:12","date_gmt":"2024-04-17T04:05:12","guid":{"rendered":"https:\/\/e.kosmolat.eu\/product\/i_vc-skrubis-kermenim-gurkis-alveja-kaolins-250-g\/"},"modified":"2025-09-19T15:28:03","modified_gmt":"2025-09-19T15:28:03","slug":"i_vc-kermena-skrubis-gurks-alveja-kaolins-250-g-9-g","status":"publish","type":"product","link":"https:\/\/e.kosmolat.eu\/lv\/product\/i_vc-kermena-skrubis-gurks-alveja-kaolins-250-g-9-g\/","title":{"rendered":"I_&#8221;VC&#8221; \u0136erme\u0146a skrubis Gur\u0137s, alveja, kaol\u012bns, 250 g + 9 g"},"content":{"rendered":"<p>Gur\u0137is, alveja, kaol\u012bns, v\u012bnogu kauli\u0146u e\u013c\u013ca, E vitam\u012bns.<\/p>\n<p>J\u016bras s\u0101ls krist\u0101li r\u016bp\u012bgi att\u012bra \u0101du no atmiru\u0161aj\u0101m \u0161\u016bn\u0101m, uzlabo \u0101das tonusu un elast\u012bbu. Baltais m\u0101ls (kaol\u012bns) absorb\u0113 \u0101das \u0161\u016bnu biolo\u0123isko procesu rezult\u0101tus. Alvejas ekstraktam piem\u012bt m\u012bkstino\u0161a un nomierino\u0161a iedarb\u012bba. Gur\u0137a ekstrakts att\u012bra, balina, sa\u0161aurina papla\u0161in\u0101tas poras, k\u0101 ar\u012b mitrina un toniz\u0113 \u0101du.<\/p>\n<p>Lieto\u0161ana: uzkl\u0101t nelielu daudzumu skrubja uz mitras \u0101das, maigi iemas\u0113t un noskalot ar \u016bdeni.<\/p>\n<p>Uzglab\u0101\u0161anas noteikumi: uzglab\u0101t cie\u0161i nosl\u0113gt\u0101 ra\u017eot\u0101ja iepakojum\u0101 temperat\u016br\u0101 no 0 \u00b0C l\u012bdz +25 \u00b0C un relat\u012bvaj\u0101 gaisa mitrum\u0101, kas nep\u0101rsniedz 70 %, vismaz 1 m att\u0101lum\u0101 no sildo\u0161\u0101m ier\u012bc\u0113m, izvairoties no tie\u0161iem saules stariem.<\/p>\n<p>Tikai \u0101r\u012bgai lieto\u0161anai. Ja nok\u013c\u016bst ac\u012bs, izskalot ar \u016bdeni. Nelietot skrubi uz boj\u0101tas \u0101das. Uzglab\u0101t b\u0113rniem nepieejam\u0101 viet\u0101.<\/p>\n<p>Der\u012bguma termi\u0146\u0161: 30 m\u0113ne\u0161i no izgatavo\u0161anas datuma.<\/p>\n","protected":false},"excerpt":{"rendered":"<p>Gur\u0137is, alveja, kaol\u012bns, v\u012bnogu kauli\u0146u e\u013c\u013ca, E vitam\u012bns. J\u016bras s\u0101ls krist\u0101li r\u016bp\u012bgi att\u012bra \u0101du no atmiru\u0161aj\u0101m \u0161\u016bn\u0101m, uzlabo \u0101das tonusu un elast\u012bbu. Baltais m\u0101ls (kaol\u012bns) absorb\u0113 \u0101das \u0161\u016bnu biolo\u0123isko procesu rezult\u0101tus. Alvejas ekstraktam piem\u012bt m\u012bkstino\u0161a un nomierino\u0161a iedarb\u012bba. Gur\u0137a ekstrakts att\u012bra, balina, sa\u0161aurina papla\u0161in\u0101tas poras, k\u0101 ar\u012b mitrina un toniz\u0113 \u0101du. Lieto\u0161ana: uzkl\u0101t nelielu daudzumu [&#8230;]\n","protected":false},"featured_media":78762,"template":"","meta":[],"product_cat":[1360],"product_tag":[],"class_list":{"0":"post-49994","1":"product","2":"type-product","3":"status-publish","4":"has-post-thumbnail","6":"product_brand-aqua-cosmetics_ua","7":"product_cat-1360","9":"first","10":"outofstock","11":"taxable","12":"shipping-taxable","13":"product-type-simple"},"_links":{"self":[{"href":"https:\/\/e.kosmolat.eu\/lv\/wp-json\/wp\/v2\/product\/49994","targetHints":{"allow":["GET"]}}],"collection":[{"href":"https:\/\/e.kosmolat.eu\/lv\/wp-json\/wp\/v2\/product"}],"about":[{"href":"https:\/\/e.kosmolat.eu\/lv\/wp-json\/wp\/v2\/types\/product"}],"wp:featuredmedia":[{"embeddable":true,"href":"https:\/\/e.kosmolat.eu\/lv\/wp-json\/wp\/v2\/media\/78762"}],"wp:attachment":[{"href":"https:\/\/e.kosmolat.eu\/lv\/wp-json\/wp\/v2\/media?parent=49994"}],"wp:term":[{"taxonomy":"product_cat","embeddable":true,"href":"https:\/\/e.kosmolat.eu\/lv\/wp-json\/wp\/v2\/product_cat?post=49994"},{"taxonomy":"product_tag","embeddable":true,"href":"https:\/\/e.kosmolat.eu\/lv\/wp-json\/wp\/v2\/product_tag?post=49994"}],"curies":[{"name":"wp","href":"https:\/\/api.w.org\/{rel}","templated":true}]}}