{"id":49986,"date":"2024-04-17T04:04:57","date_gmt":"2024-04-17T04:04:57","guid":{"rendered":"https:\/\/e.kosmolat.eu\/product\/i_zelana-spa-aromatizets-sals-vannai-karsta-sokol-ar-kaneli-300-g\/"},"modified":"2025-09-19T15:25:30","modified_gmt":"2025-09-19T15:25:30","slug":"i_zelana-spa-aromatizets-sals-vannai-karsta-sokol-ar-kaneli-300-g","status":"publish","type":"product","link":"https:\/\/e.kosmolat.eu\/lv\/product\/i_zelana-spa-aromatizets-sals-vannai-karsta-sokol-ar-kaneli-300-g\/","title":{"rendered":"I_&#8221;\u017delana SPA&#8221; Aromatiz\u0113ts s\u0101ls vannai &#8220;Karst\u0101 \u0161okol. ar kan\u0113li&#8221;, 300 g"},"content":{"rendered":"<p>Pal\u012bdz no\u0146emt dienas spriedzi. Pie&scaron;\u0137ir \u0137ermenim ener\u0123iju.<\/p>\n<p><strong>Lieto&scaron;ana: <\/strong>iz&scaron;\u0137\u012bdin\u0101t 100 g (4.\u0113d. kar.) s\u0101ls vann\u0101, vannoties 15-20 min.<\/p>\n","protected":false},"excerpt":{"rendered":"<p>Pal\u012bdz no\u0146emt dienas spriedzi. Pie&scaron;\u0137ir \u0137ermenim ener\u0123iju. Lieto&scaron;ana: iz&scaron;\u0137\u012bdin\u0101t 100 g (4.\u0113d. kar.) s\u0101ls vann\u0101, vannoties 15-20 min.<\/p>\n","protected":false},"featured_media":78726,"template":"","meta":[],"product_cat":[1610],"product_tag":[],"class_list":{"0":"post-49986","1":"product","2":"type-product","3":"status-publish","4":"has-post-thumbnail","6":"product_brand-aqua-cosmetics_ua","7":"product_cat-vannas-putas-sali-bumbas","9":"first","10":"outofstock","11":"taxable","12":"shipping-taxable","13":"product-type-simple"},"_links":{"self":[{"href":"https:\/\/e.kosmolat.eu\/lv\/wp-json\/wp\/v2\/product\/49986","targetHints":{"allow":["GET"]}}],"collection":[{"href":"https:\/\/e.kosmolat.eu\/lv\/wp-json\/wp\/v2\/product"}],"about":[{"href":"https:\/\/e.kosmolat.eu\/lv\/wp-json\/wp\/v2\/types\/product"}],"wp:featuredmedia":[{"embeddable":true,"href":"https:\/\/e.kosmolat.eu\/lv\/wp-json\/wp\/v2\/media\/78726"}],"wp:attachment":[{"href":"https:\/\/e.kosmolat.eu\/lv\/wp-json\/wp\/v2\/media?parent=49986"}],"wp:term":[{"taxonomy":"product_cat","embeddable":true,"href":"https:\/\/e.kosmolat.eu\/lv\/wp-json\/wp\/v2\/product_cat?post=49986"},{"taxonomy":"product_tag","embeddable":true,"href":"https:\/\/e.kosmolat.eu\/lv\/wp-json\/wp\/v2\/product_tag?post=49986"}],"curies":[{"name":"wp","href":"https:\/\/api.w.org\/{rel}","templated":true}]}}