{"id":49970,"date":"2024-04-17T04:03:32","date_gmt":"2024-04-17T04:03:32","guid":{"rendered":"https:\/\/e.kosmolat.eu\/product\/dolce-vero-cukura-sals-skrubis-tiramisu-250-ml\/"},"modified":"2026-04-16T08:54:54","modified_gmt":"2026-04-16T08:54:54","slug":"dolce-vero-cukura-sals-skrubis-tiramisu-250-g","status":"publish","type":"product","link":"https:\/\/e.kosmolat.eu\/lv\/product\/dolce-vero-cukura-sals-skrubis-tiramisu-250-g\/","title":{"rendered":"&#8220;Dolce Vero&#8221; Cukura-s\u0101ls skrubis &#8220;Tiramisu&#8221;, 250 g"},"content":{"rendered":"<p>Ar \u0161\u012b sviestu un malto kafiju. Tr\u012bs vien\u0101 \u2013 att\u012br\u012b\u0161ana, \u0101das m\u012bkstin\u0101\u0161ana un pretcelul\u012bta iedarb\u012bba. Cukura-s\u0101ls skrubis ar p\u0101rsteidzo\u0161u slaven\u0101 it\u0101\u013cu deserta Tiramisu arom\u0101tu maigi att\u012bra \u0101du, no\u0146em p\u0101rragoju\u0161\u0101s \u0101das da\u013ci\u0146as un veicina celul\u012bta paz\u012bmju samazin\u0101\u0161anos. \u0100da k\u013c\u016bst neparasti maiga un gluda. Malt\u0101s kafijas da\u013ci\u0146as pal\u012bdz uzlabot asinsriti.<br \/>\n\u0160\u012b sviests mitrina, pie\u0161\u0137ir \u0101dai m\u012bkstumu un elast\u012bbu, k\u0101 ar\u012b kav\u0113 noveco\u0161an\u0101s procesus.<\/p>\n<p>Lieto\u0161ana: uzkl\u0101t uz mitr\u0101s \u0101das, viegli pamas\u0113t, nomazg\u0101t ar \u016bdeni. Lietot 1-2 reizes ned\u0113\u013c\u0101. <\/p>\n<p>Uzglab\u0101\u0161anas noteikumi: uzglab\u0101t cie\u0161i nosl\u0113gt\u0101 ra\u017eot\u0101ja iepakojum\u0101 temperat\u016br\u0101 no 0 \u00b0C l\u012bdz +25 \u00b0C un relat\u012bvaj\u0101 gaisa mitrum\u0101, kas nep\u0101rsniedz 70 %, vismaz 1 m att\u0101lum\u0101 no sildo\u0161\u0101m ier\u012bc\u0113m, izvairoties no tie\u0161iem saules stariem.<\/p>\n<p>Tikai \u0101r\u012bgai lieto\u0161anai. Ja nok\u013c\u016bst ac\u012bs, izskalot ar \u016bdeni. Nelietot skrubi uz boj\u0101tas \u0101das. Uzglab\u0101t b\u0113rniem nepieejam\u0101 viet\u0101.<\/p>\n<p>Der\u012bguma termi\u0146\u0161: 30 m\u0113ne\u0161i no izgatavo\u0161anas datuma.<\/p>\n","protected":false},"excerpt":{"rendered":"<p>Ar \u0161\u012b sviestu un malto kafiju. Tr\u012bs vien\u0101 \u2013 att\u012br\u012b\u0161ana, \u0101das m\u012bkstin\u0101\u0161ana un pretcelul\u012bta iedarb\u012bba. Cukura-s\u0101ls skrubis ar p\u0101rsteidzo\u0161u slaven\u0101 it\u0101\u013cu deserta Tiramisu arom\u0101tu maigi att\u012bra \u0101du, no\u0146em p\u0101rragoju\u0161\u0101s \u0101das da\u013ci\u0146as un veicina celul\u012bta paz\u012bmju samazin\u0101\u0161anos. \u0100da k\u013c\u016bst neparasti maiga un gluda. Malt\u0101s kafijas da\u013ci\u0146as pal\u012bdz uzlabot asinsriti. \u0160\u012b sviests mitrina, pie\u0161\u0137ir \u0101dai m\u012bkstumu un [&#8230;]\n","protected":false},"featured_media":80702,"template":"","meta":[],"product_cat":[1359],"product_tag":[],"class_list":{"0":"post-49970","1":"product","2":"type-product","3":"status-publish","4":"has-post-thumbnail","6":"product_brand-aqua-cosmetics_ua","7":"product_cat-kuno-sveitikliai-ir-pilingai","9":"first","10":"instock","11":"taxable","12":"shipping-taxable","13":"product-type-simple"},"_links":{"self":[{"href":"https:\/\/e.kosmolat.eu\/lv\/wp-json\/wp\/v2\/product\/49970","targetHints":{"allow":["GET"]}}],"collection":[{"href":"https:\/\/e.kosmolat.eu\/lv\/wp-json\/wp\/v2\/product"}],"about":[{"href":"https:\/\/e.kosmolat.eu\/lv\/wp-json\/wp\/v2\/types\/product"}],"wp:featuredmedia":[{"embeddable":true,"href":"https:\/\/e.kosmolat.eu\/lv\/wp-json\/wp\/v2\/media\/80702"}],"wp:attachment":[{"href":"https:\/\/e.kosmolat.eu\/lv\/wp-json\/wp\/v2\/media?parent=49970"}],"wp:term":[{"taxonomy":"product_cat","embeddable":true,"href":"https:\/\/e.kosmolat.eu\/lv\/wp-json\/wp\/v2\/product_cat?post=49970"},{"taxonomy":"product_tag","embeddable":true,"href":"https:\/\/e.kosmolat.eu\/lv\/wp-json\/wp\/v2\/product_tag?post=49970"}],"curies":[{"name":"wp","href":"https:\/\/api.w.org\/{rel}","templated":true}]}}