{"id":49946,"date":"2024-04-17T04:02:54","date_gmt":"2024-04-17T04:02:54","guid":{"rendered":"https:\/\/e.kosmolat.eu\/product\/a%d0%be%d0%bcau%d0%bdc%d0%b9-a%d0%be%d0%ba%d1%82%d0%bes-%d1%81%d0%beeu-ae%d1%8f-%d0%b2a%d0%bd%d0%bd-%d0%bc%d0%bes%d1%81%d0%baa%d1%8f-%d1%81-%d1%8d%d0%ba%d1%81%d1%82sa%d0%ba%d1%82a%d0%bcc-%d1%87\/"},"modified":"2025-09-20T04:15:18","modified_gmt":"2025-09-20T04:15:18","slug":"i_dd-vannas-sals-ar-sunisa-un-salvijas-ekstr-1-kg","status":"publish","type":"product","link":"https:\/\/e.kosmolat.eu\/lv\/product\/i_dd-vannas-sals-ar-sunisa-un-salvijas-ekstr-1-kg\/","title":{"rendered":"I_DD Vannas s\u0101ls ar sun\u012bsa un salvijas ekstr., 1 kg"},"content":{"rendered":"<p>Pateicoties salvijas \u0113teriskajai e\u013c\u013cai, salvijas un sun\u012b&scaron;a ekstraktiem, k\u0101 ar\u012b dab\u012bgajam j\u016bras s\u0101lim, vanno&scaron;an\u0101s proced\u016bras mazina \u0101das lob\u012b&scaron;anos un kairin\u0101jumu, uzlabo \u0101das visp\u0101r\u0113jo st\u0101vokli.<\/p>\n<ul>\n<li>Salvijas ekstrakts nomierina, nodro&scaron;ina aizsarg\u0101jo&scaron;u darb\u012bbu.&nbsp;<\/li>\n<li>Sun\u012b&scaron;a ekstrakts nedaudz sausina \u0101du, nomierina kairin\u0101jumu.<\/li>\n<li>J\u016bras s\u0101ls satur augstu vesel\u012bga \u0101das st\u0101vok\u013ca uztur\u0113&scaron;anai nepiecie&scaron;amo mikro un makroelementu koncentr\u0101ciju:<\/li>\n<li>K\u0101lijs un n\u0101trijs &ndash; regul\u0113 mitruma l\u012bmeni \u0101das &scaron;\u016bn\u0101s;<\/li>\n<li>Kalcijs &ndash; palielina elast\u012bbu un tvirtumu;<\/li>\n<li>Magnijs &ndash; pal\u0113nina noveco&scaron;an\u0101s procesus;<\/li>\n<li>Dzelzs &ndash; atjauno \u0101das tonusu;<\/li>\n<li>Sulf\u0101ta joni &ndash; uzlabo \u0101das kr\u0101su.<\/li>\n<\/ul>\n<p><strong>Lieto&scaron;ana:<\/strong> iz&scaron;\u0137\u012bdiniet 100 g s\u0101ls silt\u0101 \u016bden\u012b. Izteiktas balneolo\u0123iskas iedarb\u012bbas sasnieg&scaron;anai vien\u0101 vann\u0101 iz&scaron;\u0137\u012bdiniet l\u012bdz 500 g s\u0101ls. Vannoties 15-20 min\u016btes katru dienu vai katru otro dienu \u016bden\u012b ar t&deg; 35-39 &deg;C, p\u0113c tam noskalot \u0101du ar t\u012bru \u016bdeni. Ieteicamas 10-15 proced\u016bras.<\/p>\n<p><strong>Piesardz\u012bbas pas\u0101kumi:<\/strong> izvairieties no saskares ar ac\u012bm. Ja l\u012bdzeklis iek\u013c\u016bst ac\u012bs, nekav\u0113joties izskalojiet ar \u016bdeni. Nelietot p\u0101rtik\u0101. Iesp\u0113jama paaugstin\u0101ta individu\u0101l\u0101 jut\u012bba pret atsevi&scaron;\u0137\u0101m sast\u0101vda\u013c\u0101m.<\/p>\n<p>Uzglab\u0101t temperat\u016br\u0101 no +5 &deg;C l\u012bdz +25 &deg;C.<br \/>\n&nbsp;<\/p>\n","protected":false},"excerpt":{"rendered":"<p>Pateicoties salvijas \u0113teriskajai e\u013c\u013cai, salvijas un sun\u012b&scaron;a ekstraktiem, k\u0101 ar\u012b dab\u012bgajam j\u016bras s\u0101lim, vanno&scaron;an\u0101s proced\u016bras mazina \u0101das lob\u012b&scaron;anos un kairin\u0101jumu, uzlabo \u0101das visp\u0101r\u0113jo st\u0101vokli. Salvijas ekstrakts nomierina, nodro&scaron;ina aizsarg\u0101jo&scaron;u darb\u012bbu.&nbsp; Sun\u012b&scaron;a ekstrakts nedaudz sausina \u0101du, nomierina kairin\u0101jumu. J\u016bras s\u0101ls satur augstu vesel\u012bga \u0101das st\u0101vok\u013ca uztur\u0113&scaron;anai nepiecie&scaron;amo mikro un makroelementu koncentr\u0101ciju: K\u0101lijs un n\u0101trijs &ndash; regul\u0113 [&#8230;]\n","protected":false},"featured_media":91702,"template":"","meta":[],"product_cat":[1611],"product_tag":[],"class_list":{"0":"post-49946","1":"product","2":"type-product","3":"status-publish","4":"has-post-thumbnail","6":"product_brand-elfa_ua","7":"product_cat-1611","9":"first","10":"outofstock","11":"taxable","12":"shipping-taxable","13":"product-type-simple"},"_links":{"self":[{"href":"https:\/\/e.kosmolat.eu\/lv\/wp-json\/wp\/v2\/product\/49946","targetHints":{"allow":["GET"]}}],"collection":[{"href":"https:\/\/e.kosmolat.eu\/lv\/wp-json\/wp\/v2\/product"}],"about":[{"href":"https:\/\/e.kosmolat.eu\/lv\/wp-json\/wp\/v2\/types\/product"}],"wp:featuredmedia":[{"embeddable":true,"href":"https:\/\/e.kosmolat.eu\/lv\/wp-json\/wp\/v2\/media\/91702"}],"wp:attachment":[{"href":"https:\/\/e.kosmolat.eu\/lv\/wp-json\/wp\/v2\/media?parent=49946"}],"wp:term":[{"taxonomy":"product_cat","embeddable":true,"href":"https:\/\/e.kosmolat.eu\/lv\/wp-json\/wp\/v2\/product_cat?post=49946"},{"taxonomy":"product_tag","embeddable":true,"href":"https:\/\/e.kosmolat.eu\/lv\/wp-json\/wp\/v2\/product_tag?post=49946"}],"curies":[{"name":"wp","href":"https:\/\/api.w.org\/{rel}","templated":true}]}}