{"id":49938,"date":"2024-04-17T04:02:39","date_gmt":"2024-04-17T04:02:39","guid":{"rendered":"https:\/\/e.kosmolat.eu\/product\/za-sejas-krems-multivitaminu-250-g\/"},"modified":"2025-09-20T04:16:43","modified_gmt":"2025-09-20T04:16:43","slug":"i_za-sejas-krems-multivitaminu-250-g","status":"publish","type":"product","link":"https:\/\/e.kosmolat.eu\/lv\/product\/i_za-sejas-krems-multivitaminu-250-g\/","title":{"rendered":"I_ZA Sejas kr\u0113ms Multivitam\u012bnu, 250 g"},"content":{"rendered":"<p>Visiem \u0101das tipiem.&nbsp;Moment\u0101li mazina \u0101das savilkuma saj\u016btu. Kr\u0113mam ir viegla tekst\u016bra. Tas neatst\u0101j lip\u012bgu saj\u016btu uz \u0101das. Vitam\u012bnu kompleksam (pantenols, biot\u012bns, A un E vitam\u012bni, PP vitam\u012bns, arnika un burvju lazdas ekstrakti) piem\u012bt antioksidanta iedarb\u012bba, mitrina un uzlabo \u0101das st\u0101vokli. Kokosriekstu e\u013c\u013ca baro un atjauno dehidr\u0113tu \u0101du.<\/p>\n<p><strong>Lieto&scaron;ana:<\/strong> ar viegl\u0101m mas\u0113jo&scaron;\u0101m kust\u012bb\u0101m uzkl\u0101t no r\u012bta un\/vai vakar\u0101 uz t\u012bras, sausas sejas un kakla \u0101das.<\/p>\n<p>Satur A vitam\u012bnu. L\u016bgums pirms lieto&scaron;anas p\u0101rdom\u0101t savu dienas devu.<\/p>\n<p><strong>Piesardz\u012bbas pas\u0101kumi:<\/strong> iesp\u0113jama atsevi&scaron;\u0137u sast\u0101vda\u013cu individu\u0101la nepanesam\u012bba.<\/p>\n<p>Dermatolo\u0123iski p\u0101rbaud\u012bts.<\/p>\n<p>Uzglab\u0101t temperat\u016br\u0101 no +5&deg;C l\u012bdz + 25&deg;C.<\/p>\n","protected":false},"excerpt":{"rendered":"<p>Visiem \u0101das tipiem.&nbsp;Moment\u0101li mazina \u0101das savilkuma saj\u016btu. Kr\u0113mam ir viegla tekst\u016bra. Tas neatst\u0101j lip\u012bgu saj\u016btu uz \u0101das. Vitam\u012bnu kompleksam (pantenols, biot\u012bns, A un E vitam\u012bni, PP vitam\u012bns, arnika un burvju lazdas ekstrakti) piem\u012bt antioksidanta iedarb\u012bba, mitrina un uzlabo \u0101das st\u0101vokli. Kokosriekstu e\u013c\u013ca baro un atjauno dehidr\u0113tu \u0101du. Lieto&scaron;ana: ar viegl\u0101m mas\u0113jo&scaron;\u0101m kust\u012bb\u0101m uzkl\u0101t no r\u012bta [&#8230;]\n","protected":false},"featured_media":91726,"template":"","meta":[],"product_cat":[1320],"product_tag":[],"class_list":{"0":"post-49938","1":"product","2":"type-product","3":"status-publish","4":"has-post-thumbnail","6":"product_brand-elfa_ua","7":"product_cat-sejas-kremi","9":"first","10":"outofstock","11":"taxable","12":"shipping-taxable","13":"product-type-simple"},"_links":{"self":[{"href":"https:\/\/e.kosmolat.eu\/lv\/wp-json\/wp\/v2\/product\/49938","targetHints":{"allow":["GET"]}}],"collection":[{"href":"https:\/\/e.kosmolat.eu\/lv\/wp-json\/wp\/v2\/product"}],"about":[{"href":"https:\/\/e.kosmolat.eu\/lv\/wp-json\/wp\/v2\/types\/product"}],"wp:featuredmedia":[{"embeddable":true,"href":"https:\/\/e.kosmolat.eu\/lv\/wp-json\/wp\/v2\/media\/91726"}],"wp:attachment":[{"href":"https:\/\/e.kosmolat.eu\/lv\/wp-json\/wp\/v2\/media?parent=49938"}],"wp:term":[{"taxonomy":"product_cat","embeddable":true,"href":"https:\/\/e.kosmolat.eu\/lv\/wp-json\/wp\/v2\/product_cat?post=49938"},{"taxonomy":"product_tag","embeddable":true,"href":"https:\/\/e.kosmolat.eu\/lv\/wp-json\/wp\/v2\/product_tag?post=49938"}],"curies":[{"name":"wp","href":"https:\/\/api.w.org\/{rel}","templated":true}]}}