{"id":49910,"date":"2024-04-16T10:36:25","date_gmt":"2024-04-16T10:36:25","guid":{"rendered":"https:\/\/e.kosmolat.eu\/product\/%d0%b7%d0%b5e%d0%b5%d0%bda%d1%8f-a%d0%bf%d1%82%d0%b5%d0%baa-%d0%bcco%d0%b5ee%d1%8fs%d0%bdu%d0%b9-%d1%82%d0%be%d0%bdc%d0%ba-%d0%bc%d0%bee%d0%bea%d0%be%d1%81%d1%82u-%d0%ba%d0%beec-250%d0%bce\/"},"modified":"2025-09-20T04:16:59","modified_gmt":"2025-09-20T04:16:59","slug":"i_za-micelar-toniks-adas-jauniba-ar-vitaminu-kompl-250-ml","status":"publish","type":"product","link":"https:\/\/e.kosmolat.eu\/lv\/product\/i_za-micelar-toniks-adas-jauniba-ar-vitaminu-kompl-250-ml\/","title":{"rendered":"I_ZA Micel\u0101r. toniks \u0101das jaun\u012bba Ar vitam\u012bnu kompl., 250 ml"},"content":{"rendered":"<p>Visiem \u0101das tipiem, tai skait\u0101 jut\u012bgai \u0101dai. Satur 100% alvejas sulu, kolag\u0113nu, miner\u0101lvielas, kam\u0113lijas un mande\u013cu e\u013c\u013cas. Samazina grumbas un padara \u0101du tvirt\u0101ku. Sast\u0101v\u0101 eso&scaron;\u0101s micellas lab\u0101k att\u012bra \u0101du no net\u012brumiem nek\u0101 parastie toniki. Nekairina acis un to var izmantot grima no\u0146em&scaron;anai. Pastiprina kr\u0113ma mitrino&scaron;o iedarb\u012bbu un to nav nepiecie&scaron;ams nosklalot.&nbsp;<\/p>\n<p>Satur A vitam\u012bnu. L\u016bgums pirms lieto&scaron;anas p\u0101rdom\u0101t savu dienas devu.<\/p>\n<p><strong>Lieto&scaron;ana:<\/strong> uzkl\u0101jiet uz vates diska un maigi iemas\u0113jiet sejas \u0101d\u0101 un \u0101d\u0101 ap ac\u012bm, gar mas\u0101\u017eas l\u012bnij\u0101m.<\/p>\n<p><strong>Piesardz\u012bbas pas\u0101kumi:<\/strong> iesp\u0113jama atsevi&scaron;\u0137u sast\u0101vda\u013cu individu\u0101la nepanesam\u012bba.<\/p>\n<p>Uzglab\u0101t temperat\u016br\u0101 no +5&deg;C l\u012bdz + 25&deg;C.<\/p>\n<p><strong>Der\u012bguma termi\u0146&scaron;:<\/strong> 24 m\u0113ne&scaron;i no izgatavo&scaron;anas datuma.<br \/>\n&nbsp;<\/p>\n","protected":false},"excerpt":{"rendered":"<p>Visiem \u0101das tipiem, tai skait\u0101 jut\u012bgai \u0101dai. Satur 100% alvejas sulu, kolag\u0113nu, miner\u0101lvielas, kam\u0113lijas un mande\u013cu e\u013c\u013cas. Samazina grumbas un padara \u0101du tvirt\u0101ku. Sast\u0101v\u0101 eso&scaron;\u0101s micellas lab\u0101k att\u012bra \u0101du no net\u012brumiem nek\u0101 parastie toniki. Nekairina acis un to var izmantot grima no\u0146em&scaron;anai. Pastiprina kr\u0113ma mitrino&scaron;o iedarb\u012bbu un to nav nepiecie&scaron;ams nosklalot.&nbsp; Satur A vitam\u012bnu. L\u016bgums [&#8230;]\n","protected":false},"featured_media":91730,"template":"","meta":[],"product_cat":[1570],"product_tag":[],"class_list":{"0":"post-49910","1":"product","2":"type-product","3":"status-publish","4":"has-post-thumbnail","6":"product_brand-elfa_ua","7":"product_cat-micelinis-vanduo","9":"first","10":"outofstock","11":"taxable","12":"shipping-taxable","13":"product-type-simple"},"_links":{"self":[{"href":"https:\/\/e.kosmolat.eu\/lv\/wp-json\/wp\/v2\/product\/49910","targetHints":{"allow":["GET"]}}],"collection":[{"href":"https:\/\/e.kosmolat.eu\/lv\/wp-json\/wp\/v2\/product"}],"about":[{"href":"https:\/\/e.kosmolat.eu\/lv\/wp-json\/wp\/v2\/types\/product"}],"wp:featuredmedia":[{"embeddable":true,"href":"https:\/\/e.kosmolat.eu\/lv\/wp-json\/wp\/v2\/media\/91730"}],"wp:attachment":[{"href":"https:\/\/e.kosmolat.eu\/lv\/wp-json\/wp\/v2\/media?parent=49910"}],"wp:term":[{"taxonomy":"product_cat","embeddable":true,"href":"https:\/\/e.kosmolat.eu\/lv\/wp-json\/wp\/v2\/product_cat?post=49910"},{"taxonomy":"product_tag","embeddable":true,"href":"https:\/\/e.kosmolat.eu\/lv\/wp-json\/wp\/v2\/product_tag?post=49910"}],"curies":[{"name":"wp","href":"https:\/\/api.w.org\/{rel}","templated":true}]}}