{"id":49906,"date":"2024-04-16T10:06:25","date_gmt":"2024-04-16T10:06:25","guid":{"rendered":"https:\/\/e.kosmolat.eu\/product\/%d0%b7%d0%b5e%d0%b5%d0%bda%d1%8f-a%d0%bf%d1%82%d0%b5%d0%baa-%d0%bcco%d0%b5ee%d1%8fs%d0%bdu%d0%b9-%d1%82%d0%be%d0%bdc%d0%ba-%d0%be%d1%81%d0%b2%d0%b5eaz%d1%89c%d0%b9-250%d0%bce\/"},"modified":"2026-03-26T08:36:44","modified_gmt":"2026-03-26T08:36:44","slug":"i_za-micelar-toniks-atsvaidzinoss-ar-metejosu-efektu-250-ml","status":"publish","type":"product","link":"https:\/\/e.kosmolat.eu\/lv\/product\/i_za-micelar-toniks-atsvaidzinoss-ar-metejosu-efektu-250-ml\/","title":{"rendered":"I_ZA Micel\u0101r. toniks Atsvaidzino\u0161s Ar met\u0113jo\u0161u efektu, 250 ml"},"content":{"rendered":"<p>Kombin\u0113tai un taukainai \u0101dai. Satur 100% alvejas sulu, cinku, miner\u0101lvielas, \u012brisa un t\u0113jas koka ekstraktus. Normaliz\u0113 tauku dziedzeru darb\u012bbu. Sast\u0101v\u0101 eso&scaron;\u0101s micellas lab\u0101k att\u012bra \u0101du no net\u012brumiem nek\u0101 parastie toniki. Nekairina acis un to var izmantot grima no\u0146em&scaron;anai. Mitrina \u0101du 2 reizes vair\u0101k nek\u0101 micel\u0101rais \u016bdens. Pastiprina kr\u0113ma mitrino&scaron;o iedarb\u012bbu un to nav nepiecie&scaron;ams nosklalot.&nbsp;<\/p>\n<p><strong>Lieto&scaron;ana:<\/strong> uzkl\u0101jiet uz vates diska un maigi iemas\u0113jiet sejas \u0101d\u0101 un \u0101d\u0101 ap ac\u012bm, gar mas\u0101\u017eas l\u012bnij\u0101m.<\/p>\n<p><strong>Piesardz\u012bbas pas\u0101kumi:<\/strong> iesp\u0113jama atsevi&scaron;\u0137u sast\u0101vda\u013cu individu\u0101la nepanesam\u012bba.<\/p>\n<p>Uzglab\u0101t temperat\u016br\u0101 no +5&deg;C l\u012bdz + 25&deg;C.<\/p>\n<p><strong>Der\u012bguma termi\u0146&scaron;:<\/strong> 24 m\u0113ne&scaron;i no izgatavo&scaron;anas datuma.<br \/>\n&nbsp;<\/p>\n","protected":false},"excerpt":{"rendered":"<p>Kombin\u0113tai un taukainai \u0101dai. Satur 100% alvejas sulu, cinku, miner\u0101lvielas, \u012brisa un t\u0113jas koka ekstraktus. Normaliz\u0113 tauku dziedzeru darb\u012bbu. Sast\u0101v\u0101 eso&scaron;\u0101s micellas lab\u0101k att\u012bra \u0101du no net\u012brumiem nek\u0101 parastie toniki. Nekairina acis un to var izmantot grima no\u0146em&scaron;anai. Mitrina \u0101du 2 reizes vair\u0101k nek\u0101 micel\u0101rais \u016bdens. Pastiprina kr\u0113ma mitrino&scaron;o iedarb\u012bbu un to nav nepiecie&scaron;ams nosklalot.&nbsp; [&#8230;]\n","protected":false},"featured_media":91734,"template":"","meta":[],"product_cat":[1999],"product_tag":[],"class_list":{"0":"post-49906","1":"product","2":"type-product","3":"status-publish","4":"has-post-thumbnail","6":"product_brand-sale","7":"product_cat-bez-kategorijas","9":"first","10":"outofstock","11":"taxable","12":"shipping-taxable","13":"product-type-simple"},"_links":{"self":[{"href":"https:\/\/e.kosmolat.eu\/lv\/wp-json\/wp\/v2\/product\/49906","targetHints":{"allow":["GET"]}}],"collection":[{"href":"https:\/\/e.kosmolat.eu\/lv\/wp-json\/wp\/v2\/product"}],"about":[{"href":"https:\/\/e.kosmolat.eu\/lv\/wp-json\/wp\/v2\/types\/product"}],"wp:featuredmedia":[{"embeddable":true,"href":"https:\/\/e.kosmolat.eu\/lv\/wp-json\/wp\/v2\/media\/91734"}],"wp:attachment":[{"href":"https:\/\/e.kosmolat.eu\/lv\/wp-json\/wp\/v2\/media?parent=49906"}],"wp:term":[{"taxonomy":"product_cat","embeddable":true,"href":"https:\/\/e.kosmolat.eu\/lv\/wp-json\/wp\/v2\/product_cat?post=49906"},{"taxonomy":"product_tag","embeddable":true,"href":"https:\/\/e.kosmolat.eu\/lv\/wp-json\/wp\/v2\/product_tag?post=49906"}],"curies":[{"name":"wp","href":"https:\/\/api.w.org\/{rel}","templated":true}]}}