{"id":49902,"date":"2024-04-16T08:50:29","date_gmt":"2024-04-16T08:50:29","guid":{"rendered":"https:\/\/e.kosmolat.eu\/product\/%d0%b7%d0%b5e%d0%b5%d0%bda%d1%8f-a%d0%bf%d1%82%d0%b5%d0%baa-ua%d0%bc%d0%bf%d1%83%d0%bdu-%d0%bei%d1%8a%d0%b5%d0%bc-c-ie%d0%b5%d1%81%d0%ba-500-%d0%bce\/"},"modified":"2026-01-13T12:15:06","modified_gmt":"2026-01-13T12:15:06","slug":"i_za-sampuns-apjoms-un-spidums-500-ml","status":"publish","type":"product","link":"https:\/\/e.kosmolat.eu\/lv\/product\/i_za-sampuns-apjoms-un-spidums-500-ml\/","title":{"rendered":"I_ZA \u0160amp\u016bns Apjoms un sp\u012bdums, 500 ml"},"content":{"rendered":"<p>Nov\u0101jin\u0101tiem un trausliem matiem un matiem ar sa&scaron;\u0137eltiem matu galiem. Sniedz matiem dabisku sp\u012bdumu, atvieglo \u0137emm\u0113&scaron;anu un ir \u0113rti lietojams. Maigi att\u012bra, nesausina matus un viegli izmazg\u0101jas. AUGU IZCELSMES KOLAG\u0112NS stiprina, aizsarg\u0101 un atjauno matus, pie&scaron;\u0137irot tiem neticamu elast\u012bbu un sp\u012bdumu. Matu grezno izskatu nodro&scaron;ina sast\u0101v\u0101 eso&scaron;\u0101s 5 dab\u012bg\u0101s E\u013b\u013bAS (DAD\u017dU, OL\u012aVAS, KOKOSRIEKSTU, HOHOBAS UN AVOKADO).&nbsp;MANDE\u013bU E\u013b\u013bA labv\u0113l\u012bgi ietekm\u0113 sausus matus un galvas \u0101du, nov\u0113r&scaron; matu galu &scaron;\u0137el&scaron;anos un veicina vesel\u012bgu matu aug&scaron;anu. \u012aRISA EKSTRAKTS aizsarg\u0101 matus no UV starojuma.&nbsp;REZULT\u0100TS: elast\u012bgi, sp\u012bd\u012bgi un sp\u0113c\u012bgi mati.<\/p>\n<p><strong>Lieto&scaron;ana: <\/strong>uzkl\u0101t uz mitriem matiem, saputot, noskalot ar \u016bdeni.<\/p>\n<p><strong>Piesardz\u012bbas pas\u0101kumi:<\/strong> ja nok\u013c\u016bst ac\u012bs, izskalot ar lielu \u016bdens daudzumu. Iesp\u0113jama atsevi&scaron;\u0137u sast\u0101vda\u013cu individu\u0101la nepanesam\u012bba.<\/p>\n<p>Uzglab\u0101t temperat\u016br\u0101 no +5&deg;C l\u012bdz + 25&deg;C.<br \/>\n&nbsp;<\/p>\n","protected":false},"excerpt":{"rendered":"<p>Nov\u0101jin\u0101tiem un trausliem matiem un matiem ar sa&scaron;\u0137eltiem matu galiem. Sniedz matiem dabisku sp\u012bdumu, atvieglo \u0137emm\u0113&scaron;anu un ir \u0113rti lietojams. Maigi att\u012bra, nesausina matus un viegli izmazg\u0101jas. AUGU IZCELSMES KOLAG\u0112NS stiprina, aizsarg\u0101 un atjauno matus, pie&scaron;\u0137irot tiem neticamu elast\u012bbu un sp\u012bdumu. Matu grezno izskatu nodro&scaron;ina sast\u0101v\u0101 eso&scaron;\u0101s 5 dab\u012bg\u0101s E\u013b\u013bAS (DAD\u017dU, OL\u012aVAS, KOKOSRIEKSTU, HOHOBAS UN [&#8230;]\n","protected":false},"featured_media":91738,"template":"","meta":[],"product_cat":[1999],"product_tag":[],"class_list":{"0":"post-49902","1":"product","2":"type-product","3":"status-publish","4":"has-post-thumbnail","6":"product_brand-elfa_ua","7":"product_cat-bez-kategorijas","9":"first","10":"outofstock","11":"taxable","12":"shipping-taxable","13":"product-type-simple"},"_links":{"self":[{"href":"https:\/\/e.kosmolat.eu\/lv\/wp-json\/wp\/v2\/product\/49902","targetHints":{"allow":["GET"]}}],"collection":[{"href":"https:\/\/e.kosmolat.eu\/lv\/wp-json\/wp\/v2\/product"}],"about":[{"href":"https:\/\/e.kosmolat.eu\/lv\/wp-json\/wp\/v2\/types\/product"}],"wp:featuredmedia":[{"embeddable":true,"href":"https:\/\/e.kosmolat.eu\/lv\/wp-json\/wp\/v2\/media\/91738"}],"wp:attachment":[{"href":"https:\/\/e.kosmolat.eu\/lv\/wp-json\/wp\/v2\/media?parent=49902"}],"wp:term":[{"taxonomy":"product_cat","embeddable":true,"href":"https:\/\/e.kosmolat.eu\/lv\/wp-json\/wp\/v2\/product_cat?post=49902"},{"taxonomy":"product_tag","embeddable":true,"href":"https:\/\/e.kosmolat.eu\/lv\/wp-json\/wp\/v2\/product_tag?post=49902"}],"curies":[{"name":"wp","href":"https:\/\/api.w.org\/{rel}","templated":true}]}}