{"id":49898,"date":"2024-04-16T07:50:27","date_gmt":"2024-04-16T07:50:27","guid":{"rendered":"https:\/\/e.kosmolat.eu\/?post_type=product&#038;p=49898"},"modified":"2026-04-16T08:43:52","modified_gmt":"2026-04-16T08:43:52","slug":"ac-soft-lidzeklis-krasaino-audumu-mazgasanai-doy-pack-1-5-l","status":"publish","type":"product","link":"https:\/\/e.kosmolat.eu\/lv\/product\/ac-soft-lidzeklis-krasaino-audumu-mazgasanai-doy-pack-1-5-l\/","title":{"rendered":"AC Soft L\u012bdzeklis kr\u0101saino audumu mazg\u0101\u0161anai, doy-pack, 1.5 l"},"content":{"rendered":"<p>Piem\u0113rots da\u017e\u0101da veida dab\u012bgo, sint\u0113tisko un jaukto &scaron;\u0137iedru audumiem. \u013bauj saudz\u012bgi un efekt\u012bvi att\u012br\u012bt dr\u0113bes.<\/p>\n<p><strong>Produkta &scaron;\u0137idr\u0101 strukt\u016bra \u013cauj:<\/strong><br \/>\n&#8211; Mazg\u0101t zem\u0101 temperat\u016br\u0101;<br \/>\n&#8211; No\u0146emt vieglus traipus;<br \/>\n&#8211; Lietot mazg\u0101&scaron;anai ar rok\u0101m vai ve\u013cas ma&scaron;\u012bn\u0101s.<\/p>\n<p><strong>&Scaron;\u0137idr\u0101 ve\u013cas mazg\u0101&scaron;anas l\u012bdzek\u013ca formula iek\u013cauj:<\/strong><br \/>\n&#8211; Aktiv\u0113t\u0101js, kas uzlabo mazg\u0101&scaron;anas kvalit\u0101ti un pal\u012bdz no\u0146emt traipus;<br \/>\n&#8211; Z\u012bda prote\u012bni, kas nodro&scaron;ina audumu maigumu;<br \/>\n&#8211; \u012apa&scaron;u kompleksu kr\u0101su spilgtuma saglab\u0101&scaron;anai;<br \/>\n&#8211; Nesatur fosf\u0101tus.<\/p>\n<p><strong>Lieto&scaron;ana:<\/strong><\/p>\n<p>Mazg\u0101jot ve\u013cas ma&scaron;\u012bn\u0101 (2,5 &ndash; 3 kg, 40 &ndash; 60 &deg;C):&nbsp;m\u012bksta \u016bdens gad\u012bjum\u0101 pievienot 50 ml, vid\u0113ji cieta \u016bdens gad\u012bjum\u0101 &ndash; 80 ml, cieta \u016bdens gad\u012bjum\u0101 &ndash; 90 ml l\u012bdzek\u013ca.<br \/>\nMazg\u0101jot ar rok\u0101m (5 l \u016bdens, 40 &ndash; 60 &deg;C): m\u012bksta \u016bdens gad\u012bjum\u0101 pievienot 50 ml, vid\u0113ji cieta \u016bdens gad\u012bjum\u0101 &ndash; 50 ml, cieta \u016bdens gad\u012bjum\u0101 &ndash; 60 ml l\u012bdzek\u013ca.<br \/>\nM\u0113rc\u0113jot ve\u013cu (5 l \u016bdens, 20 &ndash; 40 &deg;C): m\u012bksta \u016bdens gad\u012bjum\u0101 pievienot 45 ml, vid\u0113ji cieta \u016bdens gad\u012bjum\u0101 &ndash; 45 ml, cieta \u016bdens gad\u012bjum\u0101 &ndash; 50 ml l\u012bdzek\u013ca.<br \/>\nStipru net\u012brumu gad\u012bjum\u0101 pievienot v\u0113l &frac12; no nor\u0101d\u012bt\u0101s devas. Nav ieteicams m\u0113rc\u0113t stipri kr\u0101sojo&scaron;us audumus. Lai no\u0146emtu vieglus traipus, uzkl\u0101jiet nelielu daudzumu tie&scaron;i uz traipa pirms mazg\u0101&scaron;anas un \u013caujiet iedarboties 1,5 &#8211; 2 stundas.<\/p>\n<p>Piesardz\u012bbas pas\u0101kumi: lieto&scaron;anas laik\u0101 iev\u0113rojiet ap\u0123\u0113rba ra\u017eot\u0101ja nor\u0101d\u012bjumus un l\u012bdzek\u013ca lieto&scaron;anas ieteikumus. Lietot, k\u0101 nor\u0101d\u012bts.<\/p>\n<p><strong>Sast\u0101v\u0101: <\/strong>5 % un vair\u0101k, bet maz\u0101k nek\u0101 15 % &nbsp;anjonu virsmakt\u012bvaj\u0101s viel\u0101s, &nbsp;maz\u0101k par 5 % nejonu virsmakt\u012bvu vielu, maz\u0101k par 5 % ziepju, maz\u0101k par 5 % fosfon\u0101tu, maz\u0101k par 5 % EDTA un t\u0101s s\u0101\u013cu. Fermenti. Smar\u017eas un arom\u0101tisk\u0101s kompoz\u012bcijas. Konservanti\/ BENZISOTHIAZOLINONE, METHYLISOTHIAZOLINONE. Kr\u0101svielas: CI 14700, CI 15985.<\/p>\n<p><strong><img decoding=\"async\" alt=\"\" src=\"file:\/\/\/C:\/Users\/masha\/Desktop\/GHS05.jpg\" style=\"height:40px; width:40px\" \/>GHS05 B\u012bstami<\/strong><br \/>\n<strong>H318<\/strong> Izraisa nopietnus acu boj\u0101jumus.<br \/>\n<strong>H315<\/strong> Kairina \u0101du<\/p>\n<p>P102 Sarg\u0101t no b\u0113rniem.<br \/>\nP264 P\u0113c izmanto&scaron;anas rokas k\u0101rt\u012bgi nomazg\u0101t.<br \/>\nP280 Izmantot aizsargcimdus\/acu aizsargus\/sejas aizsargus.<br \/>\nP305+P351+P338 Saskar\u0113 ar ac\u012bm: Uzman\u012bgi izskalot ar \u016bdeni vair\u0101kas min\u016btes. Iz\u0146emt kontaktl\u0113cas, ja t\u0101s ir ievietotas un ja to var vienk\u0101r&scaron;i izdar\u012bt. Turpin\u0101t skalot.<br \/>\nP310 Nekav\u0113joties sazinieties ar saind\u0113&scaron;an\u0101s inform\u0101cijas centru vai \u0101rstu (ja iesp\u0113jams, uzr\u0101d\u012bt mar\u0137\u0113jumu).<br \/>\nP302+P352 Saskar\u0113 ar \u0101du: nomazg\u0101t ar lielu ziepju un \u016bdens daudzumu. &nbsp;&nbsp;<br \/>\nP332+P313 Ja rodas \u0101das iekaisums: l\u016bdziet medi\u0137u pal\u012bdz\u012bbu.<br \/>\nP321 \u012apa&scaron;a medic\u012bnisk\u0101 pal\u012bdz\u012bba (skat. uz &scaron;\u012bs eti\u0137etes).<br \/>\nP362+P364 Novilkt pies\u0101r\u0146oto ap\u0123\u0113rbu un pirms atk\u0101rtotas lieto&scaron;anas izmazg\u0101t.<br \/>\n&nbsp;<\/p>\n","protected":false},"excerpt":{"rendered":"<p>Piem\u0113rots da\u017e\u0101da veida dab\u012bgo, sint\u0113tisko un jaukto &scaron;\u0137iedru audumiem. \u013bauj saudz\u012bgi un efekt\u012bvi att\u012br\u012bt dr\u0113bes. Produkta &scaron;\u0137idr\u0101 strukt\u016bra \u013cauj: &#8211; Mazg\u0101t zem\u0101 temperat\u016br\u0101; &#8211; No\u0146emt vieglus traipus; &#8211; Lietot mazg\u0101&scaron;anai ar rok\u0101m vai ve\u013cas ma&scaron;\u012bn\u0101s. &Scaron;\u0137idr\u0101 ve\u013cas mazg\u0101&scaron;anas l\u012bdzek\u013ca formula iek\u013cauj: &#8211; Aktiv\u0113t\u0101js, kas uzlabo mazg\u0101&scaron;anas kvalit\u0101ti un pal\u012bdz no\u0146emt traipus; &#8211; Z\u012bda prote\u012bni, kas [&#8230;]\n","protected":false},"featured_media":92514,"template":"","meta":[],"product_cat":[1481],"product_tag":[],"class_list":{"0":"post-49898","1":"product","2":"type-product","3":"status-publish","4":"has-post-thumbnail","6":"product_brand-aqua-cosmetics_ua","7":"product_cat-velas-mazgasanas-lidzekli","9":"first","10":"instock","11":"taxable","12":"shipping-taxable","13":"product-type-simple"},"_links":{"self":[{"href":"https:\/\/e.kosmolat.eu\/lv\/wp-json\/wp\/v2\/product\/49898","targetHints":{"allow":["GET"]}}],"collection":[{"href":"https:\/\/e.kosmolat.eu\/lv\/wp-json\/wp\/v2\/product"}],"about":[{"href":"https:\/\/e.kosmolat.eu\/lv\/wp-json\/wp\/v2\/types\/product"}],"wp:featuredmedia":[{"embeddable":true,"href":"https:\/\/e.kosmolat.eu\/lv\/wp-json\/wp\/v2\/media\/92514"}],"wp:attachment":[{"href":"https:\/\/e.kosmolat.eu\/lv\/wp-json\/wp\/v2\/media?parent=49898"}],"wp:term":[{"taxonomy":"product_cat","embeddable":true,"href":"https:\/\/e.kosmolat.eu\/lv\/wp-json\/wp\/v2\/product_cat?post=49898"},{"taxonomy":"product_tag","embeddable":true,"href":"https:\/\/e.kosmolat.eu\/lv\/wp-json\/wp\/v2\/product_tag?post=49898"}],"curies":[{"name":"wp","href":"https:\/\/api.w.org\/{rel}","templated":true}]}}