{"id":49872,"date":"2024-04-16T04:10:14","date_gmt":"2024-04-16T04:10:14","guid":{"rendered":"https:\/\/e.kosmolat.eu\/product\/n-tonika-6-5-tonejoss-balzams-kanelis-150-ml\/"},"modified":"2025-09-19T18:43:24","modified_gmt":"2025-09-19T18:43:24","slug":"n-tonika-6-5-tonejoss-balzams-kanelis-150-ml","status":"publish","type":"product","link":"https:\/\/e.kosmolat.eu\/lv\/product\/n-tonika-6-5-tonejoss-balzams-kanelis-150-ml\/","title":{"rendered":"N TONIKA  6.5 Ton\u0113jo\u0161s balzams Kan\u0113lis, 150 ml"},"content":{"rendered":"<\/p>\n","protected":false},"excerpt":{"rendered":"","protected":false},"featured_media":82062,"template":"","meta":[],"product_cat":[1297],"product_tag":[],"class_list":{"0":"post-49872","1":"product","2":"type-product","3":"status-publish","4":"has-post-thumbnail","6":"product_brand-vecie-kodi","7":"product_cat-matu-tonesanas-lidzekli","9":"first","10":"outofstock","11":"taxable","12":"shipping-taxable","13":"product-type-simple"},"_links":{"self":[{"href":"https:\/\/e.kosmolat.eu\/lv\/wp-json\/wp\/v2\/product\/49872","targetHints":{"allow":["GET"]}}],"collection":[{"href":"https:\/\/e.kosmolat.eu\/lv\/wp-json\/wp\/v2\/product"}],"about":[{"href":"https:\/\/e.kosmolat.eu\/lv\/wp-json\/wp\/v2\/types\/product"}],"wp:featuredmedia":[{"embeddable":true,"href":"https:\/\/e.kosmolat.eu\/lv\/wp-json\/wp\/v2\/media\/82062"}],"wp:attachment":[{"href":"https:\/\/e.kosmolat.eu\/lv\/wp-json\/wp\/v2\/media?parent=49872"}],"wp:term":[{"taxonomy":"product_cat","embeddable":true,"href":"https:\/\/e.kosmolat.eu\/lv\/wp-json\/wp\/v2\/product_cat?post=49872"},{"taxonomy":"product_tag","embeddable":true,"href":"https:\/\/e.kosmolat.eu\/lv\/wp-json\/wp\/v2\/product_tag?post=49872"}],"curies":[{"name":"wp","href":"https:\/\/api.w.org\/{rel}","templated":true}]}}