{"id":49864,"date":"2024-04-16T04:09:51","date_gmt":"2024-04-16T04:09:51","guid":{"rendered":"https:\/\/e.kosmolat.eu\/product\/n-tonika-1-0-tonejoss-balzams-melns-150-ml\/"},"modified":"2025-09-19T18:43:09","modified_gmt":"2025-09-19T18:43:09","slug":"n-tonika-1-0-tonejoss-balzams-melns-150-ml","status":"publish","type":"product","link":"https:\/\/e.kosmolat.eu\/lv\/product\/n-tonika-1-0-tonejoss-balzams-melns-150-ml\/","title":{"rendered":"N TONIKA  1.0  Ton\u0113jo\u0161s balzams Melns, 150 ml"},"content":{"rendered":"<\/p>\n<p>Tum\u0161i blondiem, gai\u0161i br\u016bniem un melniem matiem<\/p>\n<p>Tas pie\u0161\u0137irs matiem dzi\u013cu nokr\u0101su, uzsv\u0113rs matu dabisko skaistumu.<\/p>\n<p>Pateicoties perfekti saska\u0146otu pigmentu kombin\u0101cijai, ton\u0113tais matu balzams nodro\u0161ina maigu toniz\u0101ciju. Akt\u012bv\u0101s sast\u0101vda\u013cas atvieglo matu \u0137emm\u0113\u0161anu un mitrin\u0101\u0161anu.<\/p>\n<p>\u00a0\u00a0\u00a0 Balzama b\u0101ze, notur\u012bga kr\u0101sa. Mazg\u0101jot ar \u0161amp\u016bnu, to pamaz\u0101m nomazg\u0101.<br \/>\u00a0\u00a0\u00a0 Satur dab\u012bgas sast\u0101vda\u013cas: bi\u0161u vasku, linu s\u0113klu ekstraktu, F vitam\u012bnu.<br \/>\u00a0\u00a0\u00a0 Nesatur amonjaku, formaldeh\u012bdu, persulf\u0101tus, peroks\u012bdu un spirtu.<br \/>\u00a0\u00a0\u00a0 Nav test\u0113ts ar dz\u012bvniekiem<\/p>\n","protected":false},"excerpt":{"rendered":"<p>Tum\u0161i blondiem, gai\u0161i br\u016bniem un melniem matiem Tas pie\u0161\u0137irs matiem dzi\u013cu nokr\u0101su, uzsv\u0113rs matu dabisko skaistumu. Pateicoties perfekti saska\u0146otu pigmentu kombin\u0101cijai, ton\u0113tais matu balzams nodro\u0161ina maigu toniz\u0101ciju. Akt\u012bv\u0101s sast\u0101vda\u013cas atvieglo matu \u0137emm\u0113\u0161anu un mitrin\u0101\u0161anu. \u00a0\u00a0\u00a0 Balzama b\u0101ze, notur\u012bga kr\u0101sa. Mazg\u0101jot ar \u0161amp\u016bnu, to pamaz\u0101m nomazg\u0101.\u00a0\u00a0\u00a0 Satur dab\u012bgas sast\u0101vda\u013cas: bi\u0161u vasku, linu s\u0113klu ekstraktu, F vitam\u012bnu.\u00a0\u00a0\u00a0 [&#8230;]\n","protected":false},"featured_media":82058,"template":"","meta":[],"product_cat":[1300],"product_tag":[],"class_list":{"0":"post-49864","1":"product","2":"type-product","3":"status-publish","4":"has-post-thumbnail","6":"product_brand-vecie-kodi","7":"product_cat-1300","9":"first","10":"outofstock","11":"taxable","12":"shipping-taxable","13":"product-type-simple"},"_links":{"self":[{"href":"https:\/\/e.kosmolat.eu\/lv\/wp-json\/wp\/v2\/product\/49864","targetHints":{"allow":["GET"]}}],"collection":[{"href":"https:\/\/e.kosmolat.eu\/lv\/wp-json\/wp\/v2\/product"}],"about":[{"href":"https:\/\/e.kosmolat.eu\/lv\/wp-json\/wp\/v2\/types\/product"}],"wp:featuredmedia":[{"embeddable":true,"href":"https:\/\/e.kosmolat.eu\/lv\/wp-json\/wp\/v2\/media\/82058"}],"wp:attachment":[{"href":"https:\/\/e.kosmolat.eu\/lv\/wp-json\/wp\/v2\/media?parent=49864"}],"wp:term":[{"taxonomy":"product_cat","embeddable":true,"href":"https:\/\/e.kosmolat.eu\/lv\/wp-json\/wp\/v2\/product_cat?post=49864"},{"taxonomy":"product_tag","embeddable":true,"href":"https:\/\/e.kosmolat.eu\/lv\/wp-json\/wp\/v2\/product_tag?post=49864"}],"curies":[{"name":"wp","href":"https:\/\/api.w.org\/{rel}","templated":true}]}}